{"id":1165,"date":"2025-05-08T08:58:41","date_gmt":"2025-05-08T08:58:41","guid":{"rendered":"https:\/\/xavitanyaserveisintegrals.com\/?page_id=1165"},"modified":"2025-05-08T09:05:21","modified_gmt":"2025-05-08T09:05:21","slug":"reformes-integrals-sabadell","status":"publish","type":"page","link":"https:\/\/xavitanyaserveisintegrals.com\/es\/reformes-integrals-sabadell\/","title":{"rendered":"Reformas integrales Sabadell"},"content":{"rendered":"<div data-elementor-type=\"wp-page\" data-elementor-id=\"1165\" class=\"elementor elementor-1165\" data-elementor-post-type=\"page\">\n\t\t\t\t<div class=\"elementor-element elementor-element-5a8448b e-flex e-con-boxed e-con e-parent\" data-id=\"5a8448b\" data-element_type=\"container\" data-settings=\"{&quot;background_background&quot;:&quot;classic&quot;}\">\n\t\t\t\t\t<div class=\"e-con-inner\">\n\t\t<div class=\"elementor-element elementor-element-57e6bb0 e-con-full e-flex e-con e-child\" data-id=\"57e6bb0\" data-element_type=\"container\">\n\t\t\t\t<div class=\"elementor-element elementor-element-aa64fb4 elementor-widget__width-initial elementor-widget elementor-widget-heading\" data-id=\"aa64fb4\" data-element_type=\"widget\" data-widget_type=\"heading.default\">\n\t\t\t\t\t<h2 class=\"elementor-heading-title elementor-size-default\">Reformas integrales Sabadell<\/h2>\t\t\t\t<\/div>\n\t\t\t\t<\/div>\n\t\t\t\t\t<\/div>\n\t\t\t\t<\/div>\n\t\t<div class=\"elementor-element elementor-element-bf22613 e-flex e-con-boxed e-con e-parent\" data-id=\"bf22613\" data-element_type=\"container\">\n\t\t\t\t\t<div class=\"e-con-inner\">\n\t\t<div class=\"elementor-element elementor-element-9efeabe e-flex e-con-boxed e-con e-child\" data-id=\"9efeabe\" data-element_type=\"container\">\n\t\t\t\t\t<div class=\"e-con-inner\">\n\t\t<div class=\"elementor-element elementor-element-e745298 e-con-full e-flex e-con e-child\" data-id=\"e745298\" data-element_type=\"container\">\n\t\t\t\t<div class=\"elementor-element elementor-element-372fe09 elementor-invisible elementor-widget elementor-widget-image\" data-id=\"372fe09\" data-element_type=\"widget\" data-settings=\"{&quot;_animation&quot;:&quot;fadeInUp&quot;}\" data-widget_type=\"image.default\">\n\t\t\t\t\t\t\t\t\t\t\t\t\t\t\t<img fetchpriority=\"high\" decoding=\"async\" width=\"2000\" height=\"1414\" src=\"https:\/\/xavitanyaserveisintegrals.com\/wp-content\/uploads\/2025\/05\/landing-2.jpg\" class=\"attachment-full size-full wp-image-1152\" alt=\"\" srcset=\"https:\/\/xavitanyaserveisintegrals.com\/wp-content\/uploads\/2025\/05\/landing-2.jpg 2000w, https:\/\/xavitanyaserveisintegrals.com\/wp-content\/uploads\/2025\/05\/landing-2-300x212.jpg 300w, https:\/\/xavitanyaserveisintegrals.com\/wp-content\/uploads\/2025\/05\/landing-2-1024x724.jpg 1024w, https:\/\/xavitanyaserveisintegrals.com\/wp-content\/uploads\/2025\/05\/landing-2-768x543.jpg 768w, https:\/\/xavitanyaserveisintegrals.com\/wp-content\/uploads\/2025\/05\/landing-2-1536x1086.jpg 1536w\" sizes=\"(max-width: 2000px) 100vw, 2000px\" \/>\t\t\t\t\t\t\t\t\t\t\t\t\t\t\t<\/div>\n\t\t\t\t<\/div>\n\t\t\t\t<div class=\"elementor-element elementor-element-993a3a9 elementor-hidden-mobile elementor-invisible elementor-widget elementor-widget-image\" data-id=\"993a3a9\" data-element_type=\"widget\" data-settings=\"{&quot;_animation&quot;:&quot;fadeInDown&quot;}\" data-widget_type=\"image.default\">\n\t\t\t\t\t\t\t\t\t\t\t\t\t\t\t<img decoding=\"async\" width=\"2000\" height=\"1414\" src=\"https:\/\/xavitanyaserveisintegrals.com\/wp-content\/uploads\/2025\/05\/landing-3.jpg\" class=\"attachment-full size-full wp-image-1153\" alt=\"\" srcset=\"https:\/\/xavitanyaserveisintegrals.com\/wp-content\/uploads\/2025\/05\/landing-3.jpg 2000w, https:\/\/xavitanyaserveisintegrals.com\/wp-content\/uploads\/2025\/05\/landing-3-300x212.jpg 300w, https:\/\/xavitanyaserveisintegrals.com\/wp-content\/uploads\/2025\/05\/landing-3-1024x724.jpg 1024w, https:\/\/xavitanyaserveisintegrals.com\/wp-content\/uploads\/2025\/05\/landing-3-768x543.jpg 768w, https:\/\/xavitanyaserveisintegrals.com\/wp-content\/uploads\/2025\/05\/landing-3-1536x1086.jpg 1536w\" sizes=\"(max-width: 2000px) 100vw, 2000px\" \/>\t\t\t\t\t\t\t\t\t\t\t\t\t\t\t<\/div>\n\t\t\t\t\t<\/div>\n\t\t\t\t<\/div>\n\t\t<div class=\"elementor-element elementor-element-23e2871 animated-slow e-flex e-con-boxed elementor-invisible e-con e-child\" data-id=\"23e2871\" data-element_type=\"container\" data-settings=\"{&quot;animation&quot;:&quot;fadeInUp&quot;}\">\n\t\t\t\t\t<div class=\"e-con-inner\">\n\t\t\t\t<div class=\"elementor-element elementor-element-c41c1af elementor-invisible elementor-widget elementor-widget-heading\" data-id=\"c41c1af\" data-element_type=\"widget\" data-settings=\"{&quot;_animation&quot;:&quot;fadeInDown&quot;}\" data-widget_type=\"heading.default\">\n\t\t\t\t\t<h2 class=\"elementor-heading-title elementor-size-default\">Reformas integrales en Sabadell con servicios t\u00e9cnicos especializados y gesti\u00f3n integral de proyectos\n<\/h2>\t\t\t\t<\/div>\n\t\t\t\t<div class=\"elementor-element elementor-element-4a83175 elementor-widget elementor-widget-text-editor\" data-id=\"4a83175\" data-element_type=\"widget\" data-widget_type=\"text-editor.default\">\n\t\t\t\t\t\t\t\t\t<p data-start=\"318\" data-end=\"834\">En <strong data-start=\"320\" data-end=\"352\">Xavi Tany\u00e0 Servicios Integrales<\/strong> somos especialistas en <strong data-start=\"374\" data-end=\"407\">reformas integrales en Sabadell<\/strong>, ofreciendo soluciones globales para transformar cualquier espacio en un entorno funcional, est\u00e9tico y eficiente. Con m\u00e1s de 30 a\u00f1os de experiencia en el sector de la construcci\u00f3n y reformas, ponemos a disposici\u00f3n de nuestros clientes un equipo de profesionales altamente cualificados que se encarga de todo el proceso: desde la planificaci\u00f3n inicial hasta la entrega final del proyecto, cuidando cada detalle para garantizar resultados impecables.<\/p>\n<p data-start=\"836\" data-end=\"1298\">Realizamos <strong>reformas integrales<\/strong> en viviendas, oficinas, comunidades de vecinos, locales comerciales y naves industriales, adapt\u00e1ndonos a las necesidades espec\u00edficas de cada espacio y cliente. Ofrecemos servicios de renovaci\u00f3n de cocinas y ba\u00f1os, cambios de distribuci\u00f3n, sustituci\u00f3n de instalaciones antiguas, aplicaci\u00f3n de revestimientos modernos y mucho m\u00e1s. Utilizamos materiales de primera calidad, siempre con un enfoque hacia la durabilidad, confort y dise\u00f1o contempor\u00e1neo.<\/p>\n<p data-start=\"1300\" data-end=\"1619\">Nuestro objetivo es hacer realidad tu idea de espacio ideal, con un servicio 100% personalizado, asesoramiento t\u00e9cnico desde el primer d\u00eda y un constante acompa\u00f1amiento durante toda la reforma. Adem\u00e1s, nos encargamos de la gesti\u00f3n de licencias, permisos de obras y coordinaci\u00f3n de gremios para que no tengas que preocuparte de nada.<\/p>\n<p data-start=\"1621\" data-end=\"1867\">Con<strong> Xavi Tany\u00e0 Servicios Integrales<\/strong>, cada proyecto de <strong data-start=\"1672\" data-end=\"1703\">reforma integral en Sabadell<\/strong> se convierte en una oportunidad para mejorar la calidad de vida, aumentar el valor del inmueble y optimizar la eficiencia energ\u00e9tica de tu vivienda o negocio.<\/p>\t\t\t\t\t\t\t\t<\/div>\n\t\t\t\t\t<\/div>\n\t\t\t\t<\/div>\n\t\t\t\t\t<\/div>\n\t\t\t\t<\/div>\n\t\t<div class=\"elementor-element elementor-element-737f088 e-flex e-con-boxed e-con e-parent\" data-id=\"737f088\" data-element_type=\"container\">\n\t\t\t\t\t<div class=\"e-con-inner\">\n\t\t<div class=\"elementor-element elementor-element-b55c337 e-con-full e-flex e-con e-child\" data-id=\"b55c337\" data-element_type=\"container\">\n\t\t<div class=\"elementor-element elementor-element-947a16a animated-slow e-con-full e-flex elementor-invisible e-con e-child\" data-id=\"947a16a\" data-element_type=\"container\" data-settings=\"{&quot;animation&quot;:&quot;fadeInUp&quot;}\">\n\t\t\t\t<div class=\"elementor-element elementor-element-c91809d elementor-invisible elementor-widget elementor-widget-heading\" data-id=\"c91809d\" data-element_type=\"widget\" data-settings=\"{&quot;_animation&quot;:&quot;fadeInDown&quot;}\" data-widget_type=\"heading.default\">\n\t\t\t\t\t<h2 class=\"elementor-heading-title elementor-size-default\">Compromiso de calidad en reformas integrales en Sabadell<\/h2>\t\t\t\t<\/div>\n\t\t\t\t<div class=\"elementor-element elementor-element-a4be3ff elementor-widget elementor-widget-text-editor\" data-id=\"a4be3ff\" data-element_type=\"widget\" data-widget_type=\"text-editor.default\">\n\t\t\t\t\t\t\t\t\t<p data-start=\"1957\" data-end=\"2292\">Nuestro compromiso con la calidad va mucho m\u00e1s all\u00e1 de la cuidada ejecuci\u00f3n de las obras. En <strong data-start=\"2049\" data-end=\"2081\">Xavi Tany\u00e0 Servicios Integrales<\/strong>, entendemos que hacer <strong data-start=\"2099\" data-end=\"2132\">reformas integrales en Sabadell<\/strong> tambi\u00e9n implica cuidar el medio ambiente y apostar por un futuro m\u00e1s sostenible. Por eso, integramos sistemas de eficiencia energ\u00e9tica en cada proyecto, como:<\/p>\n<ul data-start=\"2294\" data-end=\"2606\">\n<li data-start=\"2294\" data-end=\"2349\">\n<p data-start=\"2296\" data-end=\"2349\">Instalaci\u00f3n de <strong data-start=\"2312\" data-end=\"2332\">iluminaci\u00f3n LED<\/strong> de alto rendimiento.<\/p>\n<\/li>\n<li data-start=\"2350\" data-end=\"2405\">\n<p data-start=\"2352\" data-end=\"2405\">Sistemas de <strong data-start=\"2364\" data-end=\"2391\">climatizaci\u00f3n eficientes<\/strong> y aerotermia.<\/p>\n<\/li>\n<li data-start=\"2406\" data-end=\"2460\">\n<p data-start=\"2408\" data-end=\"2460\"><strong data-start=\"2408\" data-end=\"2441\">Aislamientos t\u00e9rmicos y ac\u00fasticos<\/strong> de nueva generaci\u00f3n.<\/p>\n<\/li>\n<li data-start=\"2461\" data-end=\"2541\">\n<p data-start=\"2463\" data-end=\"2541\">Sustituci\u00f3n de electrodom\u00e9sticos y sistemas antiguos por alternativas sostenibles.<\/p>\n<\/li>\n<li data-start=\"2542\" data-end=\"2606\">\n<p data-start=\"2544\" data-end=\"2606\">Instalaci\u00f3n de <strong data-start=\"2560\" data-end=\"2578\">placas solares<\/strong> para autoconsumo energ\u00e9tico.<\/p>\n<\/li>\n<\/ul>\n<p data-start=\"2608\" data-end=\"2891\">Trabajamos siempre con proveedores y fabricantes de confianza que comparten nuestra visi\u00f3n de sostenibilidad y calidad. Adem\u00e1s, ofrecemos <strong data-start=\"2743\" data-end=\"2791\">servicios de mantenimiento preventivo y correctivo<\/strong> para garantizar que todas las instalaciones sigan funcionando de forma \u00f3ptima a lo largo del tiempo.<\/p>\n<p data-start=\"2893\" data-end=\"3199\">La satisfacci\u00f3n de nuestros clientes es nuestra prioridad. Trabajamos con transparencia, presupuestos claros y sin sorpresas, y un trato cercano y profesional. Estamos a tu lado en cada fase del proyecto, escuch\u00e1ndote, asesor\u00e1ndote y ofreciendo soluciones innovadoras y adaptadas a tus necesidades.<\/p>\n<p data-start=\"3201\" data-end=\"3417\">Si est\u00e1s pensando en renovar un espacio y quieres hacerlo con una empresa de confianza, con valores claros y larga trayectoria, nosotros somos tu mejor opci\u00f3n para<strong data-start=\"3324\" data-end=\"3416\"> reformas integrales en Sabadell<\/strong>.<\/p>\t\t\t\t\t\t\t\t<\/div>\n\t\t\t\t<\/div>\n\t\t\t\t<\/div>\n\t\t<div class=\"elementor-element elementor-element-9fe703e e-con-full e-flex e-con e-child\" data-id=\"9fe703e\" data-element_type=\"container\">\n\t\t<div class=\"elementor-element elementor-element-ddfaebc e-con-full e-flex e-con e-child\" data-id=\"ddfaebc\" data-element_type=\"container\">\n\t\t<div class=\"elementor-element elementor-element-cb2cd91 e-con-full e-flex e-con e-child\" data-id=\"cb2cd91\" data-element_type=\"container\">\n\t\t\t\t<div class=\"elementor-element elementor-element-b355994 elementor-invisible elementor-widget elementor-widget-image\" data-id=\"b355994\" data-element_type=\"widget\" data-settings=\"{&quot;_animation&quot;:&quot;fadeInUp&quot;}\" data-widget_type=\"image.default\">\n\t\t\t\t\t\t\t\t\t\t\t\t\t\t\t<img decoding=\"async\" width=\"2000\" height=\"1414\" src=\"https:\/\/xavitanyaserveisintegrals.com\/wp-content\/uploads\/2025\/05\/landing-4.jpg\" class=\"attachment-full size-full wp-image-1154\" alt=\"\" srcset=\"https:\/\/xavitanyaserveisintegrals.com\/wp-content\/uploads\/2025\/05\/landing-4.jpg 2000w, https:\/\/xavitanyaserveisintegrals.com\/wp-content\/uploads\/2025\/05\/landing-4-300x212.jpg 300w, https:\/\/xavitanyaserveisintegrals.com\/wp-content\/uploads\/2025\/05\/landing-4-1024x724.jpg 1024w, https:\/\/xavitanyaserveisintegrals.com\/wp-content\/uploads\/2025\/05\/landing-4-768x543.jpg 768w, https:\/\/xavitanyaserveisintegrals.com\/wp-content\/uploads\/2025\/05\/landing-4-1536x1086.jpg 1536w\" sizes=\"(max-width: 2000px) 100vw, 2000px\" \/>\t\t\t\t\t\t\t\t\t\t\t\t\t\t\t<\/div>\n\t\t\t\t<\/div>\n\t\t\t\t<div class=\"elementor-element elementor-element-8e6e2de elementor-hidden-mobile elementor-invisible elementor-widget elementor-widget-image\" data-id=\"8e6e2de\" data-element_type=\"widget\" data-settings=\"{&quot;_animation&quot;:&quot;fadeInDown&quot;}\" data-widget_type=\"image.default\">\n\t\t\t\t\t\t\t\t\t\t\t\t\t\t\t<img loading=\"lazy\" decoding=\"async\" width=\"2000\" height=\"1414\" src=\"https:\/\/xavitanyaserveisintegrals.com\/wp-content\/uploads\/2025\/05\/landing-1.jpg\" class=\"attachment-full size-full wp-image-1155\" alt=\"\" srcset=\"https:\/\/xavitanyaserveisintegrals.com\/wp-content\/uploads\/2025\/05\/landing-1.jpg 2000w, https:\/\/xavitanyaserveisintegrals.com\/wp-content\/uploads\/2025\/05\/landing-1-300x212.jpg 300w, https:\/\/xavitanyaserveisintegrals.com\/wp-content\/uploads\/2025\/05\/landing-1-1024x724.jpg 1024w, https:\/\/xavitanyaserveisintegrals.com\/wp-content\/uploads\/2025\/05\/landing-1-768x543.jpg 768w, https:\/\/xavitanyaserveisintegrals.com\/wp-content\/uploads\/2025\/05\/landing-1-1536x1086.jpg 1536w\" sizes=\"(max-width: 2000px) 100vw, 2000px\" \/>\t\t\t\t\t\t\t\t\t\t\t\t\t\t\t<\/div>\n\t\t\t\t<\/div>\n\t\t\t\t<\/div>\n\t\t\t\t\t<\/div>\n\t\t\t\t<\/div>\n\t\t<div class=\"elementor-element elementor-element-57d6e0f e-flex e-con-boxed e-con e-parent\" data-id=\"57d6e0f\" data-element_type=\"container\" data-settings=\"{&quot;background_background&quot;:&quot;classic&quot;}\">\n\t\t\t\t\t<div class=\"e-con-inner\">\n\t\t<div class=\"elementor-element elementor-element-8d1b89f e-con-full e-flex e-con e-child\" data-id=\"8d1b89f\" data-element_type=\"container\">\n\t\t\t\t<div class=\"elementor-element elementor-element-b2cf60d elementor-widget elementor-widget-heading\" data-id=\"b2cf60d\" data-element_type=\"widget\" data-widget_type=\"heading.default\">\n\t\t\t\t\t<h2 class=\"elementor-heading-title elementor-size-default\">Cont\u00e1ctanos: Estamos aqu\u00ed para ayudarte<\/h2>\t\t\t\t<\/div>\n\t\t\t\t<div class=\"elementor-element elementor-element-786a9a8 elementor-widget elementor-widget-text-editor\" data-id=\"786a9a8\" data-element_type=\"widget\" data-widget_type=\"text-editor.default\">\n\t\t\t\t\t\t\t\t\t<p><span style=\"font-weight: 400;\"><span style=\"vertical-align: inherit;\"><span style=\"vertical-align: inherit;\">En Xavi Tany\u00e0 Serveis Integrals, queremos facilitarte al m\u00e1ximo la comunicaci\u00f3n con nosotros. Ya sea para solicitar un presupuesto, resolver cualquier duda o realizar una consulta sobre nuestros servicios, estamos disponibles para atenderlo r\u00e1pidamente.<\/span><\/span><\/span><\/p>\t\t\t\t\t\t\t\t<\/div>\n\t\t<div class=\"elementor-element elementor-element-e29b805 e-grid e-con-full e-con e-child\" data-id=\"e29b805\" data-element_type=\"container\">\n\t\t\t\t<div class=\"elementor-element elementor-element-20af737 jkit-equal-height-disable elementor-widget elementor-widget-jkit_icon_box\" data-id=\"20af737\" data-element_type=\"widget\" data-widget_type=\"jkit_icon_box.default\">\n\t\t\t\t<div class=\"elementor-widget-container\">\n\t\t\t\t\t<div  class=\"jeg-elementor-kit jkit-icon-box icon-position-left elementor-animation- jeg_module___69ee57623fe22\" ><div class=\"jkit-icon-box-wrapper hover-from-left\"><div class=\"icon-box icon-box-header elementor-animation-\"><div class=\"icon style-color\"><i aria-hidden=\"true\" class=\"jki jki-cityscape-light\"><\/i><\/div><\/div><div class=\"icon-box icon-box-body\">\n                <h4 class=\"title\">Direcci\u00f3n<\/h4><p class=\"icon-box-description\">Raval de dentro 1-5 Sabadell 08202\n<\/p>\n            <\/div>\n            \n            <\/div><\/div>\t\t\t\t<\/div>\n\t\t\t\t<\/div>\n\t\t\t\t<div class=\"elementor-element elementor-element-ee484a5 jkit-equal-height-disable elementor-widget elementor-widget-jkit_icon_box\" data-id=\"ee484a5\" data-element_type=\"widget\" data-widget_type=\"jkit_icon_box.default\">\n\t\t\t\t<div class=\"elementor-widget-container\">\n\t\t\t\t\t<div  class=\"jeg-elementor-kit jkit-icon-box icon-position-left elementor-animation- jeg_module__1_69ee57624041b\" ><div class=\"jkit-icon-box-wrapper hover-from-left\"><div class=\"icon-box icon-box-header elementor-animation-\"><div class=\"icon style-color\"><i aria-hidden=\"true\" class=\"jki jki-phone-call-light\"><\/i><\/div><\/div><div class=\"icon-box icon-box-body\">\n                <h4 class=\"title\">Tel\/Fax<\/h4><p class=\"icon-box-description\"> 629 26 26 96<\/p>\n            <\/div>\n            \n            <\/div><\/div>\t\t\t\t<\/div>\n\t\t\t\t<\/div>\n\t\t\t\t<div class=\"elementor-element elementor-element-94baf2b jkit-equal-height-disable elementor-widget elementor-widget-jkit_icon_box\" data-id=\"94baf2b\" data-element_type=\"widget\" data-widget_type=\"jkit_icon_box.default\">\n\t\t\t\t<div class=\"elementor-widget-container\">\n\t\t\t\t\t<div  class=\"jeg-elementor-kit jkit-icon-box icon-position-left elementor-animation- jeg_module__2_69ee5762406ed\" ><div class=\"jkit-icon-box-wrapper hover-from-left\"><div class=\"icon-box icon-box-header elementor-animation-\"><div class=\"icon style-color\"><i aria-hidden=\"true\" class=\"jki jki-phone-call-light\"><\/i><\/div><\/div><div class=\"icon-box icon-box-body\">\n                <h4 class=\"title\">Xavi Tany\u00e0<\/h4><p class=\"icon-box-description\"> 629 26 26 96\n\n<\/p>\n            <\/div>\n            \n            <\/div><\/div>\t\t\t\t<\/div>\n\t\t\t\t<\/div>\n\t\t\t\t<\/div>\n\t\t\t\t<\/div>\n\t\t<div class=\"elementor-element elementor-element-d333835 e-con-full e-flex e-con e-child\" data-id=\"d333835\" data-element_type=\"container\">\n\t\t\t\t<div class=\"elementor-element elementor-element-8b3f4d9 elementor-widget elementor-widget-jkit_contact_form_7\" data-id=\"8b3f4d9\" data-element_type=\"widget\" data-widget_type=\"jkit_contact_form_7.default\">\n\t\t\t\t<div class=\"elementor-widget-container\">\n\t\t\t\t\t<div  class=\"jeg-elementor-kit jkit-contact-form-7 jeg_module__3_69ee576241818\" >\n<div class=\"wpcf7 no-js\" id=\"wpcf7-f469-o1\" lang=\"en-US\" dir=\"ltr\" data-wpcf7-id=\"469\">\n<div class=\"screen-reader-response\"><p role=\"status\" aria-live=\"polite\" aria-atomic=\"true\"><\/p> <ul><\/ul><\/div>\n<form action=\"\/es\/wp-json\/wp\/v2\/pages\/1165#wpcf7-f469-o1\" method=\"post\" class=\"wpcf7-form init\" aria-label=\"Contact form\" novalidate=\"novalidate\" data-status=\"init\" data-trp-original-action=\"\/es\/wp-json\/wp\/v2\/pages\/1165#wpcf7-f469-o1\">\n<div style=\"display: none;\">\n<input type=\"hidden\" name=\"_wpcf7\" value=\"469\" \/>\n<input type=\"hidden\" name=\"_wpcf7_version\" value=\"6.0.6\" \/>\n<input type=\"hidden\" name=\"_wpcf7_locale\" value=\"en_US\" \/>\n<input type=\"hidden\" name=\"_wpcf7_unit_tag\" value=\"wpcf7-f469-o1\" \/>\n<input type=\"hidden\" name=\"_wpcf7_container_post\" value=\"0\" \/>\n<input type=\"hidden\" name=\"_wpcf7_posted_data_hash\" value=\"\" \/>\n<input type=\"hidden\" name=\"_wpcf7_recaptcha_response\" value=\"\" \/>\n<\/div>\n<div class=\"form-row\">\n\t<div class=\"form-column\">\n\t\t<p><span class=\"wpcf7-form-control-wrap\" data-name=\"nombre\"><input size=\"40\" maxlength=\"400\" class=\"wpcf7-form-control wpcf7-text wpcf7-validates-as-required\" aria-required=\"true\" aria-invalid=\"false\" placeholder=\"Nombre\" value=\"\" type=\"text\" name=\"nombre\" \/><\/span>\n\t\t<\/p>\n\t<\/div>\n\t<div class=\"form-column\">\n\t\t<p><span class=\"wpcf7-form-control-wrap\" data-name=\"telefono\"><input size=\"40\" maxlength=\"400\" class=\"wpcf7-form-control wpcf7-tel wpcf7-validates-as-required wpcf7-text wpcf7-validates-as-tel\" aria-required=\"true\" aria-invalid=\"false\" placeholder=\"Tel\u00e9fono *\" value=\"\" type=\"tel\" name=\"telefono\" \/><\/span>\n\t\t<\/p>\n\t<\/div>\n<\/div>\n<div class=\"form-row\">\n\t<div class=\"form-column\">\n\t\t<p><span class=\"wpcf7-form-control-wrap\" data-name=\"email\"><input size=\"40\" maxlength=\"400\" class=\"wpcf7-form-control wpcf7-email wpcf7-validates-as-required wpcf7-text wpcf7-validates-as-email\" aria-required=\"true\" aria-invalid=\"false\" placeholder=\"Correo electr\u00f3nico *\" value=\"\" type=\"email\" name=\"email\" \/><\/span>\n\t\t<\/p>\n\t<\/div>\n\t<div class=\"form-column\">\n\t\t<p><span class=\"wpcf7-form-control-wrap\" data-name=\"asunto\"><input size=\"40\" maxlength=\"400\" class=\"wpcf7-form-control wpcf7-text wpcf7-validates-as-required\" aria-required=\"true\" aria-invalid=\"false\" placeholder=\"Asunto *\" value=\"\" type=\"text\" name=\"asunto\" \/><\/span>\n\t\t<\/p>\n\t<\/div>\n<\/div>\n<p><span class=\"wpcf7-form-control-wrap\" data-name=\"mensaje\"><textarea cols=\"40\" rows=\"10\" maxlength=\"2000\" class=\"wpcf7-form-control wpcf7-textarea wpcf7-validates-as-required\" aria-required=\"true\" aria-invalid=\"false\" placeholder=\"Mensaje\" name=\"mensaje\"><\/textarea><\/span>\n<\/p>\n<p><span class=\"wpcf7-form-control-wrap\" data-name=\"acceptance-787\"><span class=\"wpcf7-form-control wpcf7-acceptance\"><span class=\"wpcf7-list-item\"><input type=\"checkbox\" name=\"acceptance-787\" value=\"1\" aria-invalid=\"false\" \/><\/span><\/span><\/span> He le\u00eddo y acepto <a href=\"https:\/\/xavitanyaserveisintegrals.com\/es\/aviso-legal\/\">el aviso legal <\/a>y la <a href=\"https:\/\/xavitanyaserveisintegrals.com\/es\/politica-de-cookies\/\">pol\u00edtica de privacidad<\/a>\n<\/p>\n<p><input class=\"wpcf7-form-control wpcf7-submit has-spinner\" type=\"submit\" value=\"Enviar Mensaje\" \/>\n<\/p><div class=\"wpcf7-response-output\" aria-hidden=\"true\"><\/div>\n<input type=\"hidden\" name=\"trp-form-language\" value=\"es\"\/><\/form>\n<\/div>\n<\/div>\t\t\t\t<\/div>\n\t\t\t\t<\/div>\n\t\t\t\t<\/div>\n\t\t\t\t\t<\/div>\n\t\t\t\t<\/div>\n\t\t\t\t<\/div>","protected":false},"excerpt":{"rendered":"<p>Reformes integrals Sabadell Reformes integrals a Sabadell amb serveis t\u00e8cnics especialitzats i gesti\u00f3 integral de projectes A Xavi Tany\u00e0 Serveis Integrals som especialistes en reformes integrals a Sabadell, oferint solucions globals per transformar qualsevol espai en un entorn funcional, est\u00e8tic i eficient. Amb m\u00e9s de 30 anys d\u2019experi\u00e8ncia en el sector de la construcci\u00f3 i [&hellip;]<\/p>","protected":false},"author":2,"featured_media":0,"parent":0,"menu_order":0,"comment_status":"closed","ping_status":"closed","template":"","meta":{"footnotes":""},"class_list":["post-1165","page","type-page","status-publish","hentry"],"_links":{"self":[{"href":"https:\/\/xavitanyaserveisintegrals.com\/es\/wp-json\/wp\/v2\/pages\/1165","targetHints":{"allow":["GET"]}}],"collection":[{"href":"https:\/\/xavitanyaserveisintegrals.com\/es\/wp-json\/wp\/v2\/pages"}],"about":[{"href":"https:\/\/xavitanyaserveisintegrals.com\/es\/wp-json\/wp\/v2\/types\/page"}],"author":[{"embeddable":true,"href":"https:\/\/xavitanyaserveisintegrals.com\/es\/wp-json\/wp\/v2\/users\/2"}],"replies":[{"embeddable":true,"href":"https:\/\/xavitanyaserveisintegrals.com\/es\/wp-json\/wp\/v2\/comments?post=1165"}],"version-history":[{"count":4,"href":"https:\/\/xavitanyaserveisintegrals.com\/es\/wp-json\/wp\/v2\/pages\/1165\/revisions"}],"predecessor-version":[{"id":1170,"href":"https:\/\/xavitanyaserveisintegrals.com\/es\/wp-json\/wp\/v2\/pages\/1165\/revisions\/1170"}],"wp:attachment":[{"href":"https:\/\/xavitanyaserveisintegrals.com\/es\/wp-json\/wp\/v2\/media?parent=1165"}],"curies":[{"name":"wp","href":"https:\/\/api.w.org\/{rel}","templated":true}]}}