{"id":1286,"date":"2025-05-19T07:56:03","date_gmt":"2025-05-19T07:56:03","guid":{"rendered":"https:\/\/xavitanyaserveisintegrals.com\/?page_id=1286"},"modified":"2025-05-19T07:57:47","modified_gmt":"2025-05-19T07:57:47","slug":"reforma-industrial-a-sabadell","status":"publish","type":"page","link":"https:\/\/xavitanyaserveisintegrals.com\/es\/reforma-industrial-a-sabadell\/","title":{"rendered":"Reforma industrial en Sabadell"},"content":{"rendered":"<div data-elementor-type=\"wp-page\" data-elementor-id=\"1286\" class=\"elementor elementor-1286\" data-elementor-post-type=\"page\">\n\t\t\t\t<div class=\"elementor-element elementor-element-5a8448b e-flex e-con-boxed e-con e-parent\" data-id=\"5a8448b\" data-element_type=\"container\" data-settings=\"{&quot;background_background&quot;:&quot;classic&quot;}\">\n\t\t\t\t\t<div class=\"e-con-inner\">\n\t\t<div class=\"elementor-element elementor-element-57e6bb0 e-con-full e-flex e-con e-child\" data-id=\"57e6bb0\" data-element_type=\"container\">\n\t\t\t\t<div class=\"elementor-element elementor-element-aa64fb4 elementor-widget__width-initial elementor-widget elementor-widget-heading\" data-id=\"aa64fb4\" data-element_type=\"widget\" data-widget_type=\"heading.default\">\n\t\t\t\t\t<h2 class=\"elementor-heading-title elementor-size-default\">Reforma industrial en Sabadell<\/h2>\t\t\t\t<\/div>\n\t\t\t\t<\/div>\n\t\t\t\t\t<\/div>\n\t\t\t\t<\/div>\n\t\t<div class=\"elementor-element elementor-element-bf22613 e-flex e-con-boxed e-con e-parent\" data-id=\"bf22613\" data-element_type=\"container\">\n\t\t\t\t\t<div class=\"e-con-inner\">\n\t\t<div class=\"elementor-element elementor-element-9efeabe e-flex e-con-boxed e-con e-child\" data-id=\"9efeabe\" data-element_type=\"container\">\n\t\t\t\t\t<div class=\"e-con-inner\">\n\t\t<div class=\"elementor-element elementor-element-e745298 e-con-full e-flex e-con e-child\" data-id=\"e745298\" data-element_type=\"container\">\n\t\t\t\t<div class=\"elementor-element elementor-element-372fe09 elementor-invisible elementor-widget elementor-widget-image\" data-id=\"372fe09\" data-element_type=\"widget\" data-settings=\"{&quot;_animation&quot;:&quot;fadeInUp&quot;}\" data-widget_type=\"image.default\">\n\t\t\t\t\t\t\t\t\t\t\t\t\t\t\t<img fetchpriority=\"high\" decoding=\"async\" width=\"2000\" height=\"1414\" src=\"https:\/\/xavitanyaserveisintegrals.com\/wp-content\/uploads\/2025\/05\/landing-2.jpg\" class=\"attachment-full size-full wp-image-1152\" alt=\"\" srcset=\"https:\/\/xavitanyaserveisintegrals.com\/wp-content\/uploads\/2025\/05\/landing-2.jpg 2000w, https:\/\/xavitanyaserveisintegrals.com\/wp-content\/uploads\/2025\/05\/landing-2-300x212.jpg 300w, https:\/\/xavitanyaserveisintegrals.com\/wp-content\/uploads\/2025\/05\/landing-2-1024x724.jpg 1024w, https:\/\/xavitanyaserveisintegrals.com\/wp-content\/uploads\/2025\/05\/landing-2-768x543.jpg 768w, https:\/\/xavitanyaserveisintegrals.com\/wp-content\/uploads\/2025\/05\/landing-2-1536x1086.jpg 1536w\" sizes=\"(max-width: 2000px) 100vw, 2000px\" \/>\t\t\t\t\t\t\t\t\t\t\t\t\t\t\t<\/div>\n\t\t\t\t<\/div>\n\t\t\t\t<div class=\"elementor-element elementor-element-993a3a9 elementor-hidden-mobile elementor-invisible elementor-widget elementor-widget-image\" data-id=\"993a3a9\" data-element_type=\"widget\" data-settings=\"{&quot;_animation&quot;:&quot;fadeInDown&quot;}\" data-widget_type=\"image.default\">\n\t\t\t\t\t\t\t\t\t\t\t\t\t\t\t<img decoding=\"async\" width=\"2000\" height=\"1414\" src=\"https:\/\/xavitanyaserveisintegrals.com\/wp-content\/uploads\/2025\/05\/landing-3.jpg\" class=\"attachment-full size-full wp-image-1153\" alt=\"\" srcset=\"https:\/\/xavitanyaserveisintegrals.com\/wp-content\/uploads\/2025\/05\/landing-3.jpg 2000w, https:\/\/xavitanyaserveisintegrals.com\/wp-content\/uploads\/2025\/05\/landing-3-300x212.jpg 300w, https:\/\/xavitanyaserveisintegrals.com\/wp-content\/uploads\/2025\/05\/landing-3-1024x724.jpg 1024w, https:\/\/xavitanyaserveisintegrals.com\/wp-content\/uploads\/2025\/05\/landing-3-768x543.jpg 768w, https:\/\/xavitanyaserveisintegrals.com\/wp-content\/uploads\/2025\/05\/landing-3-1536x1086.jpg 1536w\" sizes=\"(max-width: 2000px) 100vw, 2000px\" \/>\t\t\t\t\t\t\t\t\t\t\t\t\t\t\t<\/div>\n\t\t\t\t\t<\/div>\n\t\t\t\t<\/div>\n\t\t<div class=\"elementor-element elementor-element-23e2871 animated-slow e-flex e-con-boxed elementor-invisible e-con e-child\" data-id=\"23e2871\" data-element_type=\"container\" data-settings=\"{&quot;animation&quot;:&quot;fadeInUp&quot;}\">\n\t\t\t\t\t<div class=\"e-con-inner\">\n\t\t\t\t<div class=\"elementor-element elementor-element-c41c1af elementor-invisible elementor-widget elementor-widget-heading\" data-id=\"c41c1af\" data-element_type=\"widget\" data-settings=\"{&quot;_animation&quot;:&quot;fadeInDown&quot;}\" data-widget_type=\"heading.default\">\n\t\t\t\t\t<h2 class=\"elementor-heading-title elementor-size-default\">Profesionales especializados en reforma industrial en Sabadell<\/h2>\t\t\t\t<\/div>\n\t\t\t\t<div class=\"elementor-element elementor-element-4a83175 elementor-widget elementor-widget-text-editor\" data-id=\"4a83175\" data-element_type=\"widget\" data-widget_type=\"text-editor.default\">\n\t\t\t\t\t\t\t\t\t<p data-start=\"321\" data-end=\"614\">En Xavi Tany\u00e0 Serveis Integrals somos expertos en <strong data-start=\"367\" data-end=\"400\">reforma industrial en Sabadell<\/strong>, ofreciendo soluciones completas y adaptadas a las necesidades espec\u00edficas de cada espacio. Nuestro objetivo es transformar naves, oficinas y entornos de trabajo industriales en sitios m\u00e1s eficientes, seguros y funcionales.<\/p><p data-start=\"616\" data-end=\"933\">Con a\u00f1os de experiencia y un equipo altamente calificado, trabajamos para garantizar reformas que cumplan con los est\u00e1ndares t\u00e9cnicos, legales y ambientales m\u00e1s exigentes. Desde la renovaci\u00f3n de pavimentos hasta la retirada de amianto, nos encargamos de todo el proceso para ofrecer tranquilidad y confianza a nuestros clientes.<\/p><h3 data-start=\"940\" data-end=\"1025\">Servicios completos y personalizados para la tuya <strong data-start=\"992\" data-end=\"1025\">reforma industrial en Sabadell<\/strong><\/h3><p data-start=\"1027\" data-end=\"1398\">Cada <strong data-start=\"1032\" data-end=\"1065\">reforma industrial en Sabadell<\/strong> que llevamos a cabo es \u00fanica. Por eso, ofrecemos un servicio integral que cubre desde los trabajos estructurales hasta los acabados finales. Instalamos pavimentos resistentes para naves industriales, cubiertas tipo s\u00e1ndwich y lucernarios para mejorar el aislamiento t\u00e9rmico y la luz natural, y sistemas de impermeabilizaci\u00f3n para evitar filtraciones.<\/p><p data-start=\"1400\" data-end=\"1692\">Tambi\u00e9n ofrecemos servicios de pintura y se\u00f1alizaci\u00f3n industrial para favorecer la seguridad y el orden en los espacios de trabajo. Adem\u00e1s contamos con un servicio especializado en la retirada de amianto, siguiendo estrictamente la normativa vigente para proteger la salud de los trabajadores y del medio ambiente.<\/p><p data-start=\"1694\" data-end=\"2005\">Aparte de las zonas industriales, tambi\u00e9n nos encargamos de la reforma de oficinas y espacios administrativos. Dise\u00f1amos interiores corporativos, instalamos falsos techos y suelos t\u00e9cnicos, adaptando espacios con mamparas y particiones funcionales. Nos adaptamos a cada proyecto con una visi\u00f3n global y enfocada a la eficiencia.<\/p>\t\t\t\t\t\t\t\t<\/div>\n\t\t\t\t\t<\/div>\n\t\t\t\t<\/div>\n\t\t\t\t\t<\/div>\n\t\t\t\t<\/div>\n\t\t<div class=\"elementor-element elementor-element-737f088 e-flex e-con-boxed e-con e-parent\" data-id=\"737f088\" data-element_type=\"container\">\n\t\t\t\t\t<div class=\"e-con-inner\">\n\t\t<div class=\"elementor-element elementor-element-b55c337 e-con-full e-flex e-con e-child\" data-id=\"b55c337\" data-element_type=\"container\">\n\t\t<div class=\"elementor-element elementor-element-947a16a animated-slow e-con-full e-flex elementor-invisible e-con e-child\" data-id=\"947a16a\" data-element_type=\"container\" data-settings=\"{&quot;animation&quot;:&quot;fadeInUp&quot;}\">\n\t\t\t\t<div class=\"elementor-element elementor-element-c91809d elementor-invisible elementor-widget elementor-widget-heading\" data-id=\"c91809d\" data-element_type=\"widget\" data-settings=\"{&quot;_animation&quot;:&quot;fadeInDown&quot;}\" data-widget_type=\"heading.default\">\n\t\t\t\t\t<h2 class=\"elementor-heading-title elementor-size-default\">Conf\u00eda en Xavi Tany\u00e0 para tu reforma industrial en Sabadell<\/h2>\t\t\t\t<\/div>\n\t\t\t\t<div class=\"elementor-element elementor-element-a4be3ff elementor-widget elementor-widget-text-editor\" data-id=\"a4be3ff\" data-element_type=\"widget\" data-widget_type=\"text-editor.default\">\n\t\t\t\t\t\t\t\t\t<p class=\"\" data-start=\"2086\" data-end=\"2353\">Si est\u00e1s buscando una empresa de confianza para una <strong data-start=\"2138\" data-end=\"2171\">reforma industrial en Sabadell<\/strong>, Xavi Tany\u00e0 Serveis Integrals es tu mejor aliado. Nos implicamos en cada etapa del proyecto para garantizar resultados duraderos, seguros y completamente alineados con tus objetivos.<\/p><p class=\"\" data-start=\"2355\" data-end=\"2651\">Nuestra experiencia en entornos industriales nos permite actuar con rapidez y eficacia, minimizando las interrupciones y cumpliendo los plazos establecidos. Apostamos por materiales de calidad, t\u00e9cnicas avanzadas y una gesti\u00f3n personalizada para asegurar que cada reforma supere las expectativas.<\/p><p class=\"\" data-start=\"2653\" data-end=\"2783\">Conf\u00eda en nosotros para renovar tus espacios industriales con garant\u00eda, compromiso y atenci\u00f3n cercana que marca la diferencia.<\/p>\t\t\t\t\t\t\t\t<\/div>\n\t\t\t\t<\/div>\n\t\t\t\t<\/div>\n\t\t<div class=\"elementor-element elementor-element-9fe703e e-con-full e-flex e-con e-child\" data-id=\"9fe703e\" data-element_type=\"container\">\n\t\t<div class=\"elementor-element elementor-element-ddfaebc e-con-full e-flex e-con e-child\" data-id=\"ddfaebc\" data-element_type=\"container\">\n\t\t<div class=\"elementor-element elementor-element-cb2cd91 e-con-full e-flex e-con e-child\" data-id=\"cb2cd91\" data-element_type=\"container\">\n\t\t\t\t<div class=\"elementor-element elementor-element-b355994 elementor-invisible elementor-widget elementor-widget-image\" data-id=\"b355994\" data-element_type=\"widget\" data-settings=\"{&quot;_animation&quot;:&quot;fadeInUp&quot;}\" data-widget_type=\"image.default\">\n\t\t\t\t\t\t\t\t\t\t\t\t\t\t\t<img decoding=\"async\" width=\"2000\" height=\"1414\" src=\"https:\/\/xavitanyaserveisintegrals.com\/wp-content\/uploads\/2025\/05\/landing-4.jpg\" class=\"attachment-full size-full wp-image-1154\" alt=\"\" srcset=\"https:\/\/xavitanyaserveisintegrals.com\/wp-content\/uploads\/2025\/05\/landing-4.jpg 2000w, https:\/\/xavitanyaserveisintegrals.com\/wp-content\/uploads\/2025\/05\/landing-4-300x212.jpg 300w, https:\/\/xavitanyaserveisintegrals.com\/wp-content\/uploads\/2025\/05\/landing-4-1024x724.jpg 1024w, https:\/\/xavitanyaserveisintegrals.com\/wp-content\/uploads\/2025\/05\/landing-4-768x543.jpg 768w, https:\/\/xavitanyaserveisintegrals.com\/wp-content\/uploads\/2025\/05\/landing-4-1536x1086.jpg 1536w\" sizes=\"(max-width: 2000px) 100vw, 2000px\" \/>\t\t\t\t\t\t\t\t\t\t\t\t\t\t\t<\/div>\n\t\t\t\t<\/div>\n\t\t\t\t<div class=\"elementor-element elementor-element-8e6e2de elementor-hidden-mobile elementor-invisible elementor-widget elementor-widget-image\" data-id=\"8e6e2de\" data-element_type=\"widget\" data-settings=\"{&quot;_animation&quot;:&quot;fadeInDown&quot;}\" data-widget_type=\"image.default\">\n\t\t\t\t\t\t\t\t\t\t\t\t\t\t\t<img loading=\"lazy\" decoding=\"async\" width=\"2000\" height=\"1414\" src=\"https:\/\/xavitanyaserveisintegrals.com\/wp-content\/uploads\/2025\/05\/landing-1.jpg\" class=\"attachment-full size-full wp-image-1155\" alt=\"\" srcset=\"https:\/\/xavitanyaserveisintegrals.com\/wp-content\/uploads\/2025\/05\/landing-1.jpg 2000w, https:\/\/xavitanyaserveisintegrals.com\/wp-content\/uploads\/2025\/05\/landing-1-300x212.jpg 300w, https:\/\/xavitanyaserveisintegrals.com\/wp-content\/uploads\/2025\/05\/landing-1-1024x724.jpg 1024w, https:\/\/xavitanyaserveisintegrals.com\/wp-content\/uploads\/2025\/05\/landing-1-768x543.jpg 768w, https:\/\/xavitanyaserveisintegrals.com\/wp-content\/uploads\/2025\/05\/landing-1-1536x1086.jpg 1536w\" sizes=\"(max-width: 2000px) 100vw, 2000px\" \/>\t\t\t\t\t\t\t\t\t\t\t\t\t\t\t<\/div>\n\t\t\t\t<\/div>\n\t\t\t\t<\/div>\n\t\t\t\t\t<\/div>\n\t\t\t\t<\/div>\n\t\t<div class=\"elementor-element elementor-element-57d6e0f e-flex e-con-boxed e-con e-parent\" data-id=\"57d6e0f\" data-element_type=\"container\" data-settings=\"{&quot;background_background&quot;:&quot;classic&quot;}\">\n\t\t\t\t\t<div class=\"e-con-inner\">\n\t\t<div class=\"elementor-element elementor-element-8d1b89f e-con-full e-flex e-con e-child\" data-id=\"8d1b89f\" data-element_type=\"container\">\n\t\t\t\t<div class=\"elementor-element elementor-element-b2cf60d elementor-widget elementor-widget-heading\" data-id=\"b2cf60d\" data-element_type=\"widget\" data-widget_type=\"heading.default\">\n\t\t\t\t\t<h2 class=\"elementor-heading-title elementor-size-default\">Cont\u00e1ctanos: Estamos aqu\u00ed para ayudarte<\/h2>\t\t\t\t<\/div>\n\t\t\t\t<div class=\"elementor-element elementor-element-786a9a8 elementor-widget elementor-widget-text-editor\" data-id=\"786a9a8\" data-element_type=\"widget\" data-widget_type=\"text-editor.default\">\n\t\t\t\t\t\t\t\t\t<p><span style=\"font-weight: 400;\"><span style=\"vertical-align: inherit;\"><span style=\"vertical-align: inherit;\">En Xavi Tany\u00e0 Serveis Integrals, queremos facilitarte al m\u00e1ximo la comunicaci\u00f3n con nosotros. Ya sea para solicitar un presupuesto, resolver cualquier duda o realizar una consulta sobre nuestros servicios, estamos disponibles para atenderlo r\u00e1pidamente.<\/span><\/span><\/span><\/p>\t\t\t\t\t\t\t\t<\/div>\n\t\t<div class=\"elementor-element elementor-element-e29b805 e-grid e-con-full e-con e-child\" data-id=\"e29b805\" data-element_type=\"container\">\n\t\t\t\t<div class=\"elementor-element elementor-element-20af737 jkit-equal-height-disable elementor-widget elementor-widget-jkit_icon_box\" data-id=\"20af737\" data-element_type=\"widget\" data-widget_type=\"jkit_icon_box.default\">\n\t\t\t\t<div class=\"elementor-widget-container\">\n\t\t\t\t\t<div  class=\"jeg-elementor-kit jkit-icon-box icon-position-left elementor-animation- jeg_module___69ee57a0aacdd\" ><div class=\"jkit-icon-box-wrapper hover-from-left\"><div class=\"icon-box icon-box-header elementor-animation-\"><div class=\"icon style-color\"><i aria-hidden=\"true\" class=\"jki jki-cityscape-light\"><\/i><\/div><\/div><div class=\"icon-box icon-box-body\">\n                <h4 class=\"title\">Direcci\u00f3n<\/h4><p class=\"icon-box-description\">Raval de dentro 1-5 Sabadell 08202\n<\/p>\n            <\/div>\n            \n            <\/div><\/div>\t\t\t\t<\/div>\n\t\t\t\t<\/div>\n\t\t\t\t<div class=\"elementor-element elementor-element-ee484a5 jkit-equal-height-disable elementor-widget elementor-widget-jkit_icon_box\" data-id=\"ee484a5\" data-element_type=\"widget\" data-widget_type=\"jkit_icon_box.default\">\n\t\t\t\t<div class=\"elementor-widget-container\">\n\t\t\t\t\t<div  class=\"jeg-elementor-kit jkit-icon-box icon-position-left elementor-animation- jeg_module__1_69ee57a0ab219\" ><div class=\"jkit-icon-box-wrapper hover-from-left\"><div class=\"icon-box icon-box-header elementor-animation-\"><div class=\"icon style-color\"><i aria-hidden=\"true\" class=\"jki jki-phone-call-light\"><\/i><\/div><\/div><div class=\"icon-box icon-box-body\">\n                <h4 class=\"title\">Tel\/Fax<\/h4><p class=\"icon-box-description\"> 629 26 26 96<\/p>\n            <\/div>\n            \n            <\/div><\/div>\t\t\t\t<\/div>\n\t\t\t\t<\/div>\n\t\t\t\t<div class=\"elementor-element elementor-element-94baf2b jkit-equal-height-disable elementor-widget elementor-widget-jkit_icon_box\" data-id=\"94baf2b\" data-element_type=\"widget\" data-widget_type=\"jkit_icon_box.default\">\n\t\t\t\t<div class=\"elementor-widget-container\">\n\t\t\t\t\t<div  class=\"jeg-elementor-kit jkit-icon-box icon-position-left elementor-animation- jeg_module__2_69ee57a0ab4bc\" ><div class=\"jkit-icon-box-wrapper hover-from-left\"><div class=\"icon-box icon-box-header elementor-animation-\"><div class=\"icon style-color\"><i aria-hidden=\"true\" class=\"jki jki-phone-call-light\"><\/i><\/div><\/div><div class=\"icon-box icon-box-body\">\n                <h4 class=\"title\">Xavi Tany\u00e0<\/h4><p class=\"icon-box-description\"> 629 26 26 96\n\n<\/p>\n            <\/div>\n            \n            <\/div><\/div>\t\t\t\t<\/div>\n\t\t\t\t<\/div>\n\t\t\t\t<\/div>\n\t\t\t\t<\/div>\n\t\t<div class=\"elementor-element elementor-element-d333835 e-con-full e-flex e-con e-child\" data-id=\"d333835\" data-element_type=\"container\">\n\t\t\t\t<div class=\"elementor-element elementor-element-8b3f4d9 elementor-widget elementor-widget-jkit_contact_form_7\" data-id=\"8b3f4d9\" data-element_type=\"widget\" data-widget_type=\"jkit_contact_form_7.default\">\n\t\t\t\t<div class=\"elementor-widget-container\">\n\t\t\t\t\t<div  class=\"jeg-elementor-kit jkit-contact-form-7 jeg_module__3_69ee57a0ac468\" >\n<div class=\"wpcf7 no-js\" id=\"wpcf7-f469-o1\" lang=\"en-US\" dir=\"ltr\" data-wpcf7-id=\"469\">\n<div class=\"screen-reader-response\"><p role=\"status\" aria-live=\"polite\" aria-atomic=\"true\"><\/p> <ul><\/ul><\/div>\n<form action=\"\/es\/wp-json\/wp\/v2\/pages\/1286#wpcf7-f469-o1\" method=\"post\" class=\"wpcf7-form init\" aria-label=\"Contact form\" novalidate=\"novalidate\" data-status=\"init\" data-trp-original-action=\"\/es\/wp-json\/wp\/v2\/pages\/1286#wpcf7-f469-o1\">\n<div style=\"display: none;\">\n<input type=\"hidden\" name=\"_wpcf7\" value=\"469\" \/>\n<input type=\"hidden\" name=\"_wpcf7_version\" value=\"6.0.6\" \/>\n<input type=\"hidden\" name=\"_wpcf7_locale\" value=\"en_US\" \/>\n<input type=\"hidden\" name=\"_wpcf7_unit_tag\" value=\"wpcf7-f469-o1\" \/>\n<input type=\"hidden\" name=\"_wpcf7_container_post\" value=\"0\" \/>\n<input type=\"hidden\" name=\"_wpcf7_posted_data_hash\" value=\"\" \/>\n<input type=\"hidden\" name=\"_wpcf7_recaptcha_response\" value=\"\" \/>\n<\/div>\n<div class=\"form-row\">\n\t<div class=\"form-column\">\n\t\t<p><span class=\"wpcf7-form-control-wrap\" data-name=\"nombre\"><input size=\"40\" maxlength=\"400\" class=\"wpcf7-form-control wpcf7-text wpcf7-validates-as-required\" aria-required=\"true\" aria-invalid=\"false\" placeholder=\"Nombre\" value=\"\" type=\"text\" name=\"nombre\" \/><\/span>\n\t\t<\/p>\n\t<\/div>\n\t<div class=\"form-column\">\n\t\t<p><span class=\"wpcf7-form-control-wrap\" data-name=\"telefono\"><input size=\"40\" maxlength=\"400\" class=\"wpcf7-form-control wpcf7-tel wpcf7-validates-as-required wpcf7-text wpcf7-validates-as-tel\" aria-required=\"true\" aria-invalid=\"false\" placeholder=\"Tel\u00e9fono *\" value=\"\" type=\"tel\" name=\"telefono\" \/><\/span>\n\t\t<\/p>\n\t<\/div>\n<\/div>\n<div class=\"form-row\">\n\t<div class=\"form-column\">\n\t\t<p><span class=\"wpcf7-form-control-wrap\" data-name=\"email\"><input size=\"40\" maxlength=\"400\" class=\"wpcf7-form-control wpcf7-email wpcf7-validates-as-required wpcf7-text wpcf7-validates-as-email\" aria-required=\"true\" aria-invalid=\"false\" placeholder=\"Correo electr\u00f3nico *\" value=\"\" type=\"email\" name=\"email\" \/><\/span>\n\t\t<\/p>\n\t<\/div>\n\t<div class=\"form-column\">\n\t\t<p><span class=\"wpcf7-form-control-wrap\" data-name=\"asunto\"><input size=\"40\" maxlength=\"400\" class=\"wpcf7-form-control wpcf7-text wpcf7-validates-as-required\" aria-required=\"true\" aria-invalid=\"false\" placeholder=\"Asunto *\" value=\"\" type=\"text\" name=\"asunto\" \/><\/span>\n\t\t<\/p>\n\t<\/div>\n<\/div>\n<p><span class=\"wpcf7-form-control-wrap\" data-name=\"mensaje\"><textarea cols=\"40\" rows=\"10\" maxlength=\"2000\" class=\"wpcf7-form-control wpcf7-textarea wpcf7-validates-as-required\" aria-required=\"true\" aria-invalid=\"false\" placeholder=\"Mensaje\" name=\"mensaje\"><\/textarea><\/span>\n<\/p>\n<p><span class=\"wpcf7-form-control-wrap\" data-name=\"acceptance-787\"><span class=\"wpcf7-form-control wpcf7-acceptance\"><span class=\"wpcf7-list-item\"><input type=\"checkbox\" name=\"acceptance-787\" value=\"1\" aria-invalid=\"false\" \/><\/span><\/span><\/span> He le\u00eddo y acepto <a href=\"https:\/\/xavitanyaserveisintegrals.com\/es\/aviso-legal\/\">el aviso legal <\/a>y la <a href=\"https:\/\/xavitanyaserveisintegrals.com\/es\/politica-de-cookies\/\">pol\u00edtica de privacidad<\/a>\n<\/p>\n<p><input class=\"wpcf7-form-control wpcf7-submit has-spinner\" type=\"submit\" value=\"Enviar Mensaje\" \/>\n<\/p><div class=\"wpcf7-response-output\" aria-hidden=\"true\"><\/div>\n<input type=\"hidden\" name=\"trp-form-language\" value=\"es\"\/><\/form>\n<\/div>\n<\/div>\t\t\t\t<\/div>\n\t\t\t\t<\/div>\n\t\t\t\t<\/div>\n\t\t\t\t\t<\/div>\n\t\t\t\t<\/div>\n\t\t\t\t<\/div>","protected":false},"excerpt":{"rendered":"<p>Reforma industrial a Sabadell Professionals especialitzats en reforma industrial a Sabadell A Xavi Tany\u00e0 Serveis Integrals som experts en reforma industrial a Sabadell, oferint solucions completes i adaptades a les necessitats espec\u00edfiques de cada espai. El nostre objectiu \u00e9s transformar naus, oficines i entorns de treball industrials en llocs m\u00e9s eficients, segurs i funcionals. Amb [&hellip;]<\/p>","protected":false},"author":2,"featured_media":0,"parent":0,"menu_order":0,"comment_status":"closed","ping_status":"closed","template":"","meta":{"footnotes":""},"class_list":["post-1286","page","type-page","status-publish","hentry"],"_links":{"self":[{"href":"https:\/\/xavitanyaserveisintegrals.com\/es\/wp-json\/wp\/v2\/pages\/1286","targetHints":{"allow":["GET"]}}],"collection":[{"href":"https:\/\/xavitanyaserveisintegrals.com\/es\/wp-json\/wp\/v2\/pages"}],"about":[{"href":"https:\/\/xavitanyaserveisintegrals.com\/es\/wp-json\/wp\/v2\/types\/page"}],"author":[{"embeddable":true,"href":"https:\/\/xavitanyaserveisintegrals.com\/es\/wp-json\/wp\/v2\/users\/2"}],"replies":[{"embeddable":true,"href":"https:\/\/xavitanyaserveisintegrals.com\/es\/wp-json\/wp\/v2\/comments?post=1286"}],"version-history":[{"count":4,"href":"https:\/\/xavitanyaserveisintegrals.com\/es\/wp-json\/wp\/v2\/pages\/1286\/revisions"}],"predecessor-version":[{"id":1297,"href":"https:\/\/xavitanyaserveisintegrals.com\/es\/wp-json\/wp\/v2\/pages\/1286\/revisions\/1297"}],"wp:attachment":[{"href":"https:\/\/xavitanyaserveisintegrals.com\/es\/wp-json\/wp\/v2\/media?parent=1286"}],"curies":[{"name":"wp","href":"https:\/\/api.w.org\/{rel}","templated":true}]}}