{"id":1298,"date":"2025-05-19T09:30:23","date_gmt":"2025-05-19T09:30:23","guid":{"rendered":"https:\/\/xavitanyaserveisintegrals.com\/?page_id=1298"},"modified":"2025-05-19T09:31:35","modified_gmt":"2025-05-19T09:31:35","slug":"instal-lacions-electriques-a-sabadell","status":"publish","type":"page","link":"https:\/\/xavitanyaserveisintegrals.com\/es\/instal-lacions-electriques-a-sabadell\/","title":{"rendered":"Instalaciones el\u00e9ctricas en Sabadell"},"content":{"rendered":"<div data-elementor-type=\"wp-page\" data-elementor-id=\"1298\" class=\"elementor elementor-1298\" data-elementor-post-type=\"page\">\n\t\t\t\t<div class=\"elementor-element elementor-element-5a8448b e-flex e-con-boxed e-con e-parent\" data-id=\"5a8448b\" data-element_type=\"container\" data-settings=\"{&quot;background_background&quot;:&quot;classic&quot;}\">\n\t\t\t\t\t<div class=\"e-con-inner\">\n\t\t<div class=\"elementor-element elementor-element-57e6bb0 e-con-full e-flex e-con e-child\" data-id=\"57e6bb0\" data-element_type=\"container\">\n\t\t\t\t<div class=\"elementor-element elementor-element-aa64fb4 elementor-widget__width-initial elementor-widget elementor-widget-heading\" data-id=\"aa64fb4\" data-element_type=\"widget\" data-widget_type=\"heading.default\">\n\t\t\t\t\t<h2 class=\"elementor-heading-title elementor-size-default\">Instalaciones el\u00e9ctricas en Sabadell<\/h2>\t\t\t\t<\/div>\n\t\t\t\t<\/div>\n\t\t\t\t\t<\/div>\n\t\t\t\t<\/div>\n\t\t<div class=\"elementor-element elementor-element-bf22613 e-flex e-con-boxed e-con e-parent\" data-id=\"bf22613\" data-element_type=\"container\">\n\t\t\t\t\t<div class=\"e-con-inner\">\n\t\t<div class=\"elementor-element elementor-element-9efeabe e-flex e-con-boxed e-con e-child\" data-id=\"9efeabe\" data-element_type=\"container\">\n\t\t\t\t\t<div class=\"e-con-inner\">\n\t\t<div class=\"elementor-element elementor-element-e745298 e-con-full e-flex e-con e-child\" data-id=\"e745298\" data-element_type=\"container\">\n\t\t\t\t<div class=\"elementor-element elementor-element-372fe09 elementor-invisible elementor-widget elementor-widget-image\" data-id=\"372fe09\" data-element_type=\"widget\" data-settings=\"{&quot;_animation&quot;:&quot;fadeInUp&quot;}\" data-widget_type=\"image.default\">\n\t\t\t\t\t\t\t\t\t\t\t\t\t\t\t<img fetchpriority=\"high\" decoding=\"async\" width=\"2000\" height=\"1414\" src=\"https:\/\/xavitanyaserveisintegrals.com\/wp-content\/uploads\/2025\/05\/landing-2.jpg\" class=\"attachment-full size-full wp-image-1152\" alt=\"\" srcset=\"https:\/\/xavitanyaserveisintegrals.com\/wp-content\/uploads\/2025\/05\/landing-2.jpg 2000w, https:\/\/xavitanyaserveisintegrals.com\/wp-content\/uploads\/2025\/05\/landing-2-300x212.jpg 300w, https:\/\/xavitanyaserveisintegrals.com\/wp-content\/uploads\/2025\/05\/landing-2-1024x724.jpg 1024w, https:\/\/xavitanyaserveisintegrals.com\/wp-content\/uploads\/2025\/05\/landing-2-768x543.jpg 768w, https:\/\/xavitanyaserveisintegrals.com\/wp-content\/uploads\/2025\/05\/landing-2-1536x1086.jpg 1536w\" sizes=\"(max-width: 2000px) 100vw, 2000px\" \/>\t\t\t\t\t\t\t\t\t\t\t\t\t\t\t<\/div>\n\t\t\t\t<\/div>\n\t\t\t\t<div class=\"elementor-element elementor-element-993a3a9 elementor-hidden-mobile elementor-invisible elementor-widget elementor-widget-image\" data-id=\"993a3a9\" data-element_type=\"widget\" data-settings=\"{&quot;_animation&quot;:&quot;fadeInDown&quot;}\" data-widget_type=\"image.default\">\n\t\t\t\t\t\t\t\t\t\t\t\t\t\t\t<img decoding=\"async\" width=\"2000\" height=\"1414\" src=\"https:\/\/xavitanyaserveisintegrals.com\/wp-content\/uploads\/2025\/05\/landing-3.jpg\" class=\"attachment-full size-full wp-image-1153\" alt=\"\" srcset=\"https:\/\/xavitanyaserveisintegrals.com\/wp-content\/uploads\/2025\/05\/landing-3.jpg 2000w, https:\/\/xavitanyaserveisintegrals.com\/wp-content\/uploads\/2025\/05\/landing-3-300x212.jpg 300w, https:\/\/xavitanyaserveisintegrals.com\/wp-content\/uploads\/2025\/05\/landing-3-1024x724.jpg 1024w, https:\/\/xavitanyaserveisintegrals.com\/wp-content\/uploads\/2025\/05\/landing-3-768x543.jpg 768w, https:\/\/xavitanyaserveisintegrals.com\/wp-content\/uploads\/2025\/05\/landing-3-1536x1086.jpg 1536w\" sizes=\"(max-width: 2000px) 100vw, 2000px\" \/>\t\t\t\t\t\t\t\t\t\t\t\t\t\t\t<\/div>\n\t\t\t\t\t<\/div>\n\t\t\t\t<\/div>\n\t\t<div class=\"elementor-element elementor-element-23e2871 animated-slow e-flex e-con-boxed elementor-invisible e-con e-child\" data-id=\"23e2871\" data-element_type=\"container\" data-settings=\"{&quot;animation&quot;:&quot;fadeInUp&quot;}\">\n\t\t\t\t\t<div class=\"e-con-inner\">\n\t\t\t\t<div class=\"elementor-element elementor-element-c41c1af elementor-invisible elementor-widget elementor-widget-heading\" data-id=\"c41c1af\" data-element_type=\"widget\" data-settings=\"{&quot;_animation&quot;:&quot;fadeInDown&quot;}\" data-widget_type=\"heading.default\">\n\t\t\t\t\t<h2 class=\"elementor-heading-title elementor-size-default\">Instalaciones el\u00e9ctricas en Sabadell con 25 a\u00f1os de experiencia y confianza<\/h2>\t\t\t\t<\/div>\n\t\t\t\t<div class=\"elementor-element elementor-element-4a83175 elementor-widget elementor-widget-text-editor\" data-id=\"4a83175\" data-element_type=\"widget\" data-widget_type=\"text-editor.default\">\n\t\t\t\t\t\t\t\t\t<p class=\"\" data-start=\"357\" data-end=\"700\">En Servicio de Instalaciones somos especialistas en <strong data-start=\"404\" data-end=\"445\">instalaciones el\u00e9ctricas en Sabadell<\/strong>, con m\u00e1s de dos d\u00e9cadas ofreciendo soluciones fiables y eficientes para todo tipo de clientes: comunidades de vecinos, empresas y particulares. Nuestro compromiso es garantizar la seguridad, eficiencia y durabilidad de todas las instalaciones que realizamos.<\/p><p class=\"\" data-start=\"702\" data-end=\"1005\">Con un equipo t\u00e9cnico altamente calificado y en constante formaci\u00f3n, adaptamos cada proyecto a las necesidades espec\u00edficas del espacio y del cliente. No s\u00f3lo se trata de conectar cables: se trata de ofrecer tranquilidad, ahorro energ\u00e9tico y sistemas modernos que funcionen con la m\u00e1xima eficacia durante a\u00f1os.<\/p><h3><strong data-start=\"1015\" data-end=\"1088\">\u00bfPor qu\u00e9 confiar en nuestras instalaciones el\u00e9ctricas en Sabadell?<\/strong><\/h3><p class=\"\" data-start=\"1090\" data-end=\"1510\">Nuestra empresa ha ganado la confianza de decenas de clientes gracias a un servicio cercano, puntual y orientado a la calidad. Las <strong data-start=\"1220\" data-end=\"1261\">instalaciones el\u00e9ctricas en Sabadell<\/strong> que realizamos incluyen tanto nuevos montajes como revisiones y mantenimientos en instalaciones existentes. Nos ocupamos de todo el proceso, desde el an\u00e1lisis t\u00e9cnico hasta la ejecuci\u00f3n final, con materiales de primera calidad y de acuerdo a la normativa vigente.<\/p><p class=\"\" data-start=\"1512\" data-end=\"1519\">Ofrecemos:<\/p><ul data-start=\"1521\" data-end=\"1794\"><li class=\"\" data-start=\"1521\" data-end=\"1567\"><p class=\"\" data-start=\"1523\" data-end=\"1567\">Instalaci\u00f3n y revisi\u00f3n de cuadros el\u00e9ctricos.<\/p><\/li><li class=\"\" data-start=\"1568\" data-end=\"1619\"><p class=\"\" data-start=\"1570\" data-end=\"1619\">Optimizaci\u00f3n de circuitos y sistemas de seguridad.<\/p><\/li><li class=\"\" data-start=\"1620\" data-end=\"1671\"><p class=\"\" data-start=\"1622\" data-end=\"1671\">Sustituci\u00f3n de componentes obsoletos o defectuosos.<\/p><\/li><li class=\"\" data-start=\"1672\" data-end=\"1732\"><p class=\"\" data-start=\"1674\" data-end=\"1732\">Asesoramiento personalizado para reducir el consumo el\u00e9ctrico.<\/p><\/li><li class=\"\" data-start=\"1733\" data-end=\"1794\"><p class=\"\" data-start=\"1735\" data-end=\"1794\">Integraci\u00f3n de sistemas el\u00e9ctricos con climatizaci\u00f3n y agua.<\/p><\/li><\/ul><p class=\"\" data-start=\"1796\" data-end=\"1971\">Este enfoque integral nos permite detectar cualquier necesidad antes de que se convierta en un problema y actuar con rapidez para garantizar el buen funcionamiento del espacio.<\/p>\t\t\t\t\t\t\t\t<\/div>\n\t\t\t\t\t<\/div>\n\t\t\t\t<\/div>\n\t\t\t\t\t<\/div>\n\t\t\t\t<\/div>\n\t\t<div class=\"elementor-element elementor-element-737f088 e-flex e-con-boxed e-con e-parent\" data-id=\"737f088\" data-element_type=\"container\">\n\t\t\t\t\t<div class=\"e-con-inner\">\n\t\t<div class=\"elementor-element elementor-element-b55c337 e-con-full e-flex e-con e-child\" data-id=\"b55c337\" data-element_type=\"container\">\n\t\t<div class=\"elementor-element elementor-element-947a16a animated-slow e-con-full e-flex elementor-invisible e-con e-child\" data-id=\"947a16a\" data-element_type=\"container\" data-settings=\"{&quot;animation&quot;:&quot;fadeInUp&quot;}\">\n\t\t\t\t<div class=\"elementor-element elementor-element-c91809d elementor-invisible elementor-widget elementor-widget-heading\" data-id=\"c91809d\" data-element_type=\"widget\" data-settings=\"{&quot;_animation&quot;:&quot;fadeInDown&quot;}\" data-widget_type=\"heading.default\">\n\t\t\t\t\t<h2 class=\"elementor-heading-title elementor-size-default\">Instalaciones el\u00e9ctricas en Sabadell para comunidades, empresas y particulares<\/h2>\t\t\t\t<\/div>\n\t\t\t\t<div class=\"elementor-element elementor-element-a4be3ff elementor-widget elementor-widget-text-editor\" data-id=\"a4be3ff\" data-element_type=\"widget\" data-widget_type=\"text-editor.default\">\n\t\t\t\t\t\t\t\t\t<p data-start=\"2065\" data-end=\"2469\" class=\"\">Nuestros servicios de <strong data-start=\"2088\" data-end=\"2129\">instalaciones el\u00e9ctricas en Sabadell<\/strong> se adaptan a cualquier entorno. Para comunidades de vecinos, ofrecemos mantenimientos preventivos y actuaciones r\u00e1pidas frente a incidencias. Para empresas dise\u00f1amos sistemas eficientes pensados para reducir costes energ\u00e9ticos y mejorar la productividad. Y para clientes particulares, damos soluciones pr\u00e1cticas que combinan funcionalidad y seguridad.<\/p><p data-start=\"2471\" data-end=\"2673\" class=\"\">Adem\u00e1s trabajamos tambi\u00e9n en instalaciones de agua y sistemas de climatizaci\u00f3n, creando entornos confortables y eficientes energ\u00e9ticamente. Nuestro objetivo es ser el \u00fanico interlocutor t\u00e9cnico que necesites.<\/p><p class=\"\" data-start=\"2086\" data-end=\"2353\">\n\n<\/p><p data-start=\"2675\" data-end=\"2906\" class=\"\">Conf\u00eda en Servicio de Instalaciones para las tuyas <strong data-start=\"2725\" data-end=\"2766\">instalaciones el\u00e9ctricas en Sabadell<\/strong>. Soluciones profesionales, rapidez de ejecuci\u00f3n y un trato personalizado te esperan. Contacta con nosotros y descubre c\u00f3mo podemos ayudarte.<\/p>\t\t\t\t\t\t\t\t<\/div>\n\t\t\t\t<\/div>\n\t\t\t\t<\/div>\n\t\t<div class=\"elementor-element elementor-element-9fe703e e-con-full e-flex e-con e-child\" data-id=\"9fe703e\" data-element_type=\"container\">\n\t\t<div class=\"elementor-element elementor-element-ddfaebc e-con-full e-flex e-con e-child\" data-id=\"ddfaebc\" data-element_type=\"container\">\n\t\t<div class=\"elementor-element elementor-element-cb2cd91 e-con-full e-flex e-con e-child\" data-id=\"cb2cd91\" data-element_type=\"container\">\n\t\t\t\t<div class=\"elementor-element elementor-element-b355994 elementor-invisible elementor-widget elementor-widget-image\" data-id=\"b355994\" data-element_type=\"widget\" data-settings=\"{&quot;_animation&quot;:&quot;fadeInUp&quot;}\" data-widget_type=\"image.default\">\n\t\t\t\t\t\t\t\t\t\t\t\t\t\t\t<img decoding=\"async\" width=\"2000\" height=\"1414\" src=\"https:\/\/xavitanyaserveisintegrals.com\/wp-content\/uploads\/2025\/05\/landing-4.jpg\" class=\"attachment-full size-full wp-image-1154\" alt=\"\" srcset=\"https:\/\/xavitanyaserveisintegrals.com\/wp-content\/uploads\/2025\/05\/landing-4.jpg 2000w, https:\/\/xavitanyaserveisintegrals.com\/wp-content\/uploads\/2025\/05\/landing-4-300x212.jpg 300w, https:\/\/xavitanyaserveisintegrals.com\/wp-content\/uploads\/2025\/05\/landing-4-1024x724.jpg 1024w, https:\/\/xavitanyaserveisintegrals.com\/wp-content\/uploads\/2025\/05\/landing-4-768x543.jpg 768w, https:\/\/xavitanyaserveisintegrals.com\/wp-content\/uploads\/2025\/05\/landing-4-1536x1086.jpg 1536w\" sizes=\"(max-width: 2000px) 100vw, 2000px\" \/>\t\t\t\t\t\t\t\t\t\t\t\t\t\t\t<\/div>\n\t\t\t\t<\/div>\n\t\t\t\t<div class=\"elementor-element elementor-element-8e6e2de elementor-hidden-mobile elementor-invisible elementor-widget elementor-widget-image\" data-id=\"8e6e2de\" data-element_type=\"widget\" data-settings=\"{&quot;_animation&quot;:&quot;fadeInDown&quot;}\" data-widget_type=\"image.default\">\n\t\t\t\t\t\t\t\t\t\t\t\t\t\t\t<img loading=\"lazy\" decoding=\"async\" width=\"2000\" height=\"1414\" src=\"https:\/\/xavitanyaserveisintegrals.com\/wp-content\/uploads\/2025\/05\/landing-1.jpg\" class=\"attachment-full size-full wp-image-1155\" alt=\"\" srcset=\"https:\/\/xavitanyaserveisintegrals.com\/wp-content\/uploads\/2025\/05\/landing-1.jpg 2000w, https:\/\/xavitanyaserveisintegrals.com\/wp-content\/uploads\/2025\/05\/landing-1-300x212.jpg 300w, https:\/\/xavitanyaserveisintegrals.com\/wp-content\/uploads\/2025\/05\/landing-1-1024x724.jpg 1024w, https:\/\/xavitanyaserveisintegrals.com\/wp-content\/uploads\/2025\/05\/landing-1-768x543.jpg 768w, https:\/\/xavitanyaserveisintegrals.com\/wp-content\/uploads\/2025\/05\/landing-1-1536x1086.jpg 1536w\" sizes=\"(max-width: 2000px) 100vw, 2000px\" \/>\t\t\t\t\t\t\t\t\t\t\t\t\t\t\t<\/div>\n\t\t\t\t<\/div>\n\t\t\t\t<\/div>\n\t\t\t\t\t<\/div>\n\t\t\t\t<\/div>\n\t\t<div class=\"elementor-element elementor-element-57d6e0f e-flex e-con-boxed e-con e-parent\" data-id=\"57d6e0f\" data-element_type=\"container\" data-settings=\"{&quot;background_background&quot;:&quot;classic&quot;}\">\n\t\t\t\t\t<div class=\"e-con-inner\">\n\t\t<div class=\"elementor-element elementor-element-8d1b89f e-con-full e-flex e-con e-child\" data-id=\"8d1b89f\" data-element_type=\"container\">\n\t\t\t\t<div class=\"elementor-element elementor-element-b2cf60d elementor-widget elementor-widget-heading\" data-id=\"b2cf60d\" data-element_type=\"widget\" data-widget_type=\"heading.default\">\n\t\t\t\t\t<h2 class=\"elementor-heading-title elementor-size-default\">Cont\u00e1ctanos: Estamos aqu\u00ed para ayudarte<\/h2>\t\t\t\t<\/div>\n\t\t\t\t<div class=\"elementor-element elementor-element-786a9a8 elementor-widget elementor-widget-text-editor\" data-id=\"786a9a8\" data-element_type=\"widget\" data-widget_type=\"text-editor.default\">\n\t\t\t\t\t\t\t\t\t<p><span style=\"font-weight: 400;\"><span style=\"vertical-align: inherit;\"><span style=\"vertical-align: inherit;\">En Xavi Tany\u00e0 Serveis Integrals, queremos facilitarte al m\u00e1ximo la comunicaci\u00f3n con nosotros. Ya sea para solicitar un presupuesto, resolver cualquier duda o realizar una consulta sobre nuestros servicios, estamos disponibles para atenderlo r\u00e1pidamente.<\/span><\/span><\/span><\/p>\t\t\t\t\t\t\t\t<\/div>\n\t\t<div class=\"elementor-element elementor-element-e29b805 e-grid e-con-full e-con e-child\" data-id=\"e29b805\" data-element_type=\"container\">\n\t\t\t\t<div class=\"elementor-element elementor-element-20af737 jkit-equal-height-disable elementor-widget elementor-widget-jkit_icon_box\" data-id=\"20af737\" data-element_type=\"widget\" data-widget_type=\"jkit_icon_box.default\">\n\t\t\t\t<div class=\"elementor-widget-container\">\n\t\t\t\t\t<div  class=\"jeg-elementor-kit jkit-icon-box icon-position-left elementor-animation- jeg_module___69ee5791ea180\" ><div class=\"jkit-icon-box-wrapper hover-from-left\"><div class=\"icon-box icon-box-header elementor-animation-\"><div class=\"icon style-color\"><i aria-hidden=\"true\" class=\"jki jki-cityscape-light\"><\/i><\/div><\/div><div class=\"icon-box icon-box-body\">\n                <h4 class=\"title\">Direcci\u00f3n<\/h4><p class=\"icon-box-description\">Raval de dentro 1-5 Sabadell 08202\n<\/p>\n            <\/div>\n            \n            <\/div><\/div>\t\t\t\t<\/div>\n\t\t\t\t<\/div>\n\t\t\t\t<div class=\"elementor-element elementor-element-ee484a5 jkit-equal-height-disable elementor-widget elementor-widget-jkit_icon_box\" data-id=\"ee484a5\" data-element_type=\"widget\" data-widget_type=\"jkit_icon_box.default\">\n\t\t\t\t<div class=\"elementor-widget-container\">\n\t\t\t\t\t<div  class=\"jeg-elementor-kit jkit-icon-box icon-position-left elementor-animation- jeg_module__1_69ee5791ea691\" ><div class=\"jkit-icon-box-wrapper hover-from-left\"><div class=\"icon-box icon-box-header elementor-animation-\"><div class=\"icon style-color\"><i aria-hidden=\"true\" class=\"jki jki-phone-call-light\"><\/i><\/div><\/div><div class=\"icon-box icon-box-body\">\n                <h4 class=\"title\">Tel\/Fax<\/h4><p class=\"icon-box-description\"> 629 26 26 96<\/p>\n            <\/div>\n            \n            <\/div><\/div>\t\t\t\t<\/div>\n\t\t\t\t<\/div>\n\t\t\t\t<div class=\"elementor-element elementor-element-94baf2b jkit-equal-height-disable elementor-widget elementor-widget-jkit_icon_box\" data-id=\"94baf2b\" data-element_type=\"widget\" data-widget_type=\"jkit_icon_box.default\">\n\t\t\t\t<div class=\"elementor-widget-container\">\n\t\t\t\t\t<div  class=\"jeg-elementor-kit jkit-icon-box icon-position-left elementor-animation- jeg_module__2_69ee5791ea93c\" ><div class=\"jkit-icon-box-wrapper hover-from-left\"><div class=\"icon-box icon-box-header elementor-animation-\"><div class=\"icon style-color\"><i aria-hidden=\"true\" class=\"jki jki-phone-call-light\"><\/i><\/div><\/div><div class=\"icon-box icon-box-body\">\n                <h4 class=\"title\">Xavi Tany\u00e0<\/h4><p class=\"icon-box-description\"> 629 26 26 96\n\n<\/p>\n            <\/div>\n            \n            <\/div><\/div>\t\t\t\t<\/div>\n\t\t\t\t<\/div>\n\t\t\t\t<\/div>\n\t\t\t\t<\/div>\n\t\t<div class=\"elementor-element elementor-element-d333835 e-con-full e-flex e-con e-child\" data-id=\"d333835\" data-element_type=\"container\">\n\t\t\t\t<div class=\"elementor-element elementor-element-8b3f4d9 elementor-widget elementor-widget-jkit_contact_form_7\" data-id=\"8b3f4d9\" data-element_type=\"widget\" data-widget_type=\"jkit_contact_form_7.default\">\n\t\t\t\t<div class=\"elementor-widget-container\">\n\t\t\t\t\t<div  class=\"jeg-elementor-kit jkit-contact-form-7 jeg_module__3_69ee5791eb870\" >\n<div class=\"wpcf7 no-js\" id=\"wpcf7-f469-o1\" lang=\"en-US\" dir=\"ltr\" data-wpcf7-id=\"469\">\n<div class=\"screen-reader-response\"><p role=\"status\" aria-live=\"polite\" aria-atomic=\"true\"><\/p> <ul><\/ul><\/div>\n<form action=\"\/es\/wp-json\/wp\/v2\/pages\/1298#wpcf7-f469-o1\" method=\"post\" class=\"wpcf7-form init\" aria-label=\"Contact form\" novalidate=\"novalidate\" data-status=\"init\" data-trp-original-action=\"\/es\/wp-json\/wp\/v2\/pages\/1298#wpcf7-f469-o1\">\n<div style=\"display: none;\">\n<input type=\"hidden\" name=\"_wpcf7\" value=\"469\" \/>\n<input type=\"hidden\" name=\"_wpcf7_version\" value=\"6.0.6\" \/>\n<input type=\"hidden\" name=\"_wpcf7_locale\" value=\"en_US\" \/>\n<input type=\"hidden\" name=\"_wpcf7_unit_tag\" value=\"wpcf7-f469-o1\" \/>\n<input type=\"hidden\" name=\"_wpcf7_container_post\" value=\"0\" \/>\n<input type=\"hidden\" name=\"_wpcf7_posted_data_hash\" value=\"\" \/>\n<input type=\"hidden\" name=\"_wpcf7_recaptcha_response\" value=\"\" \/>\n<\/div>\n<div class=\"form-row\">\n\t<div class=\"form-column\">\n\t\t<p><span class=\"wpcf7-form-control-wrap\" data-name=\"nombre\"><input size=\"40\" maxlength=\"400\" class=\"wpcf7-form-control wpcf7-text wpcf7-validates-as-required\" aria-required=\"true\" aria-invalid=\"false\" placeholder=\"Nombre\" value=\"\" type=\"text\" name=\"nombre\" \/><\/span>\n\t\t<\/p>\n\t<\/div>\n\t<div class=\"form-column\">\n\t\t<p><span class=\"wpcf7-form-control-wrap\" data-name=\"telefono\"><input size=\"40\" maxlength=\"400\" class=\"wpcf7-form-control wpcf7-tel wpcf7-validates-as-required wpcf7-text wpcf7-validates-as-tel\" aria-required=\"true\" aria-invalid=\"false\" placeholder=\"Tel\u00e9fono *\" value=\"\" type=\"tel\" name=\"telefono\" \/><\/span>\n\t\t<\/p>\n\t<\/div>\n<\/div>\n<div class=\"form-row\">\n\t<div class=\"form-column\">\n\t\t<p><span class=\"wpcf7-form-control-wrap\" data-name=\"email\"><input size=\"40\" maxlength=\"400\" class=\"wpcf7-form-control wpcf7-email wpcf7-validates-as-required wpcf7-text wpcf7-validates-as-email\" aria-required=\"true\" aria-invalid=\"false\" placeholder=\"Correo electr\u00f3nico *\" value=\"\" type=\"email\" name=\"email\" \/><\/span>\n\t\t<\/p>\n\t<\/div>\n\t<div class=\"form-column\">\n\t\t<p><span class=\"wpcf7-form-control-wrap\" data-name=\"asunto\"><input size=\"40\" maxlength=\"400\" class=\"wpcf7-form-control wpcf7-text wpcf7-validates-as-required\" aria-required=\"true\" aria-invalid=\"false\" placeholder=\"Asunto *\" value=\"\" type=\"text\" name=\"asunto\" \/><\/span>\n\t\t<\/p>\n\t<\/div>\n<\/div>\n<p><span class=\"wpcf7-form-control-wrap\" data-name=\"mensaje\"><textarea cols=\"40\" rows=\"10\" maxlength=\"2000\" class=\"wpcf7-form-control wpcf7-textarea wpcf7-validates-as-required\" aria-required=\"true\" aria-invalid=\"false\" placeholder=\"Mensaje\" name=\"mensaje\"><\/textarea><\/span>\n<\/p>\n<p><span class=\"wpcf7-form-control-wrap\" data-name=\"acceptance-787\"><span class=\"wpcf7-form-control wpcf7-acceptance\"><span class=\"wpcf7-list-item\"><input type=\"checkbox\" name=\"acceptance-787\" value=\"1\" aria-invalid=\"false\" \/><\/span><\/span><\/span> He le\u00eddo y acepto <a href=\"https:\/\/xavitanyaserveisintegrals.com\/es\/aviso-legal\/\">el aviso legal <\/a>y la <a href=\"https:\/\/xavitanyaserveisintegrals.com\/es\/politica-de-cookies\/\">pol\u00edtica de privacidad<\/a>\n<\/p>\n<p><input class=\"wpcf7-form-control wpcf7-submit has-spinner\" type=\"submit\" value=\"Enviar Mensaje\" \/>\n<\/p><div class=\"wpcf7-response-output\" aria-hidden=\"true\"><\/div>\n<input type=\"hidden\" name=\"trp-form-language\" value=\"es\"\/><\/form>\n<\/div>\n<\/div>\t\t\t\t<\/div>\n\t\t\t\t<\/div>\n\t\t\t\t<\/div>\n\t\t\t\t\t<\/div>\n\t\t\t\t<\/div>\n\t\t\t\t<\/div>","protected":false},"excerpt":{"rendered":"<p>Instal.lacions el\u00e8ctriques a Sabadell Instal\u00b7lacions el\u00e8ctriques a Sabadell amb 25 anys d\u2019experi\u00e8ncia i confian\u00e7a A Servei d\u2019Instal\u00b7lacions som especialistes en instal\u00b7lacions el\u00e8ctriques a Sabadell, amb m\u00e9s de dues d\u00e8cades oferint solucions fiables i eficients per a tot tipus de clients: comunitats de ve\u00efns, empreses i particulars. El nostre comprom\u00eds \u00e9s garantir la seguretat, l\u2019efici\u00e8ncia i [&hellip;]<\/p>","protected":false},"author":2,"featured_media":0,"parent":0,"menu_order":0,"comment_status":"closed","ping_status":"closed","template":"","meta":{"footnotes":""},"class_list":["post-1298","page","type-page","status-publish","hentry"],"_links":{"self":[{"href":"https:\/\/xavitanyaserveisintegrals.com\/es\/wp-json\/wp\/v2\/pages\/1298","targetHints":{"allow":["GET"]}}],"collection":[{"href":"https:\/\/xavitanyaserveisintegrals.com\/es\/wp-json\/wp\/v2\/pages"}],"about":[{"href":"https:\/\/xavitanyaserveisintegrals.com\/es\/wp-json\/wp\/v2\/types\/page"}],"author":[{"embeddable":true,"href":"https:\/\/xavitanyaserveisintegrals.com\/es\/wp-json\/wp\/v2\/users\/2"}],"replies":[{"embeddable":true,"href":"https:\/\/xavitanyaserveisintegrals.com\/es\/wp-json\/wp\/v2\/comments?post=1298"}],"version-history":[{"count":8,"href":"https:\/\/xavitanyaserveisintegrals.com\/es\/wp-json\/wp\/v2\/pages\/1298\/revisions"}],"predecessor-version":[{"id":1307,"href":"https:\/\/xavitanyaserveisintegrals.com\/es\/wp-json\/wp\/v2\/pages\/1298\/revisions\/1307"}],"wp:attachment":[{"href":"https:\/\/xavitanyaserveisintegrals.com\/es\/wp-json\/wp\/v2\/media?parent=1298"}],"curies":[{"name":"wp","href":"https:\/\/api.w.org\/{rel}","templated":true}]}}