{"id":13,"date":"2025-03-01T00:51:21","date_gmt":"2025-03-01T00:51:21","guid":{"rendered":"https:\/\/xavitanyaserveisintegrals.com\/?page_id=13"},"modified":"2025-05-21T20:49:34","modified_gmt":"2025-05-21T20:49:34","slug":"nosaltres","status":"publish","type":"page","link":"https:\/\/xavitanyaserveisintegrals.com\/es\/nosaltres\/","title":{"rendered":"Nosotros"},"content":{"rendered":"<div data-elementor-type=\"wp-page\" data-elementor-id=\"13\" class=\"elementor elementor-13\" data-elementor-post-type=\"page\">\n\t\t\t\t<div class=\"elementor-element elementor-element-43ef10c e-flex e-con-boxed e-con e-parent\" data-id=\"43ef10c\" data-element_type=\"container\" data-settings=\"{&quot;background_background&quot;:&quot;classic&quot;}\">\n\t\t\t\t\t<div class=\"e-con-inner\">\n\t\t<div class=\"elementor-element elementor-element-e075628 e-con-full e-flex e-con e-child\" data-id=\"e075628\" data-element_type=\"container\">\n\t\t\t\t<div class=\"elementor-element elementor-element-0ee7895 elementor-widget elementor-widget-heading\" data-id=\"0ee7895\" data-element_type=\"widget\" data-widget_type=\"heading.default\">\n\t\t\t\t\t<h2 class=\"elementor-heading-title elementor-size-default\">Sobre nosotros<\/h2>\t\t\t\t<\/div>\n\t\t\t\t<\/div>\n\t\t\t\t\t<\/div>\n\t\t\t\t<\/div>\n\t\t<div class=\"elementor-element elementor-element-54754bb e-flex e-con-boxed e-con e-parent\" data-id=\"54754bb\" data-element_type=\"container\" data-settings=\"{&quot;background_background&quot;:&quot;classic&quot;}\">\n\t\t\t\t\t<div class=\"e-con-inner\">\n\t\t<div class=\"elementor-element elementor-element-0613ad5 e-con-full e-flex e-con e-child\" data-id=\"0613ad5\" data-element_type=\"container\">\n\t\t\t\t<div class=\"elementor-element elementor-element-37e07cc elementor-widget elementor-widget-image\" data-id=\"37e07cc\" data-element_type=\"widget\" data-widget_type=\"image.default\">\n\t\t\t\t\t\t\t\t\t\t\t\t\t\t\t<img fetchpriority=\"high\" decoding=\"async\" width=\"2000\" height=\"1414\" src=\"https:\/\/xavitanyaserveisintegrals.com\/wp-content\/uploads\/2025\/05\/landing-2.jpg\" class=\"attachment-full size-full wp-image-1152\" alt=\"\" srcset=\"https:\/\/xavitanyaserveisintegrals.com\/wp-content\/uploads\/2025\/05\/landing-2.jpg 2000w, https:\/\/xavitanyaserveisintegrals.com\/wp-content\/uploads\/2025\/05\/landing-2-300x212.jpg 300w, https:\/\/xavitanyaserveisintegrals.com\/wp-content\/uploads\/2025\/05\/landing-2-1024x724.jpg 1024w, https:\/\/xavitanyaserveisintegrals.com\/wp-content\/uploads\/2025\/05\/landing-2-768x543.jpg 768w, https:\/\/xavitanyaserveisintegrals.com\/wp-content\/uploads\/2025\/05\/landing-2-1536x1086.jpg 1536w\" sizes=\"(max-width: 2000px) 100vw, 2000px\" \/>\t\t\t\t\t\t\t\t\t\t\t\t\t\t\t<\/div>\n\t\t\t\t<div class=\"elementor-element elementor-element-9ca43cd elementor-widget__width-initial elementor-absolute elementor-hidden-phone animated-slow elementor-hidden-tablet elementor-invisible elementor-widget elementor-widget-jkit_fun_fact\" data-id=\"9ca43cd\" data-element_type=\"widget\" data-settings=\"{&quot;_position&quot;:&quot;absolute&quot;,&quot;_animation&quot;:&quot;fadeInUp&quot;}\" data-widget_type=\"jkit_fun_fact.default\">\n\t\t\t\t<div class=\"elementor-widget-container\">\n\t\t\t\t\t<div  class=\"jeg-elementor-kit jkit-fun-fact align-center hover-from-left elementor-animation- jeg_module___69ee44b99b898\" ><div class=\"fun-fact-inner\">\n            <div class=\"content\">\n                <div class=\"number-wrapper\"><span class=\"prefix\">+<\/span>\n        <span class=\"number\" data-value=\"30\" data-animation-duration=\"3500\">0<\/span>\n        <span class=\"suffix\"><\/span><sup class=\"super\"><\/sup><\/div>\n                <h2 class=\"title\">A\u00f1os de Experiencias<\/h2>\n            <\/div>\n        <\/div><\/div>\t\t\t\t<\/div>\n\t\t\t\t<\/div>\n\t\t\t\t<\/div>\n\t\t<div class=\"elementor-element elementor-element-378cfc6 e-con-full e-flex e-con e-child\" data-id=\"378cfc6\" data-element_type=\"container\">\n\t\t\t\t<div class=\"elementor-element elementor-element-9a12aa6 elementor-widget elementor-widget-text-editor\" data-id=\"9a12aa6\" data-element_type=\"widget\" data-widget_type=\"text-editor.default\">\n\t\t\t\t\t\t\t\t\t<p><b>Sobre nosotros<\/b><\/p>\t\t\t\t\t\t\t\t<\/div>\n\t\t\t\t<div class=\"elementor-element elementor-element-a37eda1 elementor-widget elementor-widget-heading\" data-id=\"a37eda1\" data-element_type=\"widget\" data-widget_type=\"heading.default\">\n\t\t\t\t\t<h2 class=\"elementor-heading-title elementor-size-default\">M\u00e1s de 30 a\u00f1os ofreciendo servicios integrales de reforma<\/h2>\t\t\t\t<\/div>\n\t\t\t\t<div class=\"elementor-element elementor-element-1821aa4 elementor-widget elementor-widget-text-editor\" data-id=\"1821aa4\" data-element_type=\"widget\" data-widget_type=\"text-editor.default\">\n\t\t\t\t\t\t\t\t\t<p><span style=\"font-weight: 400;\">En Xavi Tany\u00e0 Serveis Integrals somos una empresa con m\u00e1s de 30 a\u00f1os de experiencia en el sector de las reformas, instalaciones y mantenimiento. Durante todo este tiempo, nos hemos consolidado como referente en la industria, con una amplia gama de servicios adaptados a las necesidades de nuestros clientes.<\/span><\/p>\t\t\t\t\t\t\t\t<\/div>\n\t\t\t\t<\/div>\n\t\t\t\t\t<\/div>\n\t\t\t\t<\/div>\n\t\t<div class=\"elementor-element elementor-element-8925edc e-flex e-con-boxed e-con e-parent\" data-id=\"8925edc\" data-element_type=\"container\" data-settings=\"{&quot;background_background&quot;:&quot;classic&quot;}\">\n\t\t\t\t\t<div class=\"e-con-inner\">\n\t\t<div class=\"elementor-element elementor-element-9737964 e-con-full e-flex e-con e-child\" data-id=\"9737964\" data-element_type=\"container\">\n\t\t\t\t<div class=\"elementor-element elementor-element-5aa1d88 elementor-widget elementor-widget-heading\" data-id=\"5aa1d88\" data-element_type=\"widget\" data-widget_type=\"heading.default\">\n\t\t\t\t\t<h2 class=\"elementor-heading-title elementor-size-default\">Miembro del Gremio de Constructores\n<\/h2>\t\t\t\t<\/div>\n\t\t\t\t<div class=\"elementor-element elementor-element-6a6bab4 elementor-widget elementor-widget-text-editor\" data-id=\"6a6bab4\" data-element_type=\"widget\" data-widget_type=\"text-editor.default\">\n\t\t\t\t\t\t\t\t\t<p><strong data-start=\"180\" data-end=\"274\">Xavi Tany\u00e0 Serveis Integrals est\u00e1 agremiado en el Gremio de Constructores de Sabadell y Comarca.<\/strong><br data-start=\"274\" data-end=\"277\" \/>Esta afiliaci\u00f3n refleja nuestro compromiso con la calidad, profesionalidad y sector de la construcci\u00f3n.<\/p>\t\t\t\t\t\t\t\t<\/div>\n\t\t\t\t<\/div>\n\t\t<div class=\"elementor-element elementor-element-c14b1fe e-con-full e-flex e-con e-child\" data-id=\"c14b1fe\" data-element_type=\"container\">\n\t\t\t\t<div class=\"elementor-element elementor-element-cbbf76c elementor-widget-mobile__width-inherit elementor-widget elementor-widget-image\" data-id=\"cbbf76c\" data-element_type=\"widget\" data-widget_type=\"image.default\">\n\t\t\t\t\t\t\t\t\t\t\t\t\t\t\t<img decoding=\"async\" width=\"341\" height=\"228\" src=\"https:\/\/xavitanyaserveisintegrals.com\/wp-content\/uploads\/2025\/04\/imagen_2025-04-14_153337162-e1745498500952.png\" class=\"attachment-full size-full wp-image-646\" alt=\"\" srcset=\"https:\/\/xavitanyaserveisintegrals.com\/wp-content\/uploads\/2025\/04\/imagen_2025-04-14_153337162-e1745498500952.png 341w, https:\/\/xavitanyaserveisintegrals.com\/wp-content\/uploads\/2025\/04\/imagen_2025-04-14_153337162-e1745498500952-300x201.png 300w\" sizes=\"(max-width: 341px) 100vw, 341px\" \/>\t\t\t\t\t\t\t\t\t\t\t\t\t\t\t<\/div>\n\t\t\t\t<\/div>\n\t\t\t\t\t<\/div>\n\t\t\t\t<\/div>\n\t\t<div class=\"elementor-element elementor-element-6cfe8cf e-flex e-con-boxed e-con e-parent\" data-id=\"6cfe8cf\" data-element_type=\"container\" data-settings=\"{&quot;background_background&quot;:&quot;classic&quot;}\">\n\t\t\t\t\t<div class=\"e-con-inner\">\n\t\t<div class=\"elementor-element elementor-element-0de69c9 e-con-full e-flex e-con e-child\" data-id=\"0de69c9\" data-element_type=\"container\">\n\t\t\t\t<div class=\"elementor-element elementor-element-ad2fb74 elementor-widget elementor-widget-heading\" data-id=\"ad2fb74\" data-element_type=\"widget\" data-widget_type=\"heading.default\">\n\t\t\t\t\t<h2 class=\"elementor-heading-title elementor-size-default\">Contamos con un equipo industrial calificado y experto\n<\/h2>\t\t\t\t<\/div>\n\t\t\t\t<div class=\"elementor-element elementor-element-2e17b16 elementor-widget elementor-widget-text-editor\" data-id=\"2e17b16\" data-element_type=\"widget\" data-widget_type=\"text-editor.default\">\n\t\t\t\t\t\t\t\t\t<p><span style=\"font-weight: 400;\">Nuestro \u00e9xito se basa en la confianza que nuestros clientes depositan en nosotros, as\u00ed como en nuestra capacidad de adaptarnos a todo tipo de proyectos, grandes o peque\u00f1os. Ofrecemos soluciones personalizadas y de calidad, trabajando con materiales de primeras marcas y con un equipo de industriales altamente calificados que garantizan la mejor ejecuci\u00f3n de cada trabajo.<\/span><\/p>\t\t\t\t\t\t\t\t<\/div>\n\t\t\t\t<\/div>\n\t\t\t\t\t<\/div>\n\t\t\t\t<\/div>\n\t\t\t\t<\/div>","protected":false},"excerpt":{"rendered":"<p>Sobre nosaltres + 0 Anys d&#039;Experi\u00e8ncies Sobre nosaltres M\u00e9s de 30 anys oferint serveis integrals de reforma A Xavi Tany\u00e0 Serveis Integrals som una empresa amb m\u00e9s de 30 anys d\u2019experi\u00e8ncia en el sector de les reformes, instal\u00b7lacions i manteniment. Durant tot aquest temps, ens hem consolidat com un referent en la ind\u00fastria, amb una [&hellip;]<\/p>","protected":false},"author":2,"featured_media":0,"parent":0,"menu_order":0,"comment_status":"closed","ping_status":"closed","template":"elementor_header_footer","meta":{"footnotes":""},"class_list":["post-13","page","type-page","status-publish","hentry"],"_links":{"self":[{"href":"https:\/\/xavitanyaserveisintegrals.com\/es\/wp-json\/wp\/v2\/pages\/13","targetHints":{"allow":["GET"]}}],"collection":[{"href":"https:\/\/xavitanyaserveisintegrals.com\/es\/wp-json\/wp\/v2\/pages"}],"about":[{"href":"https:\/\/xavitanyaserveisintegrals.com\/es\/wp-json\/wp\/v2\/types\/page"}],"author":[{"embeddable":true,"href":"https:\/\/xavitanyaserveisintegrals.com\/es\/wp-json\/wp\/v2\/users\/2"}],"replies":[{"embeddable":true,"href":"https:\/\/xavitanyaserveisintegrals.com\/es\/wp-json\/wp\/v2\/comments?post=13"}],"version-history":[{"count":34,"href":"https:\/\/xavitanyaserveisintegrals.com\/es\/wp-json\/wp\/v2\/pages\/13\/revisions"}],"predecessor-version":[{"id":1336,"href":"https:\/\/xavitanyaserveisintegrals.com\/es\/wp-json\/wp\/v2\/pages\/13\/revisions\/1336"}],"wp:attachment":[{"href":"https:\/\/xavitanyaserveisintegrals.com\/es\/wp-json\/wp\/v2\/media?parent=13"}],"curies":[{"name":"wp","href":"https:\/\/api.w.org\/{rel}","templated":true}]}}