{"id":14,"date":"2025-03-01T00:51:36","date_gmt":"2025-03-01T00:51:36","guid":{"rendered":"https:\/\/xavitanyaserveisintegrals.com\/?page_id=14"},"modified":"2025-03-10T20:12:21","modified_gmt":"2025-03-10T20:12:21","slug":"reformes-integrals","status":"publish","type":"page","link":"https:\/\/xavitanyaserveisintegrals.com\/es\/reformes-integrals\/","title":{"rendered":"Reformas integrales"},"content":{"rendered":"<div data-elementor-type=\"wp-page\" data-elementor-id=\"14\" class=\"elementor elementor-14\" data-elementor-post-type=\"page\">\n\t\t\t\t<div class=\"elementor-element elementor-element-9e7d7f0 e-flex e-con-boxed e-con e-parent\" data-id=\"9e7d7f0\" data-element_type=\"container\" data-settings=\"{&quot;background_background&quot;:&quot;classic&quot;}\">\n\t\t\t\t\t<div class=\"e-con-inner\">\n\t\t<div class=\"elementor-element elementor-element-27bdb03 e-con-full e-flex e-con e-child\" data-id=\"27bdb03\" data-element_type=\"container\">\n\t\t\t\t<div class=\"elementor-element elementor-element-2ec3cd2 elementor-widget__width-initial elementor-widget elementor-widget-heading\" data-id=\"2ec3cd2\" data-element_type=\"widget\" data-widget_type=\"heading.default\">\n\t\t\t\t\t<h2 class=\"elementor-heading-title elementor-size-default\">Reformas integrales: Soluciones completas para todos los tipos de espacios\n<\/h2>\t\t\t\t<\/div>\n\t\t\t\t<div class=\"elementor-element elementor-element-9380430 elementor-widget__width-initial elementor-widget elementor-widget-text-editor\" data-id=\"9380430\" data-element_type=\"widget\" data-widget_type=\"text-editor.default\">\n\t\t\t\t\t\t\t\t\t<p><span style=\"font-weight: 400;\">En Xavi Tany\u00e0 Serveis Integrals, somos especialistas en reformas integrales, adaptadas a las necesidades espec\u00edficas de cada cliente. Nos encargamos de todo el proceso, desde el dise\u00f1o inicial hasta la finalizaci\u00f3n de la obra, asegur\u00e1ndonos que cada detalle sea atendido con el m\u00e1ximo cuidado y profesionalidad.<\/span><\/p>\t\t\t\t\t\t\t\t<\/div>\n\t\t\t\t<\/div>\n\t\t\t\t\t<\/div>\n\t\t\t\t<\/div>\n\t\t<div class=\"elementor-element elementor-element-d1cf2a2 e-flex e-con-boxed e-con e-parent\" data-id=\"d1cf2a2\" data-element_type=\"container\">\n\t\t\t\t\t<div class=\"e-con-inner\">\n\t\t\t\t<div class=\"elementor-element elementor-element-e6d4fb5 elementor-widget__width-initial elementor-widget elementor-widget-heading\" data-id=\"e6d4fb5\" data-element_type=\"widget\" data-widget_type=\"heading.default\">\n\t\t\t\t\t<h2 class=\"elementor-heading-title elementor-size-default\">C\u00f3mo transformamos cada local: Nuestros servicios de reforma\n<\/h2>\t\t\t\t<\/div>\n\t\t<div class=\"elementor-element elementor-element-91a1464 e-grid e-con-full e-con e-child\" data-id=\"91a1464\" data-element_type=\"container\">\n\t\t<div class=\"elementor-element elementor-element-822945d e-con-full e-flex e-con e-child\" data-id=\"822945d\" data-element_type=\"container\">\n\t\t\t\t<div class=\"elementor-element elementor-element-447f7cd jkit-equal-height-disable elementor-widget elementor-widget-jkit_icon_box\" data-id=\"447f7cd\" data-element_type=\"widget\" data-widget_type=\"jkit_icon_box.default\">\n\t\t\t\t<div class=\"elementor-widget-container\">\n\t\t\t\t\t<div  class=\"jeg-elementor-kit jkit-icon-box icon-position- elementor-animation- jeg_module___69fb410307935\" ><div class=\"jkit-icon-box-wrapper hover-from-left\"><div class=\"icon-box icon-box-header elementor-animation-\"><div class=\"icon style-color\"><i aria-hidden=\"true\" class=\"jki jki-badge-light\"><\/i><\/div><\/div><div class=\"icon-box icon-box-body\">\n                <h2 class=\"title\">Reformas<br> industriales<\/h2><p class=\"icon-box-description\">Renovamos naves y espacios industriales con un enfoque en funcionalidad, seguridad y eficiencia operativa.\n<\/p>\n            <\/div>\n            \n            <\/div><\/div>\t\t\t\t<\/div>\n\t\t\t\t<\/div>\n\t\t\t\t<div class=\"elementor-element elementor-element-95f981c elementor-align-center elementor-widget elementor-widget-button\" data-id=\"95f981c\" data-element_type=\"widget\" data-widget_type=\"button.default\">\n\t\t\t\t\t\t\t\t\t\t<a class=\"elementor-button elementor-button-link elementor-size-sm elementor-animation-grow\" href=\"https:\/\/xavitanyaserveisintegrals.com\/es\/reformes-integrals\/reformes-industrials\/\">\n\t\t\t\t\t\t<span class=\"elementor-button-content-wrapper\">\n\t\t\t\t\t\t\t\t\t<span class=\"elementor-button-text\">Saber m\u00e1s<\/span>\n\t\t\t\t\t<\/span>\n\t\t\t\t\t<\/a>\n\t\t\t\t\t\t\t\t<\/div>\n\t\t\t\t<\/div>\n\t\t<div class=\"elementor-element elementor-element-dd09fad e-con-full e-flex e-con e-child\" data-id=\"dd09fad\" data-element_type=\"container\">\n\t\t\t\t<div class=\"elementor-element elementor-element-e2b820d jkit-equal-height-disable elementor-widget elementor-widget-jkit_icon_box\" data-id=\"e2b820d\" data-element_type=\"widget\" data-widget_type=\"jkit_icon_box.default\">\n\t\t\t\t<div class=\"elementor-widget-container\">\n\t\t\t\t\t<div  class=\"jeg-elementor-kit jkit-icon-box icon-position- elementor-animation- jeg_module__1_69fb410307e7d\" ><div class=\"jkit-icon-box-wrapper hover-from-left\"><div class=\"icon-box icon-box-header elementor-animation-\"><div class=\"icon style-color\"><i aria-hidden=\"true\" class=\"jki jki-building-light\"><\/i><\/div><\/div><div class=\"icon-box icon-box-body\">\n                <h2 class=\"title\">Reformas por<br> particulares<\/h2><p class=\"icon-box-description\">Transformamos tu hogar con reformas completas de cocinas, ba\u00f1os, salones y otros espacios, adapt\u00e1ndonos a tus gustos y necesidades.<\/p>\n            <\/div>\n            \n            <\/div><\/div>\t\t\t\t<\/div>\n\t\t\t\t<\/div>\n\t\t\t\t<div class=\"elementor-element elementor-element-be731e2 elementor-align-center elementor-widget elementor-widget-button\" data-id=\"be731e2\" data-element_type=\"widget\" data-widget_type=\"button.default\">\n\t\t\t\t\t\t\t\t\t\t<a class=\"elementor-button elementor-button-link elementor-size-sm elementor-animation-grow\" href=\"https:\/\/xavitanyaserveisintegrals.com\/es\/reformes-integrals\/reformes-particulars\/\">\n\t\t\t\t\t\t<span class=\"elementor-button-content-wrapper\">\n\t\t\t\t\t\t\t\t\t<span class=\"elementor-button-text\">Saber m\u00e1s<\/span>\n\t\t\t\t\t<\/span>\n\t\t\t\t\t<\/a>\n\t\t\t\t\t\t\t\t<\/div>\n\t\t\t\t<\/div>\n\t\t<div class=\"elementor-element elementor-element-35ba9c6 e-con-full e-flex e-con e-child\" data-id=\"35ba9c6\" data-element_type=\"container\">\n\t\t\t\t<div class=\"elementor-element elementor-element-a08cf75 jkit-equal-height-disable elementor-widget elementor-widget-jkit_icon_box\" data-id=\"a08cf75\" data-element_type=\"widget\" data-widget_type=\"jkit_icon_box.default\">\n\t\t\t\t<div class=\"elementor-widget-container\">\n\t\t\t\t\t<div  class=\"jeg-elementor-kit jkit-icon-box icon-position- elementor-animation- jeg_module__2_69fb41030813c\" ><div class=\"jkit-icon-box-wrapper hover-from-left\"><div class=\"icon-box icon-box-header elementor-animation-\"><div class=\"icon style-color\"><i aria-hidden=\"true\" class=\"jki jki-brickwall-light\"><\/i><\/div><\/div><div class=\"icon-box icon-box-body\">\n                <h2 class=\"title\">Reformas por<br> a empresas<\/h2><p class=\"icon-box-description\">Dise\u00f1amos y realizamos reformas de oficinas y comercios para crear espacios profesionales modernos y eficientes.\n\n<\/p>\n            <\/div>\n            \n            <\/div><\/div>\t\t\t\t<\/div>\n\t\t\t\t<\/div>\n\t\t\t\t<div class=\"elementor-element elementor-element-1666bc0 elementor-align-center elementor-widget elementor-widget-button\" data-id=\"1666bc0\" data-element_type=\"widget\" data-widget_type=\"button.default\">\n\t\t\t\t\t\t\t\t\t\t<a class=\"elementor-button elementor-button-link elementor-size-sm elementor-animation-grow\" href=\"https:\/\/xavitanyaserveisintegrals.com\/es\/reformes-integrals\/reformes-per-empreses\/\">\n\t\t\t\t\t\t<span class=\"elementor-button-content-wrapper\">\n\t\t\t\t\t\t\t\t\t<span class=\"elementor-button-text\">Saber m\u00e1s<\/span>\n\t\t\t\t\t<\/span>\n\t\t\t\t\t<\/a>\n\t\t\t\t\t\t\t\t<\/div>\n\t\t\t\t<\/div>\n\t\t<div class=\"elementor-element elementor-element-f699430 e-con-full e-flex e-con e-child\" data-id=\"f699430\" data-element_type=\"container\">\n\t\t\t\t<div class=\"elementor-element elementor-element-7a9fbea jkit-equal-height-disable elementor-widget elementor-widget-jkit_icon_box\" data-id=\"7a9fbea\" data-element_type=\"widget\" data-widget_type=\"jkit_icon_box.default\">\n\t\t\t\t<div class=\"elementor-widget-container\">\n\t\t\t\t\t<div  class=\"jeg-elementor-kit jkit-icon-box icon-position- elementor-animation- jeg_module__3_69fb4103083d9\" ><div class=\"jkit-icon-box-wrapper hover-from-left\"><div class=\"icon-box icon-box-header elementor-animation-\"><div class=\"icon style-color\"><i aria-hidden=\"true\" class=\"jki jki-valve-light\"><\/i><\/div><\/div><div class=\"icon-box icon-box-body\">\n                <h2 class=\"title\">Reformas para comunidades de vecinos<\/h2><p class=\"icon-box-description\">Mejoramos espacios comunes como escaleras, pasillos y zonas de recreo, garantizando una mejor convivencia para los vecinos.\n<\/p>\n            <\/div>\n            \n            <\/div><\/div>\t\t\t\t<\/div>\n\t\t\t\t<\/div>\n\t\t\t\t<div class=\"elementor-element elementor-element-406ffa0 elementor-align-center elementor-widget elementor-widget-button\" data-id=\"406ffa0\" data-element_type=\"widget\" data-widget_type=\"button.default\">\n\t\t\t\t\t\t\t\t\t\t<a class=\"elementor-button elementor-button-link elementor-size-sm elementor-animation-grow\" href=\"https:\/\/xavitanyaserveisintegrals.com\/es\/reformes-integrals\/reformes-per-comunitats\/\">\n\t\t\t\t\t\t<span class=\"elementor-button-content-wrapper\">\n\t\t\t\t\t\t\t\t\t<span class=\"elementor-button-text\">Saber m\u00e1s<\/span>\n\t\t\t\t\t<\/span>\n\t\t\t\t\t<\/a>\n\t\t\t\t\t\t\t\t<\/div>\n\t\t\t\t<\/div>\n\t\t\t\t<\/div>\n\t\t\t\t\t<\/div>\n\t\t\t\t<\/div>\n\t\t<div class=\"elementor-element elementor-element-dd3f31b e-flex e-con-boxed e-con e-parent\" data-id=\"dd3f31b\" data-element_type=\"container\" data-settings=\"{&quot;background_background&quot;:&quot;classic&quot;}\">\n\t\t\t\t\t<div class=\"e-con-inner\">\n\t\t<div class=\"elementor-element elementor-element-dde159d e-con-full e-flex e-con e-child\" data-id=\"dde159d\" data-element_type=\"container\">\n\t\t\t\t<div class=\"elementor-element elementor-element-7b56b4f elementor-widget elementor-widget-heading\" data-id=\"7b56b4f\" data-element_type=\"widget\" data-widget_type=\"heading.default\">\n\t\t\t\t\t<h2 class=\"elementor-heading-title elementor-size-default\">Contamos con un equipo industrial calificado y experto\n<\/h2>\t\t\t\t<\/div>\n\t\t\t\t<div class=\"elementor-element elementor-element-d09d68e elementor-widget elementor-widget-text-editor\" data-id=\"d09d68e\" data-element_type=\"widget\" data-widget_type=\"text-editor.default\">\n\t\t\t\t\t\t\t\t\t<p><span style=\"font-weight: 400;\">Nuestro \u00e9xito se basa en la confianza que nuestros clientes depositan en nosotros, as\u00ed como en nuestra capacidad de adaptarnos a todo tipo de proyectos, grandes o peque\u00f1os. Ofrecemos soluciones personalizadas y de calidad, trabajando con materiales de primeras marcas y con un equipo de industriales altamente calificados que garantizan la mejor ejecuci\u00f3n de cada trabajo.<\/span><\/p>\t\t\t\t\t\t\t\t<\/div>\n\t\t\t\t<\/div>\n\t\t\t\t<div class=\"elementor-element elementor-element-b0ba1c3 elementor-widget elementor-widget-button\" data-id=\"b0ba1c3\" data-element_type=\"widget\" data-widget_type=\"button.default\">\n\t\t\t\t\t\t\t\t\t\t<a class=\"elementor-button elementor-button-link elementor-size-sm\" href=\"https:\/\/xavitanyaserveisintegrals.com\/es\/contacte\/\">\n\t\t\t\t\t\t<span class=\"elementor-button-content-wrapper\">\n\t\t\t\t\t\t\t\t\t<span class=\"elementor-button-text\">Contacto<\/span>\n\t\t\t\t\t<\/span>\n\t\t\t\t\t<\/a>\n\t\t\t\t\t\t\t\t<\/div>\n\t\t\t\t\t<\/div>\n\t\t\t\t<\/div>\n\t\t\t\t<\/div>","protected":false},"excerpt":{"rendered":"<p>Reformas integrales: Soluciones completas para todos los tipos de espacios En Xavi Tany\u00e0 Serveis Integrals, somos especialistas en reformas integrales, adaptadas a las necesidades espec\u00edficas de cada cliente. Nos encargamos de todo el proceso, desde el dise\u00f1o inicial hasta la finalizaci\u00f3n de la obra, asegur\u00e1ndonos que cada detalle sea atendido con el m\u00e1ximo cuidado [...]<\/p>","protected":false},"author":2,"featured_media":0,"parent":0,"menu_order":0,"comment_status":"closed","ping_status":"closed","template":"elementor_header_footer","meta":{"footnotes":""},"class_list":["post-14","page","type-page","status-publish","hentry"],"_links":{"self":[{"href":"https:\/\/xavitanyaserveisintegrals.com\/es\/wp-json\/wp\/v2\/pages\/14","targetHints":{"allow":["GET"]}}],"collection":[{"href":"https:\/\/xavitanyaserveisintegrals.com\/es\/wp-json\/wp\/v2\/pages"}],"about":[{"href":"https:\/\/xavitanyaserveisintegrals.com\/es\/wp-json\/wp\/v2\/types\/page"}],"author":[{"embeddable":true,"href":"https:\/\/xavitanyaserveisintegrals.com\/es\/wp-json\/wp\/v2\/users\/2"}],"replies":[{"embeddable":true,"href":"https:\/\/xavitanyaserveisintegrals.com\/es\/wp-json\/wp\/v2\/comments?post=14"}],"version-history":[{"count":28,"href":"https:\/\/xavitanyaserveisintegrals.com\/es\/wp-json\/wp\/v2\/pages\/14\/revisions"}],"predecessor-version":[{"id":602,"href":"https:\/\/xavitanyaserveisintegrals.com\/es\/wp-json\/wp\/v2\/pages\/14\/revisions\/602"}],"wp:attachment":[{"href":"https:\/\/xavitanyaserveisintegrals.com\/es\/wp-json\/wp\/v2\/media?parent=14"}],"curies":[{"name":"wp","href":"https:\/\/api.w.org\/{rel}","templated":true}]}}