{"id":1468,"date":"2025-07-25T08:23:33","date_gmt":"2025-07-25T08:23:33","guid":{"rendered":"https:\/\/xavitanyaserveisintegrals.com\/?page_id=1468"},"modified":"2025-07-25T08:27:01","modified_gmt":"2025-07-25T08:27:01","slug":"installacio-daire-acondicionat-sabadell","status":"publish","type":"page","link":"https:\/\/xavitanyaserveisintegrals.com\/es\/installacio-daire-acondicionat-sabadell\/","title":{"rendered":"Instalaci\u00f3n de aire acondicionado Sabadell"},"content":{"rendered":"<div data-elementor-type=\"wp-page\" data-elementor-id=\"1468\" class=\"elementor elementor-1468\" data-elementor-post-type=\"page\">\n\t\t\t\t<div class=\"elementor-element elementor-element-5a8448b e-flex e-con-boxed e-con e-parent\" data-id=\"5a8448b\" data-element_type=\"container\" data-settings=\"{&quot;background_background&quot;:&quot;classic&quot;}\">\n\t\t\t\t\t<div class=\"e-con-inner\">\n\t\t<div class=\"elementor-element elementor-element-57e6bb0 e-con-full e-flex e-con e-child\" data-id=\"57e6bb0\" data-element_type=\"container\">\n\t\t\t\t<div class=\"elementor-element elementor-element-aa64fb4 elementor-widget__width-initial elementor-widget elementor-widget-heading\" data-id=\"aa64fb4\" data-element_type=\"widget\" data-widget_type=\"heading.default\">\n\t\t\t\t\t<h2 class=\"elementor-heading-title elementor-size-default\">Instalaci\u00f3n de aire acondicionado Sabadell<\/h2>\t\t\t\t<\/div>\n\t\t\t\t<\/div>\n\t\t\t\t\t<\/div>\n\t\t\t\t<\/div>\n\t\t<div class=\"elementor-element elementor-element-bf22613 e-flex e-con-boxed e-con e-parent\" data-id=\"bf22613\" data-element_type=\"container\">\n\t\t\t\t\t<div class=\"e-con-inner\">\n\t\t<div class=\"elementor-element elementor-element-9efeabe e-flex e-con-boxed e-con e-child\" data-id=\"9efeabe\" data-element_type=\"container\">\n\t\t\t\t\t<div class=\"e-con-inner\">\n\t\t<div class=\"elementor-element elementor-element-e745298 e-con-full e-flex e-con e-child\" data-id=\"e745298\" data-element_type=\"container\">\n\t\t\t\t<div class=\"elementor-element elementor-element-372fe09 elementor-invisible elementor-widget elementor-widget-image\" data-id=\"372fe09\" data-element_type=\"widget\" data-settings=\"{&quot;_animation&quot;:&quot;fadeInUp&quot;}\" data-widget_type=\"image.default\">\n\t\t\t\t\t\t\t\t\t\t\t\t\t\t\t<img fetchpriority=\"high\" decoding=\"async\" width=\"2000\" height=\"1414\" src=\"https:\/\/xavitanyaserveisintegrals.com\/wp-content\/uploads\/2025\/07\/Instalacio-daire-acondicionat-Sabadell.jpg\" class=\"attachment-full size-full wp-image-1473\" alt=\"\" srcset=\"https:\/\/xavitanyaserveisintegrals.com\/wp-content\/uploads\/2025\/07\/Instalacio-daire-acondicionat-Sabadell.jpg 2000w, https:\/\/xavitanyaserveisintegrals.com\/wp-content\/uploads\/2025\/07\/Instalacio-daire-acondicionat-Sabadell-300x212.jpg 300w, https:\/\/xavitanyaserveisintegrals.com\/wp-content\/uploads\/2025\/07\/Instalacio-daire-acondicionat-Sabadell-1024x724.jpg 1024w, https:\/\/xavitanyaserveisintegrals.com\/wp-content\/uploads\/2025\/07\/Instalacio-daire-acondicionat-Sabadell-768x543.jpg 768w, https:\/\/xavitanyaserveisintegrals.com\/wp-content\/uploads\/2025\/07\/Instalacio-daire-acondicionat-Sabadell-1536x1086.jpg 1536w, https:\/\/xavitanyaserveisintegrals.com\/wp-content\/uploads\/2025\/07\/Instalacio-daire-acondicionat-Sabadell-18x12.jpg 18w\" sizes=\"(max-width: 2000px) 100vw, 2000px\" \/>\t\t\t\t\t\t\t\t\t\t\t\t\t\t\t<\/div>\n\t\t\t\t<\/div>\n\t\t\t\t<div class=\"elementor-element elementor-element-993a3a9 elementor-hidden-mobile elementor-invisible elementor-widget elementor-widget-image\" data-id=\"993a3a9\" data-element_type=\"widget\" data-settings=\"{&quot;_animation&quot;:&quot;fadeInDown&quot;}\" data-widget_type=\"image.default\">\n\t\t\t\t\t\t\t\t\t\t\t\t\t\t\t<img decoding=\"async\" width=\"2000\" height=\"1414\" src=\"https:\/\/xavitanyaserveisintegrals.com\/wp-content\/uploads\/2025\/07\/Instalacio-daire-acondicionat-Sabadell-4.jpg\" class=\"attachment-full size-full wp-image-1472\" alt=\"\" srcset=\"https:\/\/xavitanyaserveisintegrals.com\/wp-content\/uploads\/2025\/07\/Instalacio-daire-acondicionat-Sabadell-4.jpg 2000w, https:\/\/xavitanyaserveisintegrals.com\/wp-content\/uploads\/2025\/07\/Instalacio-daire-acondicionat-Sabadell-4-300x212.jpg 300w, https:\/\/xavitanyaserveisintegrals.com\/wp-content\/uploads\/2025\/07\/Instalacio-daire-acondicionat-Sabadell-4-1024x724.jpg 1024w, https:\/\/xavitanyaserveisintegrals.com\/wp-content\/uploads\/2025\/07\/Instalacio-daire-acondicionat-Sabadell-4-768x543.jpg 768w, https:\/\/xavitanyaserveisintegrals.com\/wp-content\/uploads\/2025\/07\/Instalacio-daire-acondicionat-Sabadell-4-1536x1086.jpg 1536w, https:\/\/xavitanyaserveisintegrals.com\/wp-content\/uploads\/2025\/07\/Instalacio-daire-acondicionat-Sabadell-4-18x12.jpg 18w\" sizes=\"(max-width: 2000px) 100vw, 2000px\" \/>\t\t\t\t\t\t\t\t\t\t\t\t\t\t\t<\/div>\n\t\t\t\t\t<\/div>\n\t\t\t\t<\/div>\n\t\t<div class=\"elementor-element elementor-element-23e2871 animated-slow e-flex e-con-boxed elementor-invisible e-con e-child\" data-id=\"23e2871\" data-element_type=\"container\" data-settings=\"{&quot;animation&quot;:&quot;fadeInUp&quot;}\">\n\t\t\t\t\t<div class=\"e-con-inner\">\n\t\t\t\t<div class=\"elementor-element elementor-element-c41c1af elementor-invisible elementor-widget elementor-widget-heading\" data-id=\"c41c1af\" data-element_type=\"widget\" data-settings=\"{&quot;_animation&quot;:&quot;fadeInDown&quot;}\" data-widget_type=\"heading.default\">\n\t\t\t\t\t<h2 class=\"elementor-heading-title elementor-size-default\">Soluciones para tu confort: Instalaci\u00f3n de aire acondicionado en Sabadell\n<\/h2>\t\t\t\t<\/div>\n\t\t\t\t<div class=\"elementor-element elementor-element-4a83175 elementor-widget elementor-widget-text-editor\" data-id=\"4a83175\" data-element_type=\"widget\" data-widget_type=\"text-editor.default\">\n\t\t\t\t\t\t\t\t\t<p style=\"text-align: justify;\" data-start=\"408\" data-end=\"812\">En <strong>Xavi Tany\u00e0 Servicios Integrales<\/strong> ofrecemos un servicio profesional y completo de <strong data-start=\"482\" data-end=\"529\">instalaci\u00f3n de aire acondicionado en Sabadell<\/strong>, adaptado a las necesidades espec\u00edficas de cada espacio. Tanto si se trata de una vivienda, oficina, comercio o nave industrial, nuestro equipo t\u00e9cnico se encarga de todo el proceso: desde el asesoramiento y el suministro del equipo hasta la instalaci\u00f3n y puesta en marcha.<\/p><p style=\"text-align: justify;\" data-start=\"814\" data-end=\"1162\">Analizamos las caracter\u00edsticas de cada espacio para garantizar una climatizaci\u00f3n \u00f3ptima y eficiente. Nos aseguramos que el equipo elegido ofrezca el mejor rendimiento energ\u00e9tico, sea silencioso y respetuoso con el medio ambiente.<\/p><p style=\"text-align: justify;\" data-start=\"1164\" data-end=\"1476\">Con nuestra experiencia, nos adaptamos a sistemas split, multisplit, conductos e instalaciones industriales, ofreciendo soluciones a medida para cada cliente. Nuestras <strong data-start=\"1329\" data-end=\"1378\">instalaciones de aire acondicionado en Sabadell<\/strong> combinan eficiencia, discreci\u00f3n y funcionalidad, con acabados limpios e integraci\u00f3n perfecta en el espacio.<\/p><p style=\"text-align: justify;\" data-start=\"1478\" data-end=\"1836\">Tambi\u00e9n valoramos el dise\u00f1o interior y buscamos que la instalaci\u00f3n sea lo m\u00e1s discreta posible, adapt\u00e1ndonos a los acabados existentes y manteniendo la armon\u00eda visual del entorno. Cada proyecto es \u00fanico y lo tratamos como tal, con alto nivel de detalle e implicaci\u00f3n t\u00e9cnica. Adem\u00e1s, nos comprometemos a ofrecer siempre una relaci\u00f3n calidad-precio justa y transparente.<\/p>\t\t\t\t\t\t\t\t<\/div>\n\t\t\t\t\t<\/div>\n\t\t\t\t<\/div>\n\t\t\t\t\t<\/div>\n\t\t\t\t<\/div>\n\t\t<div class=\"elementor-element elementor-element-737f088 e-flex e-con-boxed e-con e-parent\" data-id=\"737f088\" data-element_type=\"container\">\n\t\t\t\t\t<div class=\"e-con-inner\">\n\t\t<div class=\"elementor-element elementor-element-b55c337 e-con-full e-flex e-con e-child\" data-id=\"b55c337\" data-element_type=\"container\">\n\t\t<div class=\"elementor-element elementor-element-947a16a animated-slow e-con-full e-flex elementor-invisible e-con e-child\" data-id=\"947a16a\" data-element_type=\"container\" data-settings=\"{&quot;animation&quot;:&quot;fadeInUp&quot;}\">\n\t\t\t\t<div class=\"elementor-element elementor-element-c91809d elementor-invisible elementor-widget elementor-widget-heading\" data-id=\"c91809d\" data-element_type=\"widget\" data-settings=\"{&quot;_animation&quot;:&quot;fadeInDown&quot;}\" data-widget_type=\"heading.default\">\n\t\t\t\t\t<h2 class=\"elementor-heading-title elementor-size-default\">Servicio t\u00e9cnico completo en instalaci\u00f3n de aire acondicionado en Sabadell\n<\/h2>\t\t\t\t<\/div>\n\t\t\t\t<div class=\"elementor-element elementor-element-a4be3ff elementor-widget elementor-widget-text-editor\" data-id=\"a4be3ff\" data-element_type=\"widget\" data-widget_type=\"text-editor.default\">\n\t\t\t\t\t\t\t\t\t<p style=\"text-align: justify;\" data-start=\"1919\" data-end=\"2320\">Apostamos por un servicio cercano, claro y sin complicaciones. Cuando nos encargas una <strong data-start=\"2002\" data-end=\"2049\">instalaci\u00f3n de aire acondicionado en Sabadell<\/strong>, nos ocupamos de todo: asesoramiento t\u00e9cnico, instalaci\u00f3n, puesta en funcionamiento, mantenimiento y posteriores reparaciones si es necesario. Nuestro objetivo es que no tengas que preocuparte de nada y disfrutes del m\u00e1ximo confort con la tranquilidad de saber que est\u00e1s en manos expertas.<\/p><p style=\"text-align: justify;\" data-start=\"2322\" data-end=\"2727\">Trabajamos con una cuidadosa atenci\u00f3n a los detalles y completamos cada proyecto con la m\u00e1xima rapidez y limpieza. Nos aseguramos que el aire acondicionado funcione con la potencia adecuada, con una buena distribuci\u00f3n del fr\u00edo o calor y con una instalaci\u00f3n segura y eficiente. Tambi\u00e9n te ayudamos a elegir los sistemas con mejor relaci\u00f3n calidad-precio y te recomendamos opciones con tecnolog\u00eda inverter y alto ahorro energ\u00e9tico.<\/p><p style=\"text-align: justify;\" data-start=\"2729\" data-end=\"3079\">Disponemos de equipos para todo tipo de presupuestos, siempre priorizando la eficiencia y fiabilidad. Si es necesario, tambi\u00e9n ofrecemos soluciones dom\u00f3ticas para controlar la climatizaci\u00f3n desde el m\u00f3vil o integrarla con otros sistemas inteligentes del hogar o negocio. Nuestro servicio t\u00e9cnico est\u00e1 disponible para cualquier necesidad de postventa que pueda surgir.<\/p><p style=\"text-align: justify;\" data-start=\"3081\" data-end=\"3450\">Con nuestras soluciones conseguir\u00e1s un ambiente agradable durante todo el a\u00f1o, con un consumo reducido y un impacto ambiental m\u00ednimo. Si necesitas una <strong data-start=\"3229\" data-end=\"3276\">instalaci\u00f3n de aire acondicionado en Sabadell<\/strong>, conf\u00eda en Xavi Tany\u00e0 Servicios Integrales: m\u00e1s de 30 a\u00f1os ofreciendo servicios t\u00e9cnicos de calidad con la confianza de nuestros clientes. Ll\u00e1manos y te asesoraremos sin compromiso.<\/p>\t\t\t\t\t\t\t\t<\/div>\n\t\t\t\t<\/div>\n\t\t\t\t<\/div>\n\t\t<div class=\"elementor-element elementor-element-9fe703e e-con-full e-flex e-con e-child\" data-id=\"9fe703e\" data-element_type=\"container\">\n\t\t<div class=\"elementor-element elementor-element-ddfaebc e-con-full e-flex e-con e-child\" data-id=\"ddfaebc\" data-element_type=\"container\">\n\t\t<div class=\"elementor-element elementor-element-cb2cd91 e-con-full e-flex e-con e-child\" data-id=\"cb2cd91\" data-element_type=\"container\">\n\t\t\t\t<div class=\"elementor-element elementor-element-b355994 elementor-invisible elementor-widget elementor-widget-image\" data-id=\"b355994\" data-element_type=\"widget\" data-settings=\"{&quot;_animation&quot;:&quot;fadeInUp&quot;}\" data-widget_type=\"image.default\">\n\t\t\t\t\t\t\t\t\t\t\t\t\t\t\t<img decoding=\"async\" width=\"2000\" height=\"1414\" src=\"https:\/\/xavitanyaserveisintegrals.com\/wp-content\/uploads\/2025\/07\/Instalacio-daire-acondicionat-Sabadell-2.jpg\" class=\"attachment-full size-full wp-image-1470\" alt=\"\" srcset=\"https:\/\/xavitanyaserveisintegrals.com\/wp-content\/uploads\/2025\/07\/Instalacio-daire-acondicionat-Sabadell-2.jpg 2000w, https:\/\/xavitanyaserveisintegrals.com\/wp-content\/uploads\/2025\/07\/Instalacio-daire-acondicionat-Sabadell-2-300x212.jpg 300w, https:\/\/xavitanyaserveisintegrals.com\/wp-content\/uploads\/2025\/07\/Instalacio-daire-acondicionat-Sabadell-2-1024x724.jpg 1024w, https:\/\/xavitanyaserveisintegrals.com\/wp-content\/uploads\/2025\/07\/Instalacio-daire-acondicionat-Sabadell-2-768x543.jpg 768w, https:\/\/xavitanyaserveisintegrals.com\/wp-content\/uploads\/2025\/07\/Instalacio-daire-acondicionat-Sabadell-2-1536x1086.jpg 1536w, https:\/\/xavitanyaserveisintegrals.com\/wp-content\/uploads\/2025\/07\/Instalacio-daire-acondicionat-Sabadell-2-18x12.jpg 18w\" sizes=\"(max-width: 2000px) 100vw, 2000px\" \/>\t\t\t\t\t\t\t\t\t\t\t\t\t\t\t<\/div>\n\t\t\t\t<\/div>\n\t\t\t\t<div class=\"elementor-element elementor-element-8e6e2de elementor-hidden-mobile elementor-invisible elementor-widget elementor-widget-image\" data-id=\"8e6e2de\" data-element_type=\"widget\" data-settings=\"{&quot;_animation&quot;:&quot;fadeInDown&quot;}\" data-widget_type=\"image.default\">\n\t\t\t\t\t\t\t\t\t\t\t\t\t\t\t<img loading=\"lazy\" decoding=\"async\" width=\"2000\" height=\"1414\" src=\"https:\/\/xavitanyaserveisintegrals.com\/wp-content\/uploads\/2025\/07\/Instalacio-daire-acondicionat-Sabadell-3.jpg\" class=\"attachment-full size-full wp-image-1471\" alt=\"\" srcset=\"https:\/\/xavitanyaserveisintegrals.com\/wp-content\/uploads\/2025\/07\/Instalacio-daire-acondicionat-Sabadell-3.jpg 2000w, https:\/\/xavitanyaserveisintegrals.com\/wp-content\/uploads\/2025\/07\/Instalacio-daire-acondicionat-Sabadell-3-300x212.jpg 300w, https:\/\/xavitanyaserveisintegrals.com\/wp-content\/uploads\/2025\/07\/Instalacio-daire-acondicionat-Sabadell-3-1024x724.jpg 1024w, https:\/\/xavitanyaserveisintegrals.com\/wp-content\/uploads\/2025\/07\/Instalacio-daire-acondicionat-Sabadell-3-768x543.jpg 768w, https:\/\/xavitanyaserveisintegrals.com\/wp-content\/uploads\/2025\/07\/Instalacio-daire-acondicionat-Sabadell-3-1536x1086.jpg 1536w, https:\/\/xavitanyaserveisintegrals.com\/wp-content\/uploads\/2025\/07\/Instalacio-daire-acondicionat-Sabadell-3-18x12.jpg 18w\" sizes=\"(max-width: 2000px) 100vw, 2000px\" \/>\t\t\t\t\t\t\t\t\t\t\t\t\t\t\t<\/div>\n\t\t\t\t<\/div>\n\t\t\t\t<\/div>\n\t\t\t\t\t<\/div>\n\t\t\t\t<\/div>\n\t\t<div class=\"elementor-element elementor-element-57d6e0f e-flex e-con-boxed e-con e-parent\" data-id=\"57d6e0f\" data-element_type=\"container\" data-settings=\"{&quot;background_background&quot;:&quot;classic&quot;}\">\n\t\t\t\t\t<div class=\"e-con-inner\">\n\t\t<div class=\"elementor-element elementor-element-8d1b89f e-con-full e-flex e-con e-child\" data-id=\"8d1b89f\" data-element_type=\"container\">\n\t\t\t\t<div class=\"elementor-element elementor-element-b2cf60d elementor-widget elementor-widget-heading\" data-id=\"b2cf60d\" data-element_type=\"widget\" data-widget_type=\"heading.default\">\n\t\t\t\t\t<h2 class=\"elementor-heading-title elementor-size-default\">Cont\u00e1ctanos: Estamos aqu\u00ed para ayudarte<\/h2>\t\t\t\t<\/div>\n\t\t\t\t<div class=\"elementor-element elementor-element-786a9a8 elementor-widget elementor-widget-text-editor\" data-id=\"786a9a8\" data-element_type=\"widget\" data-widget_type=\"text-editor.default\">\n\t\t\t\t\t\t\t\t\t<p><span style=\"font-weight: 400;\"><span style=\"vertical-align: inherit;\"><span style=\"vertical-align: inherit;\">En Xavi Tany\u00e0 Serveis Integrals, queremos facilitarte al m\u00e1ximo la comunicaci\u00f3n con nosotros. Ya sea para solicitar un presupuesto, resolver cualquier duda o realizar una consulta sobre nuestros servicios, estamos disponibles para atenderlo r\u00e1pidamente.<\/span><\/span><\/span><\/p>\t\t\t\t\t\t\t\t<\/div>\n\t\t<div class=\"elementor-element elementor-element-e29b805 e-grid e-con-full e-con e-child\" data-id=\"e29b805\" data-element_type=\"container\">\n\t\t\t\t<div class=\"elementor-element elementor-element-20af737 jkit-equal-height-disable elementor-widget elementor-widget-jkit_icon_box\" data-id=\"20af737\" data-element_type=\"widget\" data-widget_type=\"jkit_icon_box.default\">\n\t\t\t\t<div class=\"elementor-widget-container\">\n\t\t\t\t\t<div  class=\"jeg-elementor-kit jkit-icon-box icon-position-left elementor-animation- jeg_module___69e1b5921390c\" ><div class=\"jkit-icon-box-wrapper hover-from-left\"><div class=\"icon-box icon-box-header elementor-animation-\"><div class=\"icon style-color\"><i aria-hidden=\"true\" class=\"jki jki-cityscape-light\"><\/i><\/div><\/div><div class=\"icon-box icon-box-body\">\n                <h4 class=\"title\">Direcci\u00f3n<\/h4><p class=\"icon-box-description\">Raval de dentro 1-5 Sabadell 08202\n<\/p>\n            <\/div>\n            \n            <\/div><\/div>\t\t\t\t<\/div>\n\t\t\t\t<\/div>\n\t\t\t\t<div class=\"elementor-element elementor-element-ee484a5 jkit-equal-height-disable elementor-widget elementor-widget-jkit_icon_box\" data-id=\"ee484a5\" data-element_type=\"widget\" data-widget_type=\"jkit_icon_box.default\">\n\t\t\t\t<div class=\"elementor-widget-container\">\n\t\t\t\t\t<div  class=\"jeg-elementor-kit jkit-icon-box icon-position-left elementor-animation- jeg_module__1_69e1b59213dde\" ><div class=\"jkit-icon-box-wrapper hover-from-left\"><div class=\"icon-box icon-box-header elementor-animation-\"><div class=\"icon style-color\"><i aria-hidden=\"true\" class=\"jki jki-phone-call-light\"><\/i><\/div><\/div><div class=\"icon-box icon-box-body\">\n                <h4 class=\"title\">Tel\/Fax<\/h4><p class=\"icon-box-description\"> 629 26 26 96<\/p>\n            <\/div>\n            \n            <\/div><\/div>\t\t\t\t<\/div>\n\t\t\t\t<\/div>\n\t\t\t\t<div class=\"elementor-element elementor-element-94baf2b jkit-equal-height-disable elementor-widget elementor-widget-jkit_icon_box\" data-id=\"94baf2b\" data-element_type=\"widget\" data-widget_type=\"jkit_icon_box.default\">\n\t\t\t\t<div class=\"elementor-widget-container\">\n\t\t\t\t\t<div  class=\"jeg-elementor-kit jkit-icon-box icon-position-left elementor-animation- jeg_module__2_69e1b5921403a\" ><div class=\"jkit-icon-box-wrapper hover-from-left\"><div class=\"icon-box icon-box-header elementor-animation-\"><div class=\"icon style-color\"><i aria-hidden=\"true\" class=\"jki jki-phone-call-light\"><\/i><\/div><\/div><div class=\"icon-box icon-box-body\">\n                <h4 class=\"title\">Xavi Tany\u00e0<\/h4><p class=\"icon-box-description\"> 629 26 26 96\n\n<\/p>\n            <\/div>\n            \n            <\/div><\/div>\t\t\t\t<\/div>\n\t\t\t\t<\/div>\n\t\t\t\t<\/div>\n\t\t\t\t<\/div>\n\t\t<div class=\"elementor-element elementor-element-d333835 e-con-full e-flex e-con e-child\" data-id=\"d333835\" data-element_type=\"container\">\n\t\t\t\t<div class=\"elementor-element elementor-element-8b3f4d9 elementor-widget elementor-widget-jkit_contact_form_7\" data-id=\"8b3f4d9\" data-element_type=\"widget\" data-widget_type=\"jkit_contact_form_7.default\">\n\t\t\t\t<div class=\"elementor-widget-container\">\n\t\t\t\t\t<div  class=\"jeg-elementor-kit jkit-contact-form-7 jeg_module__3_69e1b59215043\" >\n<div class=\"wpcf7 no-js\" id=\"wpcf7-f469-o1\" lang=\"en-US\" dir=\"ltr\" data-wpcf7-id=\"469\">\n<div class=\"screen-reader-response\"><p role=\"status\" aria-live=\"polite\" aria-atomic=\"true\"><\/p> <ul><\/ul><\/div>\n<form action=\"\/es\/wp-json\/wp\/v2\/pages\/1468#wpcf7-f469-o1\" method=\"post\" class=\"wpcf7-form init\" aria-label=\"Contact form\" novalidate=\"novalidate\" data-status=\"init\" data-trp-original-action=\"\/es\/wp-json\/wp\/v2\/pages\/1468#wpcf7-f469-o1\">\n<div style=\"display: none;\">\n<input type=\"hidden\" name=\"_wpcf7\" value=\"469\" \/>\n<input type=\"hidden\" name=\"_wpcf7_version\" value=\"6.0.6\" \/>\n<input type=\"hidden\" name=\"_wpcf7_locale\" value=\"en_US\" \/>\n<input type=\"hidden\" name=\"_wpcf7_unit_tag\" value=\"wpcf7-f469-o1\" \/>\n<input type=\"hidden\" name=\"_wpcf7_container_post\" value=\"0\" \/>\n<input type=\"hidden\" name=\"_wpcf7_posted_data_hash\" value=\"\" \/>\n<input type=\"hidden\" name=\"_wpcf7_recaptcha_response\" value=\"\" \/>\n<\/div>\n<div class=\"form-row\">\n\t<div class=\"form-column\">\n\t\t<p><span class=\"wpcf7-form-control-wrap\" data-name=\"nombre\"><input size=\"40\" maxlength=\"400\" class=\"wpcf7-form-control wpcf7-text wpcf7-validates-as-required\" aria-required=\"true\" aria-invalid=\"false\" placeholder=\"Nombre\" value=\"\" type=\"text\" name=\"nombre\" \/><\/span>\n\t\t<\/p>\n\t<\/div>\n\t<div class=\"form-column\">\n\t\t<p><span class=\"wpcf7-form-control-wrap\" data-name=\"telefono\"><input size=\"40\" maxlength=\"400\" class=\"wpcf7-form-control wpcf7-tel wpcf7-validates-as-required wpcf7-text wpcf7-validates-as-tel\" aria-required=\"true\" aria-invalid=\"false\" placeholder=\"Tel\u00e9fono *\" value=\"\" type=\"tel\" name=\"telefono\" \/><\/span>\n\t\t<\/p>\n\t<\/div>\n<\/div>\n<div class=\"form-row\">\n\t<div class=\"form-column\">\n\t\t<p><span class=\"wpcf7-form-control-wrap\" data-name=\"email\"><input size=\"40\" maxlength=\"400\" class=\"wpcf7-form-control wpcf7-email wpcf7-validates-as-required wpcf7-text wpcf7-validates-as-email\" aria-required=\"true\" aria-invalid=\"false\" placeholder=\"Correo electr\u00f3nico *\" value=\"\" type=\"email\" name=\"email\" \/><\/span>\n\t\t<\/p>\n\t<\/div>\n\t<div class=\"form-column\">\n\t\t<p><span class=\"wpcf7-form-control-wrap\" data-name=\"asunto\"><input size=\"40\" maxlength=\"400\" class=\"wpcf7-form-control wpcf7-text wpcf7-validates-as-required\" aria-required=\"true\" aria-invalid=\"false\" placeholder=\"Asunto *\" value=\"\" type=\"text\" name=\"asunto\" \/><\/span>\n\t\t<\/p>\n\t<\/div>\n<\/div>\n<p><span class=\"wpcf7-form-control-wrap\" data-name=\"mensaje\"><textarea cols=\"40\" rows=\"10\" maxlength=\"2000\" class=\"wpcf7-form-control wpcf7-textarea wpcf7-validates-as-required\" aria-required=\"true\" aria-invalid=\"false\" placeholder=\"Mensaje\" name=\"mensaje\"><\/textarea><\/span>\n<\/p>\n<p><span class=\"wpcf7-form-control-wrap\" data-name=\"acceptance-787\"><span class=\"wpcf7-form-control wpcf7-acceptance\"><span class=\"wpcf7-list-item\"><input type=\"checkbox\" name=\"acceptance-787\" value=\"1\" aria-invalid=\"false\" \/><\/span><\/span><\/span> He le\u00eddo y acepto <a href=\"https:\/\/xavitanyaserveisintegrals.com\/es\/aviso-legal\/\">el aviso legal <\/a>y la <a href=\"https:\/\/xavitanyaserveisintegrals.com\/es\/politica-de-cookies\/\">pol\u00edtica de privacidad<\/a>\n<\/p>\n<p><input class=\"wpcf7-form-control wpcf7-submit has-spinner\" type=\"submit\" value=\"Enviar Mensaje\" \/>\n<\/p><div class=\"wpcf7-response-output\" aria-hidden=\"true\"><\/div>\n<input type=\"hidden\" name=\"trp-form-language\" value=\"es\"\/><\/form>\n<\/div>\n<\/div>\t\t\t\t<\/div>\n\t\t\t\t<\/div>\n\t\t\t\t<\/div>\n\t\t\t\t\t<\/div>\n\t\t\t\t<\/div>\n\t\t\t\t<\/div>","protected":false},"excerpt":{"rendered":"<p>Instal\u00b7laci\u00f3 d\u2019aire acondicionat Sabadell Solucions per al teu confort: Instal\u00b7laci\u00f3 d\u2019aire acondicionat a Sabadell A Xavi Tany\u00e0 Serveis Integrals oferim un servei professional i complet de instal\u00b7laci\u00f3 d\u2019aire acondicionat a Sabadell, adaptat a les necessitats espec\u00edfiques de cada espai. Tant si es tracta d\u2019una vivenda, una oficina, un comer\u00e7 o una nau industrial, el nostre [&hellip;]<\/p>","protected":false},"author":2,"featured_media":0,"parent":0,"menu_order":0,"comment_status":"closed","ping_status":"closed","template":"","meta":{"footnotes":""},"class_list":["post-1468","page","type-page","status-publish","hentry"],"_links":{"self":[{"href":"https:\/\/xavitanyaserveisintegrals.com\/es\/wp-json\/wp\/v2\/pages\/1468","targetHints":{"allow":["GET"]}}],"collection":[{"href":"https:\/\/xavitanyaserveisintegrals.com\/es\/wp-json\/wp\/v2\/pages"}],"about":[{"href":"https:\/\/xavitanyaserveisintegrals.com\/es\/wp-json\/wp\/v2\/types\/page"}],"author":[{"embeddable":true,"href":"https:\/\/xavitanyaserveisintegrals.com\/es\/wp-json\/wp\/v2\/users\/2"}],"replies":[{"embeddable":true,"href":"https:\/\/xavitanyaserveisintegrals.com\/es\/wp-json\/wp\/v2\/comments?post=1468"}],"version-history":[{"count":4,"href":"https:\/\/xavitanyaserveisintegrals.com\/es\/wp-json\/wp\/v2\/pages\/1468\/revisions"}],"predecessor-version":[{"id":1477,"href":"https:\/\/xavitanyaserveisintegrals.com\/es\/wp-json\/wp\/v2\/pages\/1468\/revisions\/1477"}],"wp:attachment":[{"href":"https:\/\/xavitanyaserveisintegrals.com\/es\/wp-json\/wp\/v2\/media?parent=1468"}],"curies":[{"name":"wp","href":"https:\/\/api.w.org\/{rel}","templated":true}]}}