{"id":17,"date":"2025-03-01T00:52:27","date_gmt":"2025-03-01T00:52:27","guid":{"rendered":"https:\/\/xavitanyaserveisintegrals.com\/?page_id=17"},"modified":"2025-05-21T20:50:59","modified_gmt":"2025-05-21T20:50:59","slug":"reformes-per-empreses","status":"publish","type":"page","link":"https:\/\/xavitanyaserveisintegrals.com\/es\/reformes-integrals\/reformes-per-empreses\/","title":{"rendered":"Reformas por empresas"},"content":{"rendered":"<div data-elementor-type=\"wp-page\" data-elementor-id=\"17\" class=\"elementor elementor-17\" data-elementor-post-type=\"page\">\n\t\t\t\t<div class=\"elementor-element elementor-element-f838cc6 e-flex e-con-boxed e-con e-parent\" data-id=\"f838cc6\" data-element_type=\"container\" data-settings=\"{&quot;background_background&quot;:&quot;classic&quot;}\">\n\t\t\t\t\t<div class=\"e-con-inner\">\n\t\t<div class=\"elementor-element elementor-element-ef3ee14 e-con-full e-flex e-con e-child\" data-id=\"ef3ee14\" data-element_type=\"container\">\n\t\t\t\t<div class=\"elementor-element elementor-element-0c9eb03 elementor-widget__width-initial elementor-widget elementor-widget-heading\" data-id=\"0c9eb03\" data-element_type=\"widget\" data-widget_type=\"heading.default\">\n\t\t\t\t\t<h2 class=\"elementor-heading-title elementor-size-default\">Reformas para empresas: Transformamos tu espacio de trabajo para optimizar la productividad\n\n<\/h2>\t\t\t\t<\/div>\n\t\t\t\t<div class=\"elementor-element elementor-element-788e893 elementor-widget__width-initial elementor-widget elementor-widget-text-editor\" data-id=\"788e893\" data-element_type=\"widget\" data-widget_type=\"text-editor.default\">\n\t\t\t\t\t\t\t\t\t<p><span style=\"font-weight: 400;\">En Xavi Tany\u00e0 Serveis Integrals, ofrecemos soluciones de reformas para empresas con el objetivo de transformar tus espacios comerciales, oficinas o establecimientos en lugares funcionales, modernos y adaptados a las necesidades de tu actividad empresarial.\u00a0<\/span><\/p><p><span style=\"font-weight: 400;\">Con m\u00e1s de 25 a\u00f1os de experiencia en el sector, somos el perfecto aliado para la optimizaci\u00f3n de espacios que mejoran la eficiencia y la imagen de tu empresa.<\/span><\/p>\t\t\t\t\t\t\t\t<\/div>\n\t\t\t\t<\/div>\n\t\t\t\t\t<\/div>\n\t\t\t\t<\/div>\n\t\t<div class=\"elementor-element elementor-element-6818e3d e-flex e-con-boxed e-con e-parent\" data-id=\"6818e3d\" data-element_type=\"container\">\n\t\t\t\t\t<div class=\"e-con-inner\">\n\t\t\t\t<div class=\"elementor-element elementor-element-f58f512 elementor-widget__width-initial elementor-widget elementor-widget-heading\" data-id=\"f58f512\" data-element_type=\"widget\" data-widget_type=\"heading.default\">\n\t\t\t\t\t<h2 class=\"elementor-heading-title elementor-size-default\">Reformas de oficinas: Dise\u00f1o funcional y moderno para tu empresa<\/h2>\t\t\t\t<\/div>\n\t\t\t\t<div class=\"elementor-element elementor-element-0164c33 elementor-widget__width-initial elementor-widget elementor-widget-text-editor\" data-id=\"0164c33\" data-element_type=\"widget\" data-widget_type=\"text-editor.default\">\n\t\t\t\t\t\t\t\t\t<p><span style=\"font-weight: 400;\">Las <\/span><b>reformas de oficinas<\/b><span style=\"font-weight: 400;\"> son una de nuestras especialidades. Sabemos que un espacio bien dise\u00f1ado mejora la productividad y bienestar de tus trabajadores. Nos ocupamos de:<\/span><\/p>\t\t\t\t\t\t\t\t<\/div>\n\t\t<div class=\"elementor-element elementor-element-97d24ac e-grid e-con-full e-con e-child\" data-id=\"97d24ac\" data-element_type=\"container\">\n\t\t<div class=\"elementor-element elementor-element-9235f60 e-con-full e-flex e-con e-child\" data-id=\"9235f60\" data-element_type=\"container\">\n\t\t\t\t<div class=\"elementor-element elementor-element-7ac890f elementor-widget__width-auto elementor-absolute elementor-widget elementor-widget-heading\" data-id=\"7ac890f\" data-element_type=\"widget\" data-settings=\"{&quot;_position&quot;:&quot;absolute&quot;}\" data-widget_type=\"heading.default\">\n\t\t\t\t\t<span class=\"elementor-heading-title elementor-size-default\">01<\/span>\t\t\t\t<\/div>\n\t\t\t\t<div class=\"elementor-element elementor-element-77fdff3 jkit-equal-height-enable elementor-widget__width-inherit elementor-widget elementor-widget-jkit_icon_box\" data-id=\"77fdff3\" data-element_type=\"widget\" data-widget_type=\"jkit_icon_box.default\">\n\t\t\t\t<div class=\"elementor-widget-container\">\n\t\t\t\t\t<div  class=\"jeg-elementor-kit jkit-icon-box icon-position- elementor-animation- jeg_module___69fb40b57c290\" ><a href=\"\" class=\"icon-box-link\" aria-label=\"Saber m\u00e1s\"><div class=\"jkit-icon-box-wrapper hover-from-left\"><div class=\"icon-box icon-box-header elementor-animation-\"><div class=\"icon style-color\"><i aria-hidden=\"true\" class=\"jki jki-engineer-light\"><\/i><\/div><\/div><div class=\"icon-box icon-box-body\">\n                <h3 class=\"title\">Renovaci\u00f3n de oficinas<\/h3><p class=\"icon-box-description\">Desde la remodelaci\u00f3n completa a peque\u00f1as reformas, adaptamos los espacios para mejorar la funcionalidad y la est\u00e9tica.\n\n<\/p>\n            <\/div>\n            \n            <\/div><\/a><\/div>\t\t\t\t<\/div>\n\t\t\t\t<\/div>\n\t\t\t\t<\/div>\n\t\t<div class=\"elementor-element elementor-element-15c56e5 e-con-full e-flex e-con e-child\" data-id=\"15c56e5\" data-element_type=\"container\">\n\t\t\t\t<div class=\"elementor-element elementor-element-0fec6b4 jkit-equal-height-enable elementor-widget__width-inherit elementor-widget elementor-widget-jkit_icon_box\" data-id=\"0fec6b4\" data-element_type=\"widget\" data-widget_type=\"jkit_icon_box.default\">\n\t\t\t\t<div class=\"elementor-widget-container\">\n\t\t\t\t\t<div  class=\"jeg-elementor-kit jkit-icon-box icon-position- elementor-animation- jeg_module__1_69fb40b57c8fd\" ><div class=\"jkit-icon-box-wrapper hover-from-left\"><div class=\"icon-box icon-box-header elementor-animation-\"><div class=\"icon style-color\"><i aria-hidden=\"true\" class=\"jki jki-Helmet-light\"><\/i><\/div><\/div><div class=\"icon-box icon-box-body\">\n                <h3 class=\"title\">Dise\u00f1o de espacios de trabajo<\/h3><p class=\"icon-box-description\">Creaci\u00f3n de espacios flexibles, c\u00f3modos y modernos para tu empresa, con zonas comunes y de alta capacidad operativa.\n\n<\/p>\n            <\/div>\n            \n            <\/div><\/div>\t\t\t\t<\/div>\n\t\t\t\t<\/div>\n\t\t\t\t<div class=\"elementor-element elementor-element-98e8eb0 elementor-widget__width-auto elementor-absolute elementor-widget elementor-widget-heading\" data-id=\"98e8eb0\" data-element_type=\"widget\" data-settings=\"{&quot;_position&quot;:&quot;absolute&quot;}\" data-widget_type=\"heading.default\">\n\t\t\t\t\t<h2 class=\"elementor-heading-title elementor-size-default\">02<\/h2>\t\t\t\t<\/div>\n\t\t\t\t<\/div>\n\t\t<div class=\"elementor-element elementor-element-cab05eb e-con-full e-flex e-con e-child\" data-id=\"cab05eb\" data-element_type=\"container\">\n\t\t\t\t<div class=\"elementor-element elementor-element-c7b8892 jkit-equal-height-enable elementor-widget__width-inherit elementor-widget elementor-widget-jkit_icon_box\" data-id=\"c7b8892\" data-element_type=\"widget\" data-widget_type=\"jkit_icon_box.default\">\n\t\t\t\t<div class=\"elementor-widget-container\">\n\t\t\t\t\t<div  class=\"jeg-elementor-kit jkit-icon-box icon-position- elementor-animation- jeg_module__2_69fb40b57cbaf\" ><div class=\"jkit-icon-box-wrapper hover-from-left\"><div class=\"icon-box icon-box-header elementor-animation-\"><div class=\"icon style-color\"><i aria-hidden=\"true\" class=\"jki jki-consut2-light\"><\/i><\/div><\/div><div class=\"icon-box icon-box-body\">\n                <h3 class=\"title\">Instalaci\u00f3n de mamparas y particiones<\/h3><p class=\"icon-box-description\">Creamos ambientes adaptables a tus necesidades con mamparas y separadores para mejorar el uso del espacio.\n\n<\/p>\n            <\/div>\n            \n            <\/div><\/div>\t\t\t\t<\/div>\n\t\t\t\t<\/div>\n\t\t\t\t<div class=\"elementor-element elementor-element-c10a499 elementor-widget__width-auto elementor-absolute elementor-widget elementor-widget-heading\" data-id=\"c10a499\" data-element_type=\"widget\" data-settings=\"{&quot;_position&quot;:&quot;absolute&quot;}\" data-widget_type=\"heading.default\">\n\t\t\t\t\t<h2 class=\"elementor-heading-title elementor-size-default\">03<\/h2>\t\t\t\t<\/div>\n\t\t\t\t<\/div>\n\t\t<div class=\"elementor-element elementor-element-b5fc316 e-con-full e-flex e-con e-child\" data-id=\"b5fc316\" data-element_type=\"container\">\n\t\t\t\t<div class=\"elementor-element elementor-element-2e85c4b jkit-equal-height-enable elementor-widget__width-inherit elementor-widget elementor-widget-jkit_icon_box\" data-id=\"2e85c4b\" data-element_type=\"widget\" data-widget_type=\"jkit_icon_box.default\">\n\t\t\t\t<div class=\"elementor-widget-container\">\n\t\t\t\t\t<div  class=\"jeg-elementor-kit jkit-icon-box icon-position- elementor-animation- jeg_module__3_69fb40b57ce3d\" ><div class=\"jkit-icon-box-wrapper hover-from-left\"><div class=\"icon-box icon-box-header elementor-animation-\"><div class=\"icon style-color\"><i aria-hidden=\"true\" class=\"jki jki-customer-support-light\"><\/i><\/div><\/div><div class=\"icon-box icon-box-body\">\n                <h3 class=\"title\">Falsos techos y suelos t\u00e9cnicos<\/h3><p class=\"icon-box-description\">Mejora la distribuci\u00f3n y accesibilidad de los servicios con suelos t\u00e9cnicos y falsos techos.\n\n\n<\/p>\n            <\/div>\n            \n            <\/div><\/div>\t\t\t\t<\/div>\n\t\t\t\t<\/div>\n\t\t\t\t<div class=\"elementor-element elementor-element-126c6d1 elementor-widget__width-auto elementor-absolute elementor-widget elementor-widget-heading\" data-id=\"126c6d1\" data-element_type=\"widget\" data-settings=\"{&quot;_position&quot;:&quot;absolute&quot;}\" data-widget_type=\"heading.default\">\n\t\t\t\t\t<h2 class=\"elementor-heading-title elementor-size-default\">04<\/h2>\t\t\t\t<\/div>\n\t\t\t\t<\/div>\n\t\t\t\t<\/div>\n\t\t\t\t\t<\/div>\n\t\t\t\t<\/div>\n\t\t<div class=\"elementor-element elementor-element-ce93919 e-flex e-con-boxed e-con e-parent\" data-id=\"ce93919\" data-element_type=\"container\">\n\t\t\t\t\t<div class=\"e-con-inner\">\n\t\t\t\t<div class=\"elementor-element elementor-element-1a98da3 elementor-widget__width-initial elementor-widget elementor-widget-heading\" data-id=\"1a98da3\" data-element_type=\"widget\" data-widget_type=\"heading.default\">\n\t\t\t\t\t<h2 class=\"elementor-heading-title elementor-size-default\">Reformas comerciales y de retail: Mejora la imagen de tu negocio\n<\/h2>\t\t\t\t<\/div>\n\t\t\t\t<div class=\"elementor-element elementor-element-bedb60d elementor-widget__width-initial elementor-widget elementor-widget-text-editor\" data-id=\"bedb60d\" data-element_type=\"widget\" data-widget_type=\"text-editor.default\">\n\t\t\t\t\t\t\t\t\t<p><span style=\"font-weight: 400;\">La imagen es fundamental para el \u00e9xito de cualquier negocio. Por eso, ofrecemos <\/span><b>servicios de reforma comercial<\/b><span style=\"font-weight: 400;\"> para establecimientos de todo tipo: desde tiendas a restaurantes o locales comerciales. Ofrecemos:<\/span><\/p>\t\t\t\t\t\t\t\t<\/div>\n\t\t<div class=\"elementor-element elementor-element-93e2e86 e-grid e-con-full e-con e-child\" data-id=\"93e2e86\" data-element_type=\"container\">\n\t\t\t\t<div class=\"elementor-element elementor-element-0cca024 jkit-equal-height-disable elementor-widget elementor-widget-jkit_icon_box\" data-id=\"0cca024\" data-element_type=\"widget\" data-widget_type=\"jkit_icon_box.default\">\n\t\t\t\t<div class=\"elementor-widget-container\">\n\t\t\t\t\t<div  class=\"jeg-elementor-kit jkit-icon-box icon-position- elementor-animation- jeg_module__4_69fb40b57d271\" ><div class=\"jkit-icon-box-wrapper hover-from-left\"><div class=\"icon-box icon-box-header elementor-animation-\"><div class=\"icon style-color\"><i aria-hidden=\"true\" class=\"jki jki-badge-light\"><\/i><\/div><\/div><div class=\"icon-box icon-box-body\">\n                <h2 class=\"title\">Reformas de tiendas y comercios<\/h2><p class=\"icon-box-description\">Renovamos tu local para mejorar la experiencia del cliente, con un dise\u00f1o atractivo y funcional.\n<\/p>\n            <\/div>\n            \n            <\/div><\/div>\t\t\t\t<\/div>\n\t\t\t\t<\/div>\n\t\t\t\t<div class=\"elementor-element elementor-element-7f2d57c jkit-equal-height-disable elementor-widget elementor-widget-jkit_icon_box\" data-id=\"7f2d57c\" data-element_type=\"widget\" data-widget_type=\"jkit_icon_box.default\">\n\t\t\t\t<div class=\"elementor-widget-container\">\n\t\t\t\t\t<div  class=\"jeg-elementor-kit jkit-icon-box icon-position- elementor-animation- jeg_module__5_69fb40b57d4f3\" ><div class=\"jkit-icon-box-wrapper hover-from-left\"><div class=\"icon-box icon-box-header elementor-animation-\"><div class=\"icon style-color\"><i aria-hidden=\"true\" class=\"jki jki-building-light\"><\/i><\/div><\/div><div class=\"icon-box icon-box-body\">\n                <h2 class=\"title\">Dise\u00f1o de comercios y espacios comerciales<\/h2><p class=\"icon-box-description\">Optimizamos el espacio para hacerlo m\u00e1s atractivo y funcional para sus clientes.\n<\/p>\n            <\/div>\n            \n            <\/div><\/div>\t\t\t\t<\/div>\n\t\t\t\t<\/div>\n\t\t\t\t<div class=\"elementor-element elementor-element-d766b34 jkit-equal-height-disable elementor-widget elementor-widget-jkit_icon_box\" data-id=\"d766b34\" data-element_type=\"widget\" data-widget_type=\"jkit_icon_box.default\">\n\t\t\t\t<div class=\"elementor-widget-container\">\n\t\t\t\t\t<div  class=\"jeg-elementor-kit jkit-icon-box icon-position- elementor-animation- jeg_module__6_69fb40b57d76a\" ><div class=\"jkit-icon-box-wrapper hover-from-left\"><div class=\"icon-box icon-box-header elementor-animation-\"><div class=\"icon style-color\"><i aria-hidden=\"true\" class=\"jki jki-brickwall-light\"><\/i><\/div><\/div><div class=\"icon-box icon-box-body\">\n                <h2 class=\"title\">Reformas de locales para restaurantes y hosteler\u00eda<\/h2><p class=\"icon-box-description\">Dise\u00f1o y ejecuci\u00f3n de proyectos de reforma adaptados a las necesidades de cada negocio de restauraci\u00f3n.\n\n\n\n<\/p>\n            <\/div>\n            \n            <\/div><\/div>\t\t\t\t<\/div>\n\t\t\t\t<\/div>\n\t\t\t\t<div class=\"elementor-element elementor-element-e6400a7 jkit-equal-height-disable elementor-widget elementor-widget-jkit_icon_box\" data-id=\"e6400a7\" data-element_type=\"widget\" data-widget_type=\"jkit_icon_box.default\">\n\t\t\t\t<div class=\"elementor-widget-container\">\n\t\t\t\t\t<div  class=\"jeg-elementor-kit jkit-icon-box icon-position- elementor-animation- jeg_module__7_69fb40b57d9d8\" ><div class=\"jkit-icon-box-wrapper hover-from-left\"><div class=\"icon-box icon-box-header elementor-animation-\"><div class=\"icon style-color\"><i aria-hidden=\"true\" class=\"jki jki-brickwall-light\"><\/i><\/div><\/div><div class=\"icon-box icon-box-body\">\n                <h2 class=\"title\">Instalaci\u00f3n de elementos comerciales<\/h2><p class=\"icon-box-description\">Falsos techos, pavimentos comerciales e iluminaci\u00f3n especializada en tu establecimiento.\n\n\n\n<\/p>\n            <\/div>\n            \n            <\/div><\/div>\t\t\t\t<\/div>\n\t\t\t\t<\/div>\n\t\t\t\t<\/div>\n\t\t\t\t\t<\/div>\n\t\t\t\t<\/div>\n\t\t<div class=\"elementor-element elementor-element-9d22913 e-flex e-con-boxed e-con e-parent\" data-id=\"9d22913\" data-element_type=\"container\" data-settings=\"{&quot;background_background&quot;:&quot;classic&quot;}\">\n\t\t\t\t\t<div class=\"e-con-inner\">\n\t\t<div class=\"elementor-element elementor-element-52c59b9 e-con-full e-flex e-con e-child\" data-id=\"52c59b9\" data-element_type=\"container\">\n\t\t\t\t<div class=\"elementor-element elementor-element-66a6195 elementor-widget elementor-widget-heading\" data-id=\"66a6195\" data-element_type=\"widget\" data-widget_type=\"heading.default\">\n\t\t\t\t\t<h2 class=\"elementor-heading-title elementor-size-default\">Miembro del Gremio de Constructores\n<\/h2>\t\t\t\t<\/div>\n\t\t\t\t<div class=\"elementor-element elementor-element-33908e0 elementor-widget elementor-widget-text-editor\" data-id=\"33908e0\" data-element_type=\"widget\" data-widget_type=\"text-editor.default\">\n\t\t\t\t\t\t\t\t\t<p><strong data-start=\"180\" data-end=\"274\">Xavi Tany\u00e0 Serveis Integrals est\u00e1 agremiado en el Gremio de Constructores de Sabadell y Comarca.<\/strong><br data-start=\"274\" data-end=\"277\" \/>Esta afiliaci\u00f3n refleja nuestro compromiso con la calidad, profesionalidad y sector de la construcci\u00f3n.<\/p>\t\t\t\t\t\t\t\t<\/div>\n\t\t\t\t<\/div>\n\t\t<div class=\"elementor-element elementor-element-75c5bc4 e-con-full e-flex e-con e-child\" data-id=\"75c5bc4\" data-element_type=\"container\">\n\t\t\t\t<div class=\"elementor-element elementor-element-b3db6fe elementor-widget-mobile__width-inherit elementor-widget elementor-widget-image\" data-id=\"b3db6fe\" data-element_type=\"widget\" data-widget_type=\"image.default\">\n\t\t\t\t\t\t\t\t\t\t\t\t\t\t\t<img fetchpriority=\"high\" decoding=\"async\" width=\"341\" height=\"228\" src=\"https:\/\/xavitanyaserveisintegrals.com\/wp-content\/uploads\/2025\/04\/imagen_2025-04-14_153337162-e1745498500952.png\" class=\"attachment-full size-full wp-image-646\" alt=\"\" srcset=\"https:\/\/xavitanyaserveisintegrals.com\/wp-content\/uploads\/2025\/04\/imagen_2025-04-14_153337162-e1745498500952.png 341w, https:\/\/xavitanyaserveisintegrals.com\/wp-content\/uploads\/2025\/04\/imagen_2025-04-14_153337162-e1745498500952-300x201.png 300w\" sizes=\"(max-width: 341px) 100vw, 341px\" \/>\t\t\t\t\t\t\t\t\t\t\t\t\t\t\t<\/div>\n\t\t\t\t<\/div>\n\t\t\t\t\t<\/div>\n\t\t\t\t<\/div>\n\t\t\t\t<\/div>","protected":false},"excerpt":{"rendered":"<p>Reformes per a empreses: Transformem el teu espai de treball per optimitzar la productivitat A Xavi Tany\u00e0 Serveis Integrals, oferim solucions de reformes per a empreses amb l&#8217;objectiu de transformar els teus espais comercials, oficines o establiments en llocs funcionals, moderns i adaptats a les necessitats de la teva activitat empresarial.\u00a0 Amb m\u00e9s de 25 [&hellip;]<\/p>","protected":false},"author":2,"featured_media":0,"parent":14,"menu_order":0,"comment_status":"closed","ping_status":"closed","template":"elementor_header_footer","meta":{"footnotes":""},"class_list":["post-17","page","type-page","status-publish","hentry"],"_links":{"self":[{"href":"https:\/\/xavitanyaserveisintegrals.com\/es\/wp-json\/wp\/v2\/pages\/17","targetHints":{"allow":["GET"]}}],"collection":[{"href":"https:\/\/xavitanyaserveisintegrals.com\/es\/wp-json\/wp\/v2\/pages"}],"about":[{"href":"https:\/\/xavitanyaserveisintegrals.com\/es\/wp-json\/wp\/v2\/types\/page"}],"author":[{"embeddable":true,"href":"https:\/\/xavitanyaserveisintegrals.com\/es\/wp-json\/wp\/v2\/users\/2"}],"replies":[{"embeddable":true,"href":"https:\/\/xavitanyaserveisintegrals.com\/es\/wp-json\/wp\/v2\/comments?post=17"}],"version-history":[{"count":40,"href":"https:\/\/xavitanyaserveisintegrals.com\/es\/wp-json\/wp\/v2\/pages\/17\/revisions"}],"predecessor-version":[{"id":1342,"href":"https:\/\/xavitanyaserveisintegrals.com\/es\/wp-json\/wp\/v2\/pages\/17\/revisions\/1342"}],"up":[{"embeddable":true,"href":"https:\/\/xavitanyaserveisintegrals.com\/es\/wp-json\/wp\/v2\/pages\/14"}],"wp:attachment":[{"href":"https:\/\/xavitanyaserveisintegrals.com\/es\/wp-json\/wp\/v2\/media?parent=17"}],"curies":[{"name":"wp","href":"https:\/\/api.w.org\/{rel}","templated":true}]}}