{"id":19,"date":"2025-03-01T00:52:53","date_gmt":"2025-03-01T00:52:53","guid":{"rendered":"https:\/\/xavitanyaserveisintegrals.com\/?page_id=19"},"modified":"2025-05-21T20:53:45","modified_gmt":"2025-05-21T20:53:45","slug":"installacions","status":"publish","type":"page","link":"https:\/\/xavitanyaserveisintegrals.com\/es\/installacions\/","title":{"rendered":"Instalaciones"},"content":{"rendered":"<div data-elementor-type=\"wp-page\" data-elementor-id=\"19\" class=\"elementor elementor-19\" data-elementor-post-type=\"page\">\n\t\t\t\t<div class=\"elementor-element elementor-element-078c160 e-flex e-con-boxed e-con e-parent\" data-id=\"078c160\" data-element_type=\"container\" data-settings=\"{&quot;background_background&quot;:&quot;classic&quot;}\">\n\t\t\t\t\t<div class=\"e-con-inner\">\n\t\t<div class=\"elementor-element elementor-element-606d23c e-con-full e-flex e-con e-child\" data-id=\"606d23c\" data-element_type=\"container\">\n\t\t\t\t<div class=\"elementor-element elementor-element-a1f9ef8 elementor-widget__width-initial elementor-widget elementor-widget-heading\" data-id=\"a1f9ef8\" data-element_type=\"widget\" data-widget_type=\"heading.default\">\n\t\t\t\t\t<h2 class=\"elementor-heading-title elementor-size-default\">Servicio de Instalaciones: Soluciones eficientes y especializadas\n<\/h2>\t\t\t\t<\/div>\n\t\t\t\t<div class=\"elementor-element elementor-element-9d4630b elementor-widget__width-initial elementor-widget elementor-widget-text-editor\" data-id=\"9d4630b\" data-element_type=\"widget\" data-widget_type=\"text-editor.default\">\n\t\t\t\t\t\t\t\t\t<p><span style=\"font-weight: 400;\">Ofrecemos un amplio abanico de servicios de instalaciones para comunidades de vecinos, empresas y clientes particulares. Con m\u00e1s de 25 a\u00f1os de experiencia en el sector, nuestro objetivo es proporcionar soluciones eficientes, seguras y duraderas adaptadas a las necesidades espec\u00edficas de cada cliente.<\/span><\/p>\t\t\t\t\t\t\t\t<\/div>\n\t\t\t\t<\/div>\n\t\t\t\t\t<\/div>\n\t\t\t\t<\/div>\n\t\t<div class=\"elementor-element elementor-element-425d346 e-flex e-con-boxed e-con e-parent\" data-id=\"425d346\" data-element_type=\"container\">\n\t\t\t\t\t<div class=\"e-con-inner\">\n\t\t\t\t<div class=\"elementor-element elementor-element-b22efa3 elementor-widget__width-initial elementor-widget elementor-widget-heading\" data-id=\"b22efa3\" data-element_type=\"widget\" data-widget_type=\"heading.default\">\n\t\t\t\t\t<h2 class=\"elementor-heading-title elementor-size-default\">Instalaciones profesionales para comunidades, empresas y particulares\n<\/h2>\t\t\t\t<\/div>\n\t\t<div class=\"elementor-element elementor-element-b633cf2 e-grid e-con-full e-con e-child\" data-id=\"b633cf2\" data-element_type=\"container\">\n\t\t<div class=\"elementor-element elementor-element-e02eb58 e-con-full e-flex e-con e-child\" data-id=\"e02eb58\" data-element_type=\"container\">\n\t\t\t\t<div class=\"elementor-element elementor-element-4fa2ee3 elementor-widget__width-auto elementor-absolute elementor-widget elementor-widget-heading\" data-id=\"4fa2ee3\" data-element_type=\"widget\" data-settings=\"{&quot;_position&quot;:&quot;absolute&quot;}\" data-widget_type=\"heading.default\">\n\t\t\t\t\t<span class=\"elementor-heading-title elementor-size-default\">01<\/span>\t\t\t\t<\/div>\n\t\t\t\t<div class=\"elementor-element elementor-element-542643f jkit-equal-height-enable elementor-widget__width-inherit elementor-widget elementor-widget-jkit_icon_box\" data-id=\"542643f\" data-element_type=\"widget\" data-widget_type=\"jkit_icon_box.default\">\n\t\t\t\t<div class=\"elementor-widget-container\">\n\t\t\t\t\t<div  class=\"jeg-elementor-kit jkit-icon-box icon-position- elementor-animation- jeg_module___69ee44ba0c849\" ><a href=\"https:\/\/xavitanyaserveisintegrals.com\/es\/reformes-integrals\/\" class=\"icon-box-link\" aria-label=\"Saber m\u00e1s\"><div class=\"jkit-icon-box-wrapper hover-from-left\"><div class=\"icon-box icon-box-header elementor-animation-\"><div class=\"icon style-color\"><i aria-hidden=\"true\" class=\"jki jki-engineer-light\"><\/i><\/div><\/div><div class=\"icon-box icon-box-body\">\n                <h3 class=\"title\">Energ\u00edas renovables<\/h3><p class=\"icon-box-description\">Apostamos por soluciones sostenibles con instalaciones de energ\u00edas renovables para naves y espacios industriales.\n\n\n\n<\/p>\n            <\/div>\n            \n            <\/div><\/a><\/div>\t\t\t\t<\/div>\n\t\t\t\t<\/div>\n\t\t\t\t<\/div>\n\t\t<div class=\"elementor-element elementor-element-5849dc8 e-con-full e-flex e-con e-child\" data-id=\"5849dc8\" data-element_type=\"container\">\n\t\t\t\t<div class=\"elementor-element elementor-element-cf5d458 jkit-equal-height-enable elementor-widget__width-inherit elementor-widget elementor-widget-jkit_icon_box\" data-id=\"cf5d458\" data-element_type=\"widget\" data-widget_type=\"jkit_icon_box.default\">\n\t\t\t\t<div class=\"elementor-widget-container\">\n\t\t\t\t\t<div  class=\"jeg-elementor-kit jkit-icon-box icon-position- elementor-animation- jeg_module__1_69ee44ba0ce83\" ><div class=\"jkit-icon-box-wrapper hover-from-left\"><div class=\"icon-box icon-box-header elementor-animation-\"><div class=\"icon style-color\"><i aria-hidden=\"true\" class=\"jki jki-Helmet-light\"><\/i><\/div><\/div><div class=\"icon-box icon-box-body\">\n                <h3 class=\"title\">Instalaci\u00f3n de placas solares<\/h3><p class=\"icon-box-description\">Instalamos sistemas fotovoltaicos para reducir el consumo energ\u00e9tico y fomentar el autoconsumo.\n\n\n\n<\/p>\n            <\/div>\n            \n            <\/div><\/div>\t\t\t\t<\/div>\n\t\t\t\t<\/div>\n\t\t\t\t<div class=\"elementor-element elementor-element-bab5745 elementor-widget__width-auto elementor-absolute elementor-widget elementor-widget-heading\" data-id=\"bab5745\" data-element_type=\"widget\" data-settings=\"{&quot;_position&quot;:&quot;absolute&quot;}\" data-widget_type=\"heading.default\">\n\t\t\t\t\t<h2 class=\"elementor-heading-title elementor-size-default\">02<\/h2>\t\t\t\t<\/div>\n\t\t\t\t<\/div>\n\t\t<div class=\"elementor-element elementor-element-8a7330a e-con-full e-flex e-con e-child\" data-id=\"8a7330a\" data-element_type=\"container\">\n\t\t\t\t<div class=\"elementor-element elementor-element-b0e627a jkit-equal-height-enable elementor-widget__width-inherit elementor-widget elementor-widget-jkit_icon_box\" data-id=\"b0e627a\" data-element_type=\"widget\" data-widget_type=\"jkit_icon_box.default\">\n\t\t\t\t<div class=\"elementor-widget-container\">\n\t\t\t\t\t<div  class=\"jeg-elementor-kit jkit-icon-box icon-position- elementor-animation- jeg_module__2_69ee44ba0d129\" ><div class=\"jkit-icon-box-wrapper hover-from-left\"><div class=\"icon-box icon-box-header elementor-animation-\"><div class=\"icon style-color\"><i aria-hidden=\"true\" class=\"jki jki-crane2-light\"><\/i><\/div><\/div><div class=\"icon-box icon-box-body\">\n                <h3 class=\"title\">Cargadores para veh\u00edculos el\u00e9ctricos<\/h3><p class=\"icon-box-description\">Montamos puntos de carga para veh\u00edculos el\u00e9ctricos, facilitando la movilidad sostenible en tu empresa.\n\n\n\n\n\n<\/p>\n            <\/div>\n            \n            <\/div><\/div>\t\t\t\t<\/div>\n\t\t\t\t<\/div>\n\t\t\t\t<div class=\"elementor-element elementor-element-1823444 elementor-widget__width-auto elementor-absolute elementor-widget elementor-widget-heading\" data-id=\"1823444\" data-element_type=\"widget\" data-settings=\"{&quot;_position&quot;:&quot;absolute&quot;}\" data-widget_type=\"heading.default\">\n\t\t\t\t\t<h2 class=\"elementor-heading-title elementor-size-default\">03<\/h2>\t\t\t\t<\/div>\n\t\t\t\t<\/div>\n\t\t<div class=\"elementor-element elementor-element-b764df0 e-con-full e-flex e-con e-child\" data-id=\"b764df0\" data-element_type=\"container\">\n\t\t\t\t<div class=\"elementor-element elementor-element-52ddf79 jkit-equal-height-enable elementor-widget__width-inherit elementor-widget elementor-widget-jkit_icon_box\" data-id=\"52ddf79\" data-element_type=\"widget\" data-widget_type=\"jkit_icon_box.default\">\n\t\t\t\t<div class=\"elementor-widget-container\">\n\t\t\t\t\t<div  class=\"jeg-elementor-kit jkit-icon-box icon-position- elementor-animation- jeg_module__3_69ee44ba0d3ac\" ><div class=\"jkit-icon-box-wrapper hover-from-left\"><div class=\"icon-box icon-box-header elementor-animation-\"><div class=\"icon style-color\"><i aria-hidden=\"true\" class=\"jki jki-energy-saving-light\"><\/i><\/div><\/div><div class=\"icon-box icon-box-body\">\n                <h3 class=\"title\">Instalaci\u00f3n de bater\u00edas<\/h3><p class=\"icon-box-description\">Implementamos bater\u00edas de almacenamiento de energ\u00eda para optimizar el uso de energ\u00eda solar.\n\n<\/p>\n            <\/div>\n            \n            <\/div><\/div>\t\t\t\t<\/div>\n\t\t\t\t<\/div>\n\t\t\t\t<div class=\"elementor-element elementor-element-26e6d78 elementor-widget__width-auto elementor-absolute elementor-widget elementor-widget-heading\" data-id=\"26e6d78\" data-element_type=\"widget\" data-settings=\"{&quot;_position&quot;:&quot;absolute&quot;}\" data-widget_type=\"heading.default\">\n\t\t\t\t\t<h2 class=\"elementor-heading-title elementor-size-default\">04<\/h2>\t\t\t\t<\/div>\n\t\t\t\t<\/div>\n\t\t<div class=\"elementor-element elementor-element-83e6da4 e-con-full e-flex e-con e-child\" data-id=\"83e6da4\" data-element_type=\"container\">\n\t\t\t\t<div class=\"elementor-element elementor-element-1603e60 jkit-equal-height-enable elementor-widget__width-inherit elementor-widget elementor-widget-jkit_icon_box\" data-id=\"1603e60\" data-element_type=\"widget\" data-widget_type=\"jkit_icon_box.default\">\n\t\t\t\t<div class=\"elementor-widget-container\">\n\t\t\t\t\t<div  class=\"jeg-elementor-kit jkit-icon-box icon-position- elementor-animation- jeg_module__4_69ee44ba0d627\" ><div class=\"jkit-icon-box-wrapper hover-from-left\"><div class=\"icon-box icon-box-header elementor-animation-\"><div class=\"icon style-color\"><svg aria-hidden=\"true\" class=\"e-font-icon-svg e-far-lightbulb\" viewbox=\"0 0 352 512\" xmlns=\"http:\/\/www.w3.org\/2000\/svg\"><path d=\"M176 80c-52.94 0-96 43.06-96 96 0 8.84 7.16 16 16 16s16-7.16 16-16c0-35.3 28.72-64 64-64 8.84 0 16-7.16 16-16s-7.16-16-16-16zM96.06 459.17c0 3.15.93 6.22 2.68 8.84l24.51 36.84c2.97 4.46 7.97 7.14 13.32 7.14h78.85c5.36 0 10.36-2.68 13.32-7.14l24.51-36.84c1.74-2.62 2.67-5.7 2.68-8.84l.05-43.18H96.02l.04 43.18zM176 0C73.72 0 0 82.97 0 176c0 44.37 16.45 84.85 43.56 115.78 16.64 18.99 42.74 58.8 52.42 92.16v.06h48v-.12c-.01-4.77-.72-9.51-2.15-14.07-5.59-17.81-22.82-64.77-62.17-109.67-20.54-23.43-31.52-53.15-31.61-84.14-.2-73.64 59.67-128 127.95-128 70.58 0 128 57.42 128 128 0 30.97-11.24 60.85-31.65 84.14-39.11 44.61-56.42 91.47-62.1 109.46a47.507 47.507 0 0 0-2.22 14.3v.1h48v-.05c9.68-33.37 35.78-73.18 52.42-92.16C335.55 260.85 352 220.37 352 176 352 78.8 273.2 0 176 0z\"><\/path><\/svg><\/div><\/div><div class=\"icon-box icon-box-body\">\n                <h3 class=\"title\">Nos especializamos en iluminaci\u00f3n eficiente y decorativa.<\/h3><p class=\"icon-box-description\">Podemos asesorar y dise\u00f1ar soluciones adaptadas para cada espacio, combinando funcionalidad y est\u00e9tica.\n\n\n<\/p>\n            <\/div>\n            \n            <\/div><\/div>\t\t\t\t<\/div>\n\t\t\t\t<\/div>\n\t\t\t\t<div class=\"elementor-element elementor-element-b70af64 elementor-widget__width-auto elementor-absolute elementor-widget elementor-widget-heading\" data-id=\"b70af64\" data-element_type=\"widget\" data-settings=\"{&quot;_position&quot;:&quot;absolute&quot;}\" data-widget_type=\"heading.default\">\n\t\t\t\t\t<h2 class=\"elementor-heading-title elementor-size-default\">05<\/h2>\t\t\t\t<\/div>\n\t\t\t\t<\/div>\n\t\t<div class=\"elementor-element elementor-element-eebecd8 e-con-full e-flex e-con e-child\" data-id=\"eebecd8\" data-element_type=\"container\">\n\t\t\t\t<div class=\"elementor-element elementor-element-1c1b475 elementor-widget__width-auto elementor-absolute elementor-widget elementor-widget-heading\" data-id=\"1c1b475\" data-element_type=\"widget\" data-settings=\"{&quot;_position&quot;:&quot;absolute&quot;}\" data-widget_type=\"heading.default\">\n\t\t\t\t\t<span class=\"elementor-heading-title elementor-size-default\">06<\/span>\t\t\t\t<\/div>\n\t\t\t\t<div class=\"elementor-element elementor-element-5ef7c55 jkit-equal-height-enable elementor-widget__width-inherit elementor-widget elementor-widget-jkit_icon_box\" data-id=\"5ef7c55\" data-element_type=\"widget\" data-widget_type=\"jkit_icon_box.default\">\n\t\t\t\t<div class=\"elementor-widget-container\">\n\t\t\t\t\t<div  class=\"jeg-elementor-kit jkit-icon-box icon-position- elementor-animation- jeg_module__5_69ee44ba0d8be\" ><a href=\"https:\/\/xavitanyaserveisintegrals.com\/es\/reformes-integrals\/\" class=\"icon-box-link\" aria-label=\"Saber m\u00e1s\"><div class=\"jkit-icon-box-wrapper hover-from-left\"><div class=\"icon-box icon-box-header elementor-animation-\"><div class=\"icon style-color\"><i aria-hidden=\"true\" class=\"jki jki-engineer-light\"><\/i><\/div><\/div><div class=\"icon-box icon-box-body\">\n                <h3 class=\"title\">Instalaciones el\u00e9ctricas<\/h3><p class=\"icon-box-description\">Revisiones regulares de cuadros el\u00e9ctricos, sustituci\u00f3n de componentes defectuosos y optimizaci\u00f3n de circuitos para evitar fallas y garantizar su seguridad. Hagamos de nuevas o renovamos las antiguas.\n<\/p>\n            <\/div>\n            \n            <\/div><\/a><\/div>\t\t\t\t<\/div>\n\t\t\t\t<\/div>\n\t\t\t\t<\/div>\n\t\t<div class=\"elementor-element elementor-element-708a5c6 e-con-full e-flex e-con e-child\" data-id=\"708a5c6\" data-element_type=\"container\">\n\t\t\t\t<div class=\"elementor-element elementor-element-da3d8be jkit-equal-height-enable elementor-widget__width-inherit elementor-widget elementor-widget-jkit_icon_box\" data-id=\"da3d8be\" data-element_type=\"widget\" data-widget_type=\"jkit_icon_box.default\">\n\t\t\t\t<div class=\"elementor-widget-container\">\n\t\t\t\t\t<div  class=\"jeg-elementor-kit jkit-icon-box icon-position- elementor-animation- jeg_module__6_69ee44ba0dc33\" ><div class=\"jkit-icon-box-wrapper hover-from-left\"><div class=\"icon-box icon-box-header elementor-animation-\"><div class=\"icon style-color\"><i aria-hidden=\"true\" class=\"jki jki-Helmet-light\"><\/i><\/div><\/div><div class=\"icon-box icon-box-body\">\n                <h3 class=\"title\">Instalaciones de agua<\/h3><p class=\"icon-box-description\">Inspecci\u00f3n de redes de agua y saneamiento, mantenimiento de tuber\u00edas. Hagamos de nuevas o renovamos las antiguas.\n<\/p>\n            <\/div>\n            \n            <\/div><\/div>\t\t\t\t<\/div>\n\t\t\t\t<\/div>\n\t\t\t\t<div class=\"elementor-element elementor-element-3c96f12 elementor-widget__width-auto elementor-absolute elementor-widget elementor-widget-heading\" data-id=\"3c96f12\" data-element_type=\"widget\" data-settings=\"{&quot;_position&quot;:&quot;absolute&quot;}\" data-widget_type=\"heading.default\">\n\t\t\t\t\t<h2 class=\"elementor-heading-title elementor-size-default\">07<\/h2>\t\t\t\t<\/div>\n\t\t\t\t<\/div>\n\t\t<div class=\"elementor-element elementor-element-ea8b861 e-con-full e-flex e-con e-child\" data-id=\"ea8b861\" data-element_type=\"container\">\n\t\t\t\t<div class=\"elementor-element elementor-element-97dc508 jkit-equal-height-enable elementor-widget__width-inherit elementor-widget elementor-widget-jkit_icon_box\" data-id=\"97dc508\" data-element_type=\"widget\" data-widget_type=\"jkit_icon_box.default\">\n\t\t\t\t<div class=\"elementor-widget-container\">\n\t\t\t\t\t<div  class=\"jeg-elementor-kit jkit-icon-box icon-position- elementor-animation- jeg_module__7_69ee44ba0deb4\" ><div class=\"jkit-icon-box-wrapper hover-from-left\"><div class=\"icon-box icon-box-header elementor-animation-\"><div class=\"icon style-color\"><i aria-hidden=\"true\" class=\"jki jki-consut2-light\"><\/i><\/div><\/div><div class=\"icon-box icon-box-body\">\n                <h3 class=\"title\">Sistemas de climatizaci\u00f3n<\/h3><p class=\"icon-box-description\">Mantenimiento y limpieza de sistemas de calefacci\u00f3n y aire acondicionado, para asegurar un \u00f3ptimo rendimiento durante todo el a\u00f1o, con especial atenci\u00f3n a la eficiencia energ\u00e9tica. Hagamos de nuevas o renovamos las antiguas.\n<\/p>\n            <\/div>\n            \n            <\/div><\/div>\t\t\t\t<\/div>\n\t\t\t\t<\/div>\n\t\t\t\t<div class=\"elementor-element elementor-element-918096c elementor-widget__width-auto elementor-absolute elementor-widget elementor-widget-heading\" data-id=\"918096c\" data-element_type=\"widget\" data-settings=\"{&quot;_position&quot;:&quot;absolute&quot;}\" data-widget_type=\"heading.default\">\n\t\t\t\t\t<h2 class=\"elementor-heading-title elementor-size-default\">08<\/h2>\t\t\t\t<\/div>\n\t\t\t\t<\/div>\n\t\t\t\t<\/div>\n\t\t\t\t\t<\/div>\n\t\t\t\t<\/div>\n\t\t<div class=\"elementor-element elementor-element-a0f0e16 e-flex e-con-boxed e-con e-parent\" data-id=\"a0f0e16\" data-element_type=\"container\" data-settings=\"{&quot;background_background&quot;:&quot;classic&quot;}\">\n\t\t\t\t\t<div class=\"e-con-inner\">\n\t\t<div class=\"elementor-element elementor-element-1bebe06 e-con-full e-flex e-con e-child\" data-id=\"1bebe06\" data-element_type=\"container\">\n\t\t\t\t<div class=\"elementor-element elementor-element-848e247 elementor-widget elementor-widget-heading\" data-id=\"848e247\" data-element_type=\"widget\" data-widget_type=\"heading.default\">\n\t\t\t\t\t<h2 class=\"elementor-heading-title elementor-size-default\">Miembro del Gremio de Constructores\n<\/h2>\t\t\t\t<\/div>\n\t\t\t\t<div class=\"elementor-element elementor-element-472c1fb elementor-widget elementor-widget-text-editor\" data-id=\"472c1fb\" data-element_type=\"widget\" data-widget_type=\"text-editor.default\">\n\t\t\t\t\t\t\t\t\t<p><strong data-start=\"180\" data-end=\"274\">Xavi Tany\u00e0 Serveis Integrals est\u00e1 agremiado en el Gremio de Constructores de Sabadell y Comarca.<\/strong><br data-start=\"274\" data-end=\"277\" \/>Esta afiliaci\u00f3n refleja nuestro compromiso con la calidad, profesionalidad y sector de la construcci\u00f3n.<\/p>\t\t\t\t\t\t\t\t<\/div>\n\t\t\t\t<\/div>\n\t\t<div class=\"elementor-element elementor-element-b41236e e-con-full e-flex e-con e-child\" data-id=\"b41236e\" data-element_type=\"container\">\n\t\t\t\t<div class=\"elementor-element elementor-element-3a6f559 elementor-widget-mobile__width-inherit elementor-widget elementor-widget-image\" data-id=\"3a6f559\" data-element_type=\"widget\" data-widget_type=\"image.default\">\n\t\t\t\t\t\t\t\t\t\t\t\t\t\t\t<img fetchpriority=\"high\" decoding=\"async\" width=\"341\" height=\"228\" src=\"https:\/\/xavitanyaserveisintegrals.com\/wp-content\/uploads\/2025\/04\/imagen_2025-04-14_153337162-e1745498500952.png\" class=\"attachment-full size-full wp-image-646\" alt=\"\" srcset=\"https:\/\/xavitanyaserveisintegrals.com\/wp-content\/uploads\/2025\/04\/imagen_2025-04-14_153337162-e1745498500952.png 341w, https:\/\/xavitanyaserveisintegrals.com\/wp-content\/uploads\/2025\/04\/imagen_2025-04-14_153337162-e1745498500952-300x201.png 300w\" sizes=\"(max-width: 341px) 100vw, 341px\" \/>\t\t\t\t\t\t\t\t\t\t\t\t\t\t\t<\/div>\n\t\t\t\t<\/div>\n\t\t\t\t\t<\/div>\n\t\t\t\t<\/div>\n\t\t<div class=\"elementor-element elementor-element-29d925e e-flex e-con-boxed e-con e-parent\" data-id=\"29d925e\" data-element_type=\"container\" data-settings=\"{&quot;background_background&quot;:&quot;classic&quot;}\">\n\t\t\t\t\t<div class=\"e-con-inner\">\n\t\t<div class=\"elementor-element elementor-element-9bf139f e-con-full e-flex e-con e-child\" data-id=\"9bf139f\" data-element_type=\"container\">\n\t\t\t\t<div class=\"elementor-element elementor-element-b24da40 elementor-widget elementor-widget-heading\" data-id=\"b24da40\" data-element_type=\"widget\" data-widget_type=\"heading.default\">\n\t\t\t\t\t<h2 class=\"elementor-heading-title elementor-size-default\">Contamos con un equipo industrial calificado y experto\n<\/h2>\t\t\t\t<\/div>\n\t\t\t\t<div class=\"elementor-element elementor-element-76b3d0b elementor-widget elementor-widget-text-editor\" data-id=\"76b3d0b\" data-element_type=\"widget\" data-widget_type=\"text-editor.default\">\n\t\t\t\t\t\t\t\t\t<p><span style=\"font-weight: 400;\">Nuestro \u00e9xito se basa en la confianza que nuestros clientes depositan en nosotros, as\u00ed como en nuestra capacidad de adaptarnos a todo tipo de proyectos, grandes o peque\u00f1os. Ofrecemos soluciones personalizadas y de calidad, trabajando con materiales de primeras marcas y con un equipo de industriales altamente calificados que garantizan la mejor ejecuci\u00f3n de cada trabajo.<\/span><\/p>\t\t\t\t\t\t\t\t<\/div>\n\t\t\t\t<\/div>\n\t\t\t\t<div class=\"elementor-element elementor-element-3ac2869 elementor-widget elementor-widget-button\" data-id=\"3ac2869\" data-element_type=\"widget\" data-widget_type=\"button.default\">\n\t\t\t\t\t\t\t\t\t\t<a class=\"elementor-button elementor-button-link elementor-size-sm\" href=\"https:\/\/xavitanyaserveisintegrals.com\/es\/contacte\/\">\n\t\t\t\t\t\t<span class=\"elementor-button-content-wrapper\">\n\t\t\t\t\t\t\t\t\t<span class=\"elementor-button-text\">Contacto<\/span>\n\t\t\t\t\t<\/span>\n\t\t\t\t\t<\/a>\n\t\t\t\t\t\t\t\t<\/div>\n\t\t\t\t\t<\/div>\n\t\t\t\t<\/div>\n\t\t\t\t<\/div>","protected":false},"excerpt":{"rendered":"<p>Servei d&#8217;Instal\u00b7lacions: Solucions eficients i especialitzades Oferim un ampli ventall de serveis d\u2019instal\u00b7lacions per a comunitats de ve\u00efns, empreses i clients particulars. Amb m\u00e9s de 25 anys d\u2019experi\u00e8ncia en el sector, el nostre objectiu \u00e9s proporcionar solucions eficients, segures i duradores, adaptades a les necessitats espec\u00edfiques de cada client. Instal\u00b7lacions professionals per a comunitats, empreses [&hellip;]<\/p>","protected":false},"author":2,"featured_media":0,"parent":0,"menu_order":0,"comment_status":"closed","ping_status":"closed","template":"elementor_header_footer","meta":{"footnotes":""},"class_list":["post-19","page","type-page","status-publish","hentry"],"_links":{"self":[{"href":"https:\/\/xavitanyaserveisintegrals.com\/es\/wp-json\/wp\/v2\/pages\/19","targetHints":{"allow":["GET"]}}],"collection":[{"href":"https:\/\/xavitanyaserveisintegrals.com\/es\/wp-json\/wp\/v2\/pages"}],"about":[{"href":"https:\/\/xavitanyaserveisintegrals.com\/es\/wp-json\/wp\/v2\/types\/page"}],"author":[{"embeddable":true,"href":"https:\/\/xavitanyaserveisintegrals.com\/es\/wp-json\/wp\/v2\/users\/2"}],"replies":[{"embeddable":true,"href":"https:\/\/xavitanyaserveisintegrals.com\/es\/wp-json\/wp\/v2\/comments?post=19"}],"version-history":[{"count":43,"href":"https:\/\/xavitanyaserveisintegrals.com\/es\/wp-json\/wp\/v2\/pages\/19\/revisions"}],"predecessor-version":[{"id":1357,"href":"https:\/\/xavitanyaserveisintegrals.com\/es\/wp-json\/wp\/v2\/pages\/19\/revisions\/1357"}],"wp:attachment":[{"href":"https:\/\/xavitanyaserveisintegrals.com\/es\/wp-json\/wp\/v2\/media?parent=19"}],"curies":[{"name":"wp","href":"https:\/\/api.w.org\/{rel}","templated":true}]}}