{"id":20,"date":"2025-03-01T00:53:13","date_gmt":"2025-03-01T00:53:13","guid":{"rendered":"https:\/\/xavitanyaserveisintegrals.com\/?page_id=20"},"modified":"2025-05-21T20:53:22","modified_gmt":"2025-05-21T20:53:22","slug":"manteniment-general","status":"publish","type":"page","link":"https:\/\/xavitanyaserveisintegrals.com\/es\/manteniment-general\/","title":{"rendered":"Mantenimiento general"},"content":{"rendered":"<div data-elementor-type=\"wp-page\" data-elementor-id=\"20\" class=\"elementor elementor-20\" data-elementor-post-type=\"page\">\n\t\t\t\t<div class=\"elementor-element elementor-element-8b5459e e-flex e-con-boxed e-con e-parent\" data-id=\"8b5459e\" data-element_type=\"container\" data-settings=\"{&quot;background_background&quot;:&quot;classic&quot;}\">\n\t\t\t\t\t<div class=\"e-con-inner\">\n\t\t<div class=\"elementor-element elementor-element-2212ce4 e-con-full e-flex e-con e-child\" data-id=\"2212ce4\" data-element_type=\"container\">\n\t\t\t\t<div class=\"elementor-element elementor-element-d70ffaf elementor-widget__width-initial elementor-widget elementor-widget-heading\" data-id=\"d70ffaf\" data-element_type=\"widget\" data-widget_type=\"heading.default\">\n\t\t\t\t\t<h2 class=\"elementor-heading-title elementor-size-default\">Servicio de mantenimiento general: Soluciones completas para el buen funcionamiento \n<\/h2>\t\t\t\t<\/div>\n\t\t\t\t<div class=\"elementor-element elementor-element-27f543a elementor-widget__width-initial elementor-widget elementor-widget-text-editor\" data-id=\"27f543a\" data-element_type=\"widget\" data-widget_type=\"text-editor.default\">\n\t\t\t\t\t\t\t\t\t<p><span style=\"font-weight: 400;\">Somos expertos en general mantenimiento para comunidades de vecinos, empresas y particulares. Ofrecemos servicios profesionales y adaptados a las necesidades de cada cliente para garantizar que tus instalaciones, edificios y espacios funcionen correctamente durante todo el a\u00f1o.<\/span><\/p>\t\t\t\t\t\t\t\t<\/div>\n\t\t\t\t<\/div>\n\t\t\t\t\t<\/div>\n\t\t\t\t<\/div>\n\t\t<div class=\"elementor-element elementor-element-cc1cc84 e-flex e-con-boxed e-con e-parent\" data-id=\"cc1cc84\" data-element_type=\"container\">\n\t\t\t\t\t<div class=\"e-con-inner\">\n\t\t\t\t<div class=\"elementor-element elementor-element-db9e67b elementor-widget__width-initial elementor-widget elementor-widget-heading\" data-id=\"db9e67b\" data-element_type=\"widget\" data-widget_type=\"heading.default\">\n\t\t\t\t\t<h2 class=\"elementor-heading-title elementor-size-default\">Mantenimiento profesional de instalaciones y sistemas\n\n<\/h2>\t\t\t\t<\/div>\n\t\t\t\t<div class=\"elementor-element elementor-element-795e0b8 elementor-widget__width-initial elementor-widget elementor-widget-text-editor\" data-id=\"795e0b8\" data-element_type=\"widget\" data-widget_type=\"text-editor.default\">\n\t\t\t\t\t\t\t\t\t<p><span style=\"font-weight: 400;\">Nos encargamos del mantenimiento de tus instalaciones el\u00e9ctricas, de agua, gas, climatizaci\u00f3n y seguridad para garantizar su buen estado y un funcionamiento \u00f3ptimo:<\/span><\/p>\t\t\t\t\t\t\t\t<\/div>\n\t\t<div class=\"elementor-element elementor-element-72d93ac e-grid e-con-full e-con e-child\" data-id=\"72d93ac\" data-element_type=\"container\">\n\t\t<div class=\"elementor-element elementor-element-087f794 e-con-full e-flex e-con e-child\" data-id=\"087f794\" data-element_type=\"container\">\n\t\t\t\t<div class=\"elementor-element elementor-element-9ae649c elementor-widget__width-auto elementor-absolute elementor-widget elementor-widget-heading\" data-id=\"9ae649c\" data-element_type=\"widget\" data-settings=\"{&quot;_position&quot;:&quot;absolute&quot;}\" data-widget_type=\"heading.default\">\n\t\t\t\t\t<span class=\"elementor-heading-title elementor-size-default\">01<\/span>\t\t\t\t<\/div>\n\t\t\t\t<div class=\"elementor-element elementor-element-2e764d7 jkit-equal-height-enable elementor-widget__width-inherit elementor-widget elementor-widget-jkit_icon_box\" data-id=\"2e764d7\" data-element_type=\"widget\" data-widget_type=\"jkit_icon_box.default\">\n\t\t\t\t<div class=\"elementor-widget-container\">\n\t\t\t\t\t<div  class=\"jeg-elementor-kit jkit-icon-box icon-position- elementor-animation- jeg_module___69ee5742e530e\" ><a href=\"https:\/\/xavitanyaserveisintegrals.com\/es\/reformes-integrals\/\" class=\"icon-box-link\" aria-label=\"Saber m\u00e1s\"><div class=\"jkit-icon-box-wrapper hover-from-left\"><div class=\"icon-box icon-box-header elementor-animation-\"><div class=\"icon style-color\"><i aria-hidden=\"true\" class=\"jki jki-engineer-light\"><\/i><\/div><\/div><div class=\"icon-box icon-box-body\">\n                <h3 class=\"title\">Instalaciones el\u00e9ctricas<\/h3><p class=\"icon-box-description\">Revisiones regulares de cuadros el\u00e9ctricos, sustituci\u00f3n de componentes defectuosos y optimizaci\u00f3n de circuitos para evitar fallas y garantizar su seguridad.\n<\/p>\n            <\/div>\n            \n            <\/div><\/a><\/div>\t\t\t\t<\/div>\n\t\t\t\t<\/div>\n\t\t\t\t<\/div>\n\t\t<div class=\"elementor-element elementor-element-87c0aa6 e-con-full e-flex e-con e-child\" data-id=\"87c0aa6\" data-element_type=\"container\">\n\t\t\t\t<div class=\"elementor-element elementor-element-414fdfd jkit-equal-height-enable elementor-widget__width-inherit elementor-widget elementor-widget-jkit_icon_box\" data-id=\"414fdfd\" data-element_type=\"widget\" data-widget_type=\"jkit_icon_box.default\">\n\t\t\t\t<div class=\"elementor-widget-container\">\n\t\t\t\t\t<div  class=\"jeg-elementor-kit jkit-icon-box icon-position- elementor-animation- jeg_module__1_69ee5742e5942\" ><div class=\"jkit-icon-box-wrapper hover-from-left\"><div class=\"icon-box icon-box-header elementor-animation-\"><div class=\"icon style-color\"><i aria-hidden=\"true\" class=\"jki jki-Helmet-light\"><\/i><\/div><\/div><div class=\"icon-box icon-box-body\">\n                <h3 class=\"title\">Instalaciones de agua<\/h3><p class=\"icon-box-description\">Inspecci\u00f3n de redes de agua y saneamiento, mantenimiento de tuber\u00edas.<\/p>\n            <\/div>\n            \n            <\/div><\/div>\t\t\t\t<\/div>\n\t\t\t\t<\/div>\n\t\t\t\t<div class=\"elementor-element elementor-element-0e97cd9 elementor-widget__width-auto elementor-absolute elementor-widget elementor-widget-heading\" data-id=\"0e97cd9\" data-element_type=\"widget\" data-settings=\"{&quot;_position&quot;:&quot;absolute&quot;}\" data-widget_type=\"heading.default\">\n\t\t\t\t\t<h2 class=\"elementor-heading-title elementor-size-default\">02<\/h2>\t\t\t\t<\/div>\n\t\t\t\t<\/div>\n\t\t<div class=\"elementor-element elementor-element-2c2310c e-con-full e-flex e-con e-child\" data-id=\"2c2310c\" data-element_type=\"container\">\n\t\t\t\t<div class=\"elementor-element elementor-element-f42051a jkit-equal-height-enable elementor-widget__width-inherit elementor-widget elementor-widget-jkit_icon_box\" data-id=\"f42051a\" data-element_type=\"widget\" data-widget_type=\"jkit_icon_box.default\">\n\t\t\t\t<div class=\"elementor-widget-container\">\n\t\t\t\t\t<div  class=\"jeg-elementor-kit jkit-icon-box icon-position- elementor-animation- jeg_module__2_69ee5742e5be2\" ><div class=\"jkit-icon-box-wrapper hover-from-left\"><div class=\"icon-box icon-box-header elementor-animation-\"><div class=\"icon style-color\"><i aria-hidden=\"true\" class=\"jki jki-consut2-light\"><\/i><\/div><\/div><div class=\"icon-box icon-box-body\">\n                <h3 class=\"title\">Sistemas de climatizaci\u00f3n<\/h3><p class=\"icon-box-description\">Mantenimiento y limpieza de sistemas de calefacci\u00f3n y aire acondicionado, para asegurar un \u00f3ptimo rendimiento durante todo el a\u00f1o, con especial atenci\u00f3n a la eficiencia energ\u00e9tica.<\/p>\n            <\/div>\n            \n            <\/div><\/div>\t\t\t\t<\/div>\n\t\t\t\t<\/div>\n\t\t\t\t<div class=\"elementor-element elementor-element-c0cd8a3 elementor-widget__width-auto elementor-absolute elementor-widget elementor-widget-heading\" data-id=\"c0cd8a3\" data-element_type=\"widget\" data-settings=\"{&quot;_position&quot;:&quot;absolute&quot;}\" data-widget_type=\"heading.default\">\n\t\t\t\t\t<h2 class=\"elementor-heading-title elementor-size-default\">03<\/h2>\t\t\t\t<\/div>\n\t\t\t\t<\/div>\n\t\t\t\t<\/div>\n\t\t\t\t\t<\/div>\n\t\t\t\t<\/div>\n\t\t<div class=\"elementor-element elementor-element-e9ebcf8 e-flex e-con-boxed e-con e-parent\" data-id=\"e9ebcf8\" data-element_type=\"container\" data-settings=\"{&quot;background_background&quot;:&quot;classic&quot;}\">\n\t\t\t\t\t<div class=\"e-con-inner\">\n\t\t<div class=\"elementor-element elementor-element-311f9be e-con-full e-flex e-con e-child\" data-id=\"311f9be\" data-element_type=\"container\">\n\t\t\t\t<div class=\"elementor-element elementor-element-238467f elementor-widget elementor-widget-heading\" data-id=\"238467f\" data-element_type=\"widget\" data-widget_type=\"heading.default\">\n\t\t\t\t\t<h2 class=\"elementor-heading-title elementor-size-default\">Miembro del Gremio de Constructores\n<\/h2>\t\t\t\t<\/div>\n\t\t\t\t<div class=\"elementor-element elementor-element-f150ddc elementor-widget elementor-widget-text-editor\" data-id=\"f150ddc\" data-element_type=\"widget\" data-widget_type=\"text-editor.default\">\n\t\t\t\t\t\t\t\t\t<p><strong data-start=\"180\" data-end=\"274\">Xavi Tany\u00e0 Serveis Integrals est\u00e1 agremiado en el Gremio de Constructores de Sabadell y Comarca.<\/strong><br data-start=\"274\" data-end=\"277\" \/>Esta afiliaci\u00f3n refleja nuestro compromiso con la calidad, profesionalidad y sector de la construcci\u00f3n.<\/p>\t\t\t\t\t\t\t\t<\/div>\n\t\t\t\t<\/div>\n\t\t<div class=\"elementor-element elementor-element-efb5267 e-con-full e-flex e-con e-child\" data-id=\"efb5267\" data-element_type=\"container\">\n\t\t\t\t<div class=\"elementor-element elementor-element-487030a elementor-widget-mobile__width-inherit elementor-widget elementor-widget-image\" data-id=\"487030a\" data-element_type=\"widget\" data-widget_type=\"image.default\">\n\t\t\t\t\t\t\t\t\t\t\t\t\t\t\t<img fetchpriority=\"high\" decoding=\"async\" width=\"341\" height=\"228\" src=\"https:\/\/xavitanyaserveisintegrals.com\/wp-content\/uploads\/2025\/04\/imagen_2025-04-14_153337162-e1745498500952.png\" class=\"attachment-full size-full wp-image-646\" alt=\"\" srcset=\"https:\/\/xavitanyaserveisintegrals.com\/wp-content\/uploads\/2025\/04\/imagen_2025-04-14_153337162-e1745498500952.png 341w, https:\/\/xavitanyaserveisintegrals.com\/wp-content\/uploads\/2025\/04\/imagen_2025-04-14_153337162-e1745498500952-300x201.png 300w\" sizes=\"(max-width: 341px) 100vw, 341px\" \/>\t\t\t\t\t\t\t\t\t\t\t\t\t\t\t<\/div>\n\t\t\t\t<\/div>\n\t\t\t\t\t<\/div>\n\t\t\t\t<\/div>\n\t\t<div class=\"elementor-element elementor-element-fb1a159 e-flex e-con-boxed e-con e-parent\" data-id=\"fb1a159\" data-element_type=\"container\" data-settings=\"{&quot;background_background&quot;:&quot;classic&quot;}\">\n\t\t\t\t\t<div class=\"e-con-inner\">\n\t\t<div class=\"elementor-element elementor-element-11449b5 e-con-full e-flex e-con e-child\" data-id=\"11449b5\" data-element_type=\"container\">\n\t\t\t\t<div class=\"elementor-element elementor-element-173bcff elementor-widget elementor-widget-heading\" data-id=\"173bcff\" data-element_type=\"widget\" data-widget_type=\"heading.default\">\n\t\t\t\t\t<h2 class=\"elementor-heading-title elementor-size-default\">Contamos con un equipo industrial calificado y experto\n<\/h2>\t\t\t\t<\/div>\n\t\t\t\t<div class=\"elementor-element elementor-element-9c980b3 elementor-widget elementor-widget-text-editor\" data-id=\"9c980b3\" data-element_type=\"widget\" data-widget_type=\"text-editor.default\">\n\t\t\t\t\t\t\t\t\t<p><span style=\"font-weight: 400;\">Nuestro \u00e9xito se basa en la confianza que nuestros clientes depositan en nosotros, as\u00ed como en nuestra capacidad de adaptarnos a todo tipo de proyectos, grandes o peque\u00f1os. Ofrecemos soluciones personalizadas y de calidad, trabajando con materiales de primeras marcas y con un equipo de industriales altamente calificados que garantizan la mejor ejecuci\u00f3n de cada trabajo.<\/span><\/p>\t\t\t\t\t\t\t\t<\/div>\n\t\t\t\t<\/div>\n\t\t\t\t<div class=\"elementor-element elementor-element-c31ea69 elementor-widget elementor-widget-button\" data-id=\"c31ea69\" data-element_type=\"widget\" data-widget_type=\"button.default\">\n\t\t\t\t\t\t\t\t\t\t<a class=\"elementor-button elementor-button-link elementor-size-sm\" href=\"https:\/\/xavitanyaserveisintegrals.com\/es\/contacte\/\">\n\t\t\t\t\t\t<span class=\"elementor-button-content-wrapper\">\n\t\t\t\t\t\t\t\t\t<span class=\"elementor-button-text\">Contacto<\/span>\n\t\t\t\t\t<\/span>\n\t\t\t\t\t<\/a>\n\t\t\t\t\t\t\t\t<\/div>\n\t\t\t\t\t<\/div>\n\t\t\t\t<\/div>\n\t\t\t\t<\/div>","protected":false},"excerpt":{"rendered":"<p>Servei de manteniment general: Solucions completes per al bon funcionament Som experts en manteniment general per a comunitats de ve\u00efns, empreses i particulars. Oferim serveis professionals i adaptats a les necessitats de cada client, per garantir que les teves instal\u00b7lacions, edificis i espais funcionin correctament durant tot l&#8217;any. Manteniment professional d&#8217;instal\u00b7lacions i sistemes Ens encarreguem [&hellip;]<\/p>","protected":false},"author":2,"featured_media":0,"parent":0,"menu_order":0,"comment_status":"closed","ping_status":"closed","template":"elementor_header_footer","meta":{"footnotes":""},"class_list":["post-20","page","type-page","status-publish","hentry"],"_links":{"self":[{"href":"https:\/\/xavitanyaserveisintegrals.com\/es\/wp-json\/wp\/v2\/pages\/20","targetHints":{"allow":["GET"]}}],"collection":[{"href":"https:\/\/xavitanyaserveisintegrals.com\/es\/wp-json\/wp\/v2\/pages"}],"about":[{"href":"https:\/\/xavitanyaserveisintegrals.com\/es\/wp-json\/wp\/v2\/types\/page"}],"author":[{"embeddable":true,"href":"https:\/\/xavitanyaserveisintegrals.com\/es\/wp-json\/wp\/v2\/users\/2"}],"replies":[{"embeddable":true,"href":"https:\/\/xavitanyaserveisintegrals.com\/es\/wp-json\/wp\/v2\/comments?post=20"}],"version-history":[{"count":37,"href":"https:\/\/xavitanyaserveisintegrals.com\/es\/wp-json\/wp\/v2\/pages\/20\/revisions"}],"predecessor-version":[{"id":1351,"href":"https:\/\/xavitanyaserveisintegrals.com\/es\/wp-json\/wp\/v2\/pages\/20\/revisions\/1351"}],"wp:attachment":[{"href":"https:\/\/xavitanyaserveisintegrals.com\/es\/wp-json\/wp\/v2\/media?parent=20"}],"curies":[{"name":"wp","href":"https:\/\/api.w.org\/{rel}","templated":true}]}}